{"id":1651,"date":"2016-11-15T19:18:51","date_gmt":"2016-11-15T16:18:51","guid":{"rendered":"http:\/\/www.restaurators.lv\/en\/?page_id=1651"},"modified":"2016-11-15T19:36:04","modified_gmt":"2016-11-15T16:36:04","slug":"acknowledgements","status":"publish","type":"page","link":"http:\/\/www.restaurators.lv\/en\/awards\/acknowledgements\/","title":{"rendered":"Acknowledgements"},"content":{"rendered":"<p style=\"text-align: center;\">[LBS id=1650]<\/p>\n<p style=\"text-align: center;\"><a href=\"http:\/\/www.restaurators.lv\/en\/wp-content\/uploads\/2016\/11\/2016-Acknowledgement-from-Latvian-Evangelical-Lutheran-Church-and-Riga-Dome-Administration-8103.jpg\" rel=\"attachment wp-att-1649\"><img loading=\"lazy\" decoding=\"async\" class=\"aligncenter size-large wp-image-1649\" src=\"http:\/\/www.restaurators.lv\/en\/wp-content\/uploads\/2016\/11\/2016-Acknowledgement-from-Latvian-Evangelical-Lutheran-Church-and-Riga-Dome-Administration-8103-800x533.jpg\" alt=\"2016-acknowledgement-from-latvian-evangelical-lutheran-church-and-riga-dome-administration-8103\" width=\"800\" height=\"533\" srcset=\"http:\/\/www.restaurators.lv\/en\/wp-content\/uploads\/2016\/11\/2016-Acknowledgement-from-Latvian-Evangelical-Lutheran-Church-and-Riga-Dome-Administration-8103-800x533.jpg 800w, http:\/\/www.restaurators.lv\/en\/wp-content\/uploads\/2016\/11\/2016-Acknowledgement-from-Latvian-Evangelical-Lutheran-Church-and-Riga-Dome-Administration-8103-600x400.jpg 600w, http:\/\/www.restaurators.lv\/en\/wp-content\/uploads\/2016\/11\/2016-Acknowledgement-from-Latvian-Evangelical-Lutheran-Church-and-Riga-Dome-Administration-8103-225x150.jpg 225w, http:\/\/www.restaurators.lv\/en\/wp-content\/uploads\/2016\/11\/2016-Acknowledgement-from-Latvian-Evangelical-Lutheran-Church-and-Riga-Dome-Administration-8103-150x100.jpg 150w, http:\/\/www.restaurators.lv\/en\/wp-content\/uploads\/2016\/11\/2016-Acknowledgement-from-Latvian-Evangelical-Lutheran-Church-and-Riga-Dome-Administration-8103.jpg 1800w\" sizes=\"(max-width: 800px) 100vw, 800px\" \/><\/a><\/p>\n<p style=\"text-align: center;\"><strong>Latvian Evangelical Lutheran Church<\/strong> and the <strong>Riga Dome Administration<\/strong> acknowledgement to AS \u201cB\u016bvuz\u0146\u0113mums Restaurators\u201d for the contribution into the project \u201cPreservation and\u00a0Improvement of Socioeconomic Potential of <strong>Riga Dome<\/strong>,<br \/>\n2nd stage: Riga Dome Tower Reinforcement\u201d<\/p>\n<p style=\"text-align: center;\">Riga, 27 January 2016, Riga Dome, 6 Herdera Square.<\/p>\n<p style=\"text-align: center;\"><em>Acknowledgement is signed by Latvian Evangelical Lutheran Church archbishop <strong>Janis Vanags<\/strong> (J\u0101nis Vanags)<br \/>\n<\/em><em>and Riga Dome dean <strong>Elijs Godins<\/strong> (Elijs Godi\u0146\u0161).<\/em><\/p>\n<p style=\"text-align: center;\">***<\/p>\n<p style=\"text-align: center;\"><a href=\"http:\/\/www.restaurators.lv\/en\/wp-content\/uploads\/2016\/11\/2016-Acknowledgement-from-Arcers-8098.jpg\" rel=\"attachment wp-att-1648\"><img loading=\"lazy\" decoding=\"async\" class=\"aligncenter size-large wp-image-1648\" src=\"http:\/\/www.restaurators.lv\/en\/wp-content\/uploads\/2016\/11\/2016-Acknowledgement-from-Arcers-8098-800x533.jpg\" alt=\"2016-acknowledgement-from-arcers-8098\" width=\"800\" height=\"533\" srcset=\"http:\/\/www.restaurators.lv\/en\/wp-content\/uploads\/2016\/11\/2016-Acknowledgement-from-Arcers-8098-800x533.jpg 800w, http:\/\/www.restaurators.lv\/en\/wp-content\/uploads\/2016\/11\/2016-Acknowledgement-from-Arcers-8098-600x400.jpg 600w, http:\/\/www.restaurators.lv\/en\/wp-content\/uploads\/2016\/11\/2016-Acknowledgement-from-Arcers-8098-225x150.jpg 225w, http:\/\/www.restaurators.lv\/en\/wp-content\/uploads\/2016\/11\/2016-Acknowledgement-from-Arcers-8098-150x100.jpg 150w, http:\/\/www.restaurators.lv\/en\/wp-content\/uploads\/2016\/11\/2016-Acknowledgement-from-Arcers-8098.jpg 1800w\" sizes=\"(max-width: 800px) 100vw, 800px\" \/><\/a><\/p>\n<p style=\"text-align: center;\"><strong>SIA \u201cAr\u010ders\u201d<\/strong> acknowledgement to AS \u201cB\u016bvuz\u0146\u0113mums Restaurators\u201d<br \/>\nfor professional co-operation in the process of restoration and reinforcement of the <strong>Riga Dome tower<\/strong><\/p>\n<p style=\"text-align: center;\">Riga, 26 May 2016.<\/p>\n<p style=\"text-align: center;\"><em>Acknoweldgement is signed by SIA \u201cAr\u010ders\u201d owners <strong>Armands Garkans<\/strong> (Armands Gark\u0101ns) and <strong>Kaspars Garkanis<\/strong>,<br \/>\nand also Chairman of the Board of SIA \u201cAr\u010ders\u201d <strong>Janis Markulis<\/strong> (J\u0101nis Markulis).<\/em><\/p>\n<p style=\"text-align: center;\">***<\/p>\n<p style=\"text-align: center;\"><a href=\"http:\/\/www.restaurators.lv\/en\/wp-content\/uploads\/2016\/11\/2015-Acknowledgement-from-Vitols-Fund-8110.jpg\" rel=\"attachment wp-att-1647\"><img loading=\"lazy\" decoding=\"async\" class=\"aligncenter size-large wp-image-1647\" src=\"http:\/\/www.restaurators.lv\/en\/wp-content\/uploads\/2016\/11\/2015-Acknowledgement-from-Vitols-Fund-8110-800x533.jpg\" alt=\"2015-acknowledgement-from-vitols-fund-8110\" width=\"800\" height=\"533\" srcset=\"http:\/\/www.restaurators.lv\/en\/wp-content\/uploads\/2016\/11\/2015-Acknowledgement-from-Vitols-Fund-8110-800x533.jpg 800w, http:\/\/www.restaurators.lv\/en\/wp-content\/uploads\/2016\/11\/2015-Acknowledgement-from-Vitols-Fund-8110-600x400.jpg 600w, http:\/\/www.restaurators.lv\/en\/wp-content\/uploads\/2016\/11\/2015-Acknowledgement-from-Vitols-Fund-8110-225x150.jpg 225w, http:\/\/www.restaurators.lv\/en\/wp-content\/uploads\/2016\/11\/2015-Acknowledgement-from-Vitols-Fund-8110-150x100.jpg 150w, http:\/\/www.restaurators.lv\/en\/wp-content\/uploads\/2016\/11\/2015-Acknowledgement-from-Vitols-Fund-8110.jpg 1800w\" sizes=\"(max-width: 800px) 100vw, 800px\" \/><\/a><\/p>\n<p style=\"text-align: center;\"><strong>\u201cV\u012btols Fund\u201d<\/strong> acknowledgement to AS \u201cB\u016bvuz\u0146\u0113mums Restaurators\u201d team for donation for a scholarship.<\/p>\n<p style=\"text-align: center;\">9 June 2015.<\/p>\n<p style=\"text-align: center;\"><em>Acknowledgement is signed by \u201cV\u012btols Fund\u201d Chairman of Council <strong>Vilis Vitols<\/strong> (Vilis V\u012btols)<br \/>\nand \u201cV\u012btols Fund\u201d Chairman of Board <strong>Vita Dike<\/strong> (Vita Di\u0137e).<\/em><\/p>\n<p style=\"text-align: center;\">***<\/p>\n<p style=\"text-align: center;\"><a href=\"http:\/\/www.restaurators.lv\/en\/wp-content\/uploads\/2016\/11\/2002-Certificate-of-acknowledgement-from-Latvian-Association-of-Civil-Engineers-8079.jpg\" rel=\"attachment wp-att-1646\"><img loading=\"lazy\" decoding=\"async\" class=\"aligncenter size-large wp-image-1646\" src=\"http:\/\/www.restaurators.lv\/en\/wp-content\/uploads\/2016\/11\/2002-Certificate-of-acknowledgement-from-Latvian-Association-of-Civil-Engineers-8079-800x533.jpg\" alt=\"2002-certificate-of-acknowledgement-from-latvian-association-of-civil-engineers-8079\" width=\"800\" height=\"533\" srcset=\"http:\/\/www.restaurators.lv\/en\/wp-content\/uploads\/2016\/11\/2002-Certificate-of-acknowledgement-from-Latvian-Association-of-Civil-Engineers-8079-800x533.jpg 800w, http:\/\/www.restaurators.lv\/en\/wp-content\/uploads\/2016\/11\/2002-Certificate-of-acknowledgement-from-Latvian-Association-of-Civil-Engineers-8079-600x400.jpg 600w, http:\/\/www.restaurators.lv\/en\/wp-content\/uploads\/2016\/11\/2002-Certificate-of-acknowledgement-from-Latvian-Association-of-Civil-Engineers-8079-225x150.jpg 225w, http:\/\/www.restaurators.lv\/en\/wp-content\/uploads\/2016\/11\/2002-Certificate-of-acknowledgement-from-Latvian-Association-of-Civil-Engineers-8079-150x100.jpg 150w, http:\/\/www.restaurators.lv\/en\/wp-content\/uploads\/2016\/11\/2002-Certificate-of-acknowledgement-from-Latvian-Association-of-Civil-Engineers-8079.jpg 1800w\" sizes=\"(max-width: 800px) 100vw, 800px\" \/><\/a><\/p>\n<p style=\"text-align: center;\">Certificate of acknowledgement from <strong>Latvian Association of Civil Engineers<\/strong> to <strong><a href=\"http:\/\/www.restaurators.lv\/en\/2016\/09\/06\/valdis-uzarins-gets-the-grand-prize-of-construction-industry\/\">Valdis Uzarins<\/a><\/strong> (Valdis Uzari\u0146\u0161)<br \/>\nfor achievements in the construction of the\u00a0the best object\u00a0of the year 2001 \u2013 <strong>Social Services building<\/strong>.<\/p>\n<p style=\"text-align: center;\">Riga, 27 April 2002.<\/p>\n<p style=\"text-align: center;\">Object is located in Riga, 3 Vidrizu Street.<\/p>\n<p style=\"text-align: center;\"><em>Acknowledgement is signed by Chairman of Latvian Association of Civil Engineers <strong>Ilgvars Niedols<\/strong>.<\/em><\/p>\n<p style=\"text-align: center;\">***<\/p>\n<p style=\"text-align: center;\"><a href=\"http:\/\/www.restaurators.lv\/en\/wp-content\/uploads\/2016\/11\/2000-Restoration-Acknowledgements-from-Riga-municipality-House-of-Blackheads-8095.jpg\" rel=\"attachment wp-att-1645\"><img loading=\"lazy\" decoding=\"async\" class=\"aligncenter size-large wp-image-1645\" src=\"http:\/\/www.restaurators.lv\/en\/wp-content\/uploads\/2016\/11\/2000-Restoration-Acknowledgements-from-Riga-municipality-House-of-Blackheads-8095-800x533.jpg\" alt=\"2000-restoration-acknowledgements-from-riga-municipality-house-of-blackheads-8095\" width=\"800\" height=\"533\" srcset=\"http:\/\/www.restaurators.lv\/en\/wp-content\/uploads\/2016\/11\/2000-Restoration-Acknowledgements-from-Riga-municipality-House-of-Blackheads-8095-800x533.jpg 800w, http:\/\/www.restaurators.lv\/en\/wp-content\/uploads\/2016\/11\/2000-Restoration-Acknowledgements-from-Riga-municipality-House-of-Blackheads-8095-600x400.jpg 600w, http:\/\/www.restaurators.lv\/en\/wp-content\/uploads\/2016\/11\/2000-Restoration-Acknowledgements-from-Riga-municipality-House-of-Blackheads-8095-225x150.jpg 225w, http:\/\/www.restaurators.lv\/en\/wp-content\/uploads\/2016\/11\/2000-Restoration-Acknowledgements-from-Riga-municipality-House-of-Blackheads-8095-150x100.jpg 150w, http:\/\/www.restaurators.lv\/en\/wp-content\/uploads\/2016\/11\/2000-Restoration-Acknowledgements-from-Riga-municipality-House-of-Blackheads-8095.jpg 1800w\" sizes=\"(max-width: 800px) 100vw, 800px\" \/><\/a><\/p>\n<p style=\"text-align: center;\"><strong>Riga municipality<\/strong> acknowledgement to AS \u201cB\u016bvuz\u0146\u0113mums Restaurators\u201d<br \/>\nfor honest work during restoration of <strong>House of Blackheads<\/strong>.<\/p>\n<p style=\"text-align: center;\">Object is located in Riga, Ratslaukums 7.<\/p>\n<p style=\"text-align: center;\"><em>Acknowledgement is signed by Chairman of Riga municipality <strong>Andris Berzins<\/strong> (Andris B\u0113rzi\u0146\u0161)<br \/>\nand head of SIA \u201cR\u012bgas nami\u201d <strong>Andris Lacis<\/strong> (Andris L\u0101cis).<\/em><\/p>\n","protected":false},"excerpt":{"rendered":"<p>[LBS id=1650] Latvian Evangelical Lutheran Church and the Riga Dome Administration acknowledgement to AS \u201cB\u016bvuz\u0146\u0113mums Restaurators\u201d for the contribution into the project \u201cPreservation and\u00a0Improvement of Socioeconomic Potential of Riga Dome, 2nd stage: Riga Dome Tower Reinforcement\u201d Riga, 27 January 2016, Riga Dome, 6 Herdera Square. Acknowledgement is signed by Latvian Evangelical Lutheran Church archbishop Janis\u2026<\/p>\n<p class=\"continue-reading-button\"> <a class=\"continue-reading-link\" href=\"http:\/\/www.restaurators.lv\/en\/awards\/acknowledgements\/\">Continue reading<i class=\"crycon-right-dir\"><\/i><\/a><\/p>\n","protected":false},"author":2,"featured_media":0,"parent":1640,"menu_order":0,"comment_status":"closed","ping_status":"closed","template":"","meta":{"footnotes":""},"_links":{"self":[{"href":"http:\/\/www.restaurators.lv\/en\/wp-json\/wp\/v2\/pages\/1651"}],"collection":[{"href":"http:\/\/www.restaurators.lv\/en\/wp-json\/wp\/v2\/pages"}],"about":[{"href":"http:\/\/www.restaurators.lv\/en\/wp-json\/wp\/v2\/types\/page"}],"author":[{"embeddable":true,"href":"http:\/\/www.restaurators.lv\/en\/wp-json\/wp\/v2\/users\/2"}],"replies":[{"embeddable":true,"href":"http:\/\/www.restaurators.lv\/en\/wp-json\/wp\/v2\/comments?post=1651"}],"version-history":[{"count":9,"href":"http:\/\/www.restaurators.lv\/en\/wp-json\/wp\/v2\/pages\/1651\/revisions"}],"predecessor-version":[{"id":1660,"href":"http:\/\/www.restaurators.lv\/en\/wp-json\/wp\/v2\/pages\/1651\/revisions\/1660"}],"up":[{"embeddable":true,"href":"http:\/\/www.restaurators.lv\/en\/wp-json\/wp\/v2\/pages\/1640"}],"wp:attachment":[{"href":"http:\/\/www.restaurators.lv\/en\/wp-json\/wp\/v2\/media?parent=1651"}],"curies":[{"name":"wp","href":"https:\/\/api.w.org\/{rel}","templated":true}]}}