{"id":1732,"date":"2017-02-28T17:26:07","date_gmt":"2017-02-28T14:26:07","guid":{"rendered":"http:\/\/www.restaurators.lv\/en\/?page_id=1732"},"modified":"2025-04-02T17:10:33","modified_gmt":"2025-04-02T14:10:33","slug":"quality-environment-and-labour-protection-certificates","status":"publish","type":"page","link":"http:\/\/www.restaurators.lv\/en\/quality-environment-and-labour-protection-policy\/quality-environment-and-labour-protection-certificates\/","title":{"rendered":"Quality, Environment and Labour Protection Certificates"},"content":{"rendered":"<p style=\"text-align: justify;\">AS \u201cB\u016bvuz\u0146\u0113mums Restaurators\u201d received a quality management system certificate, a certificate of the labour safety management system and an environmental management system certificate. All the three certificates can be seen below.<\/p>\n<p style=\"text-align: center;\"><a href=\"http:\/\/www.restaurators.lv\/en\/wp-content\/uploads\/2025\/04\/ISO-9001_Certificate_ENG_2025-scaled.jpg\" target=\"_blank\" rel=\"noopener\"><img loading=\"lazy\" decoding=\"async\" class=\"aligncenter wp-image-2489 size-large\" src=\"http:\/\/www.restaurators.lv\/en\/wp-content\/uploads\/2025\/04\/ISO-9001_Certificate_ENG_2025-566x800.jpg\" alt=\"\" width=\"566\" height=\"800\" srcset=\"http:\/\/www.restaurators.lv\/en\/wp-content\/uploads\/2025\/04\/ISO-9001_Certificate_ENG_2025-566x800.jpg 566w, http:\/\/www.restaurators.lv\/en\/wp-content\/uploads\/2025\/04\/ISO-9001_Certificate_ENG_2025-424x600.jpg 424w, http:\/\/www.restaurators.lv\/en\/wp-content\/uploads\/2025\/04\/ISO-9001_Certificate_ENG_2025-1086x1536.jpg 1086w, http:\/\/www.restaurators.lv\/en\/wp-content\/uploads\/2025\/04\/ISO-9001_Certificate_ENG_2025-1448x2048.jpg 1448w, http:\/\/www.restaurators.lv\/en\/wp-content\/uploads\/2025\/04\/ISO-9001_Certificate_ENG_2025-106x150.jpg 106w, http:\/\/www.restaurators.lv\/en\/wp-content\/uploads\/2025\/04\/ISO-9001_Certificate_ENG_2025-scaled.jpg 1811w\" sizes=\"(max-width: 566px) 100vw, 566px\" \/><\/a><em>(Quality management system certificate)<\/em><\/p>\n<p style=\"text-align: center;\">***<\/p>\n<p style=\"text-align: center;\"><a href=\"http:\/\/www.restaurators.lv\/en\/wp-content\/uploads\/2025\/04\/ISO-45001_Certificate_ENG_2025-scaled.jpg\" target=\"_blank\" rel=\"noopener\"><img loading=\"lazy\" decoding=\"async\" class=\"aligncenter wp-image-2490 size-large\" src=\"http:\/\/www.restaurators.lv\/en\/wp-content\/uploads\/2025\/04\/ISO-45001_Certificate_ENG_2025-566x800.jpg\" alt=\"\" width=\"566\" height=\"800\" srcset=\"http:\/\/www.restaurators.lv\/en\/wp-content\/uploads\/2025\/04\/ISO-45001_Certificate_ENG_2025-566x800.jpg 566w, http:\/\/www.restaurators.lv\/en\/wp-content\/uploads\/2025\/04\/ISO-45001_Certificate_ENG_2025-424x600.jpg 424w, http:\/\/www.restaurators.lv\/en\/wp-content\/uploads\/2025\/04\/ISO-45001_Certificate_ENG_2025-1086x1536.jpg 1086w, http:\/\/www.restaurators.lv\/en\/wp-content\/uploads\/2025\/04\/ISO-45001_Certificate_ENG_2025-1448x2048.jpg 1448w, http:\/\/www.restaurators.lv\/en\/wp-content\/uploads\/2025\/04\/ISO-45001_Certificate_ENG_2025-106x150.jpg 106w, http:\/\/www.restaurators.lv\/en\/wp-content\/uploads\/2025\/04\/ISO-45001_Certificate_ENG_2025-scaled.jpg 1811w\" sizes=\"(max-width: 566px) 100vw, 566px\" \/><\/a><em>(Labour safety management system certificate)<\/em><\/p>\n<p style=\"text-align: center;\">***<\/p>\n<p style=\"text-align: center;\"><a href=\"http:\/\/www.restaurators.lv\/en\/wp-content\/uploads\/2025\/04\/ISO-14001_Certificate_ENG_2025-scaled.jpg\" target=\"_blank\" rel=\"noopener\"><img loading=\"lazy\" decoding=\"async\" class=\"aligncenter wp-image-2491 size-large\" src=\"http:\/\/www.restaurators.lv\/en\/wp-content\/uploads\/2025\/04\/ISO-14001_Certificate_ENG_2025-566x800.jpg\" alt=\"\" width=\"566\" height=\"800\" srcset=\"http:\/\/www.restaurators.lv\/en\/wp-content\/uploads\/2025\/04\/ISO-14001_Certificate_ENG_2025-566x800.jpg 566w, http:\/\/www.restaurators.lv\/en\/wp-content\/uploads\/2025\/04\/ISO-14001_Certificate_ENG_2025-424x600.jpg 424w, http:\/\/www.restaurators.lv\/en\/wp-content\/uploads\/2025\/04\/ISO-14001_Certificate_ENG_2025-1086x1536.jpg 1086w, http:\/\/www.restaurators.lv\/en\/wp-content\/uploads\/2025\/04\/ISO-14001_Certificate_ENG_2025-1448x2048.jpg 1448w, http:\/\/www.restaurators.lv\/en\/wp-content\/uploads\/2025\/04\/ISO-14001_Certificate_ENG_2025-106x150.jpg 106w, http:\/\/www.restaurators.lv\/en\/wp-content\/uploads\/2025\/04\/ISO-14001_Certificate_ENG_2025-scaled.jpg 1811w\" sizes=\"(max-width: 566px) 100vw, 566px\" \/><\/a><em>(Environmental management system certificate)<\/em><\/p>\n<p style=\"text-align: center;\">***<\/p>\n","protected":false},"excerpt":{"rendered":"<p>AS \u201cB\u016bvuz\u0146\u0113mums Restaurators\u201d received a quality management system certificate, a certificate of the labour safety management system and an environmental management system certificate. All the three certificates can be seen below. (Quality management system certificate) *** (Labour safety management system certificate) *** (Environmental management system certificate) ***<\/p>\n<p class=\"continue-reading-button\"> <a class=\"continue-reading-link\" href=\"http:\/\/www.restaurators.lv\/en\/quality-environment-and-labour-protection-policy\/quality-environment-and-labour-protection-certificates\/\">Continue reading<i class=\"crycon-right-dir\"><\/i><\/a><\/p>\n","protected":false},"author":2,"featured_media":0,"parent":1723,"menu_order":0,"comment_status":"closed","ping_status":"closed","template":"","meta":{"footnotes":""},"_links":{"self":[{"href":"http:\/\/www.restaurators.lv\/en\/wp-json\/wp\/v2\/pages\/1732"}],"collection":[{"href":"http:\/\/www.restaurators.lv\/en\/wp-json\/wp\/v2\/pages"}],"about":[{"href":"http:\/\/www.restaurators.lv\/en\/wp-json\/wp\/v2\/types\/page"}],"author":[{"embeddable":true,"href":"http:\/\/www.restaurators.lv\/en\/wp-json\/wp\/v2\/users\/2"}],"replies":[{"embeddable":true,"href":"http:\/\/www.restaurators.lv\/en\/wp-json\/wp\/v2\/comments?post=1732"}],"version-history":[{"count":9,"href":"http:\/\/www.restaurators.lv\/en\/wp-json\/wp\/v2\/pages\/1732\/revisions"}],"predecessor-version":[{"id":2495,"href":"http:\/\/www.restaurators.lv\/en\/wp-json\/wp\/v2\/pages\/1732\/revisions\/2495"}],"up":[{"embeddable":true,"href":"http:\/\/www.restaurators.lv\/en\/wp-json\/wp\/v2\/pages\/1723"}],"wp:attachment":[{"href":"http:\/\/www.restaurators.lv\/en\/wp-json\/wp\/v2\/media?parent=1732"}],"curies":[{"name":"wp","href":"https:\/\/api.w.org\/{rel}","templated":true}]}}