{"id":2,"date":"2015-02-03T15:07:10","date_gmt":"2015-02-03T12:07:10","guid":{"rendered":"http:\/\/restaurators.lv\/LAT\/?page_id=2"},"modified":"2016-09-10T11:52:21","modified_gmt":"2016-09-10T08:52:21","slug":"enterprise-history","status":"publish","type":"page","link":"http:\/\/www.restaurators.lv\/en\/enterprise-history\/","title":{"rendered":"Enterprise History"},"content":{"rendered":"<p style=\"text-align: justify;\">AS \u201cB\u016bvuz\u0146\u0113mums Restaurators\u201d is the largest, oldest and most rich in tradition of art restoration enterprise in Latvia, which carried out restoration of almost all significant cultural, historical and architectural sites in the country.<\/p>\n<blockquote>\n<h4 style=\"text-align: left;\"><span style=\"color: #ab7911;\">For over 65 years the main task of the enterprise has been preservation and restoration of cultural monuments of national importance. And the experience of artists and craftsmen, which has been gained in countless objects for all these years, now serves for the implementation of various unique projects and ideas; it is almost inestimable.<\/span><\/h4>\n<\/blockquote>\n<hr \/>\n<p>The company was founded in May 25, 1951 under the original name \u201cIndustrial Workshop of Scientific Restoration\u201d. This name was kept until October 1, 1962, after which a new one was introduced \u2013 \u201cEngineering Design Bureau for Scientific Restoration\u201d (1965). In 1988 it turned into \u201cRestoration Institute\u201d, afterwards &#8211; AS \u201cRestaurators\u201d (1993), until in 2004 it acquired its present name &#8211; AS \u201cB\u016bvuz\u0146\u0113mums Restaurators\u201d <em>(Building company &#8211; Restorer)<\/em>.<\/p>\n<p style=\"text-align: justify;\">AS \u201cB\u016bvuz\u0146\u0113mums Restaurators\u201d is the only construction company in Latvia, which has been working for more than 65 years and is proud of the fact that it did not stop operating during this period, even for a while (despite the change of the political system and other upheavals that could suspend it). During the subsistence of the enterprise, several generations of restorers and builders have changed, however there are those among its employees <strong><a href=\"http:\/\/www.restaurators.lv\/en\/2016\/09\/06\/valdis-uzarins-gets-the-grand-prize-of-construction-industry\/\">who have been working at the company for over 40 years<\/a><\/strong>.<\/p>\n<p><a style=\"text-align: justify;\" href=\"http:\/\/www.restaurators.lv\/en\/wp-content\/uploads\/2015\/08\/RP-Dekori-middle-001.jpg\"><img loading=\"lazy\" decoding=\"async\" class=\" wp-image-183 aligncenter\" src=\"http:\/\/www.restaurators.lv\/en\/wp-content\/uploads\/2015\/08\/RP-Dekori-middle-001.jpg\" alt=\"R\u012bgas pils dekoru atjauno\u0161ana\" width=\"800\" height=\"533\" srcset=\"http:\/\/www.restaurators.lv\/en\/wp-content\/uploads\/2015\/08\/RP-Dekori-middle-001.jpg 1800w, http:\/\/www.restaurators.lv\/en\/wp-content\/uploads\/2015\/08\/RP-Dekori-middle-001-300x200.jpg 300w, http:\/\/www.restaurators.lv\/en\/wp-content\/uploads\/2015\/08\/RP-Dekori-middle-001-1024x683.jpg 1024w, http:\/\/www.restaurators.lv\/en\/wp-content\/uploads\/2015\/08\/RP-Dekori-middle-001-225x150.jpg 225w, http:\/\/www.restaurators.lv\/en\/wp-content\/uploads\/2015\/08\/RP-Dekori-middle-001-150x100.jpg 150w\" sizes=\"(max-width: 800px) 100vw, 800px\" \/><\/a><\/p>\n","protected":false},"excerpt":{"rendered":"<p>AS \u201cB\u016bvuz\u0146\u0113mums Restaurators\u201d is the largest, oldest and most rich in tradition of art restoration enterprise in Latvia, which carried out restoration of almost all significant cultural, historical and architectural sites in the country. For over 65 years the main task of the enterprise has been preservation and restoration of cultural monuments of national importance.\u2026<\/p>\n<p class=\"continue-reading-button\"> <a class=\"continue-reading-link\" href=\"http:\/\/www.restaurators.lv\/en\/enterprise-history\/\">Continue reading<i class=\"crycon-right-dir\"><\/i><\/a><\/p>\n","protected":false},"author":2,"featured_media":0,"parent":0,"menu_order":1,"comment_status":"closed","ping_status":"closed","template":"","meta":{"footnotes":""},"_links":{"self":[{"href":"http:\/\/www.restaurators.lv\/en\/wp-json\/wp\/v2\/pages\/2"}],"collection":[{"href":"http:\/\/www.restaurators.lv\/en\/wp-json\/wp\/v2\/pages"}],"about":[{"href":"http:\/\/www.restaurators.lv\/en\/wp-json\/wp\/v2\/types\/page"}],"author":[{"embeddable":true,"href":"http:\/\/www.restaurators.lv\/en\/wp-json\/wp\/v2\/users\/2"}],"replies":[{"embeddable":true,"href":"http:\/\/www.restaurators.lv\/en\/wp-json\/wp\/v2\/comments?post=2"}],"version-history":[{"count":38,"href":"http:\/\/www.restaurators.lv\/en\/wp-json\/wp\/v2\/pages\/2\/revisions"}],"predecessor-version":[{"id":1491,"href":"http:\/\/www.restaurators.lv\/en\/wp-json\/wp\/v2\/pages\/2\/revisions\/1491"}],"wp:attachment":[{"href":"http:\/\/www.restaurators.lv\/en\/wp-json\/wp\/v2\/media?parent=2"}],"curies":[{"name":"wp","href":"https:\/\/api.w.org\/{rel}","templated":true}]}}