{"id":336,"date":"2015-10-12T14:55:21","date_gmt":"2015-10-12T11:55:21","guid":{"rendered":"http:\/\/www.restaurators.lv\/en\/?page_id=336"},"modified":"2022-08-08T15:21:08","modified_gmt":"2022-08-08T12:21:08","slug":"contacts","status":"publish","type":"page","link":"http:\/\/www.restaurators.lv\/en\/contacts\/","title":{"rendered":"Contacts"},"content":{"rendered":"<h4 style=\"text-align: center;\"><\/h4>\n<h4 style=\"text-align: center;\"><strong>AS \u201eB\u016bvuz\u0146\u0113mums Restaurators\u201d<\/strong><\/h4>\n<hr \/>\n<p align=\"center\">Address: Riga, 1 Buru Street, LV-1004 (R\u012bga, Buru iela 1, LV-1004)<br \/>\nContact phone numbers: +371 26604111 and +371 67611910<br \/>\nFax: +371 67612898<br \/>\nE-mail: <a href=\"mailto:info@restaurators.lv\" target=\"_blank\">info@restaurators.lv<\/a><br \/>\nInternet: <a href=\"http:\/\/www.restaurators.lv\/\">www.restaurators.lv<\/a><\/p>\n<p align=\"center\">***<\/p>\n<p align=\"center\"><iframe loading=\"lazy\" style=\"border: 0;\" src=\"https:\/\/www.google.com\/maps\/embed?pb=!1m18!1m12!1m3!1d2177.016295377445!2d24.097660515976678!3d56.93138748088501!2m3!1f0!2f0!3f0!3m2!1i1024!2i768!4f13.1!3m3!1m2!1s0x46eed0325f28c295%3A0x3a36b5a381a497ce!2sBuru%20iela%201%2C%20Zemgales%20priek%C5%A1pils%C4%93ta%2C%20R%C4%ABga%2C%20LV-1004!5e0!3m2!1slv!2slv!4v1659960962247!5m2!1slv!2slv\" width=\"600\" height=\"450\" allowfullscreen=\"allowfullscreen\"><\/iframe><\/p>\n","protected":false},"excerpt":{"rendered":"<p>AS \u201eB\u016bvuz\u0146\u0113mums Restaurators\u201d Address: Riga, 1 Buru Street, LV-1004 (R\u012bga, Buru iela 1, LV-1004) Contact phone numbers: +371 26604111 and +371 67611910 Fax: +371 67612898 E-mail: info@restaurators.lv Internet: www.restaurators.lv ***<\/p>\n<p class=\"continue-reading-button\"> <a class=\"continue-reading-link\" href=\"http:\/\/www.restaurators.lv\/en\/contacts\/\">Continue reading<i class=\"crycon-right-dir\"><\/i><\/a><\/p>\n","protected":false},"author":2,"featured_media":0,"parent":0,"menu_order":5,"comment_status":"closed","ping_status":"closed","template":"","meta":{"footnotes":""},"_links":{"self":[{"href":"http:\/\/www.restaurators.lv\/en\/wp-json\/wp\/v2\/pages\/336"}],"collection":[{"href":"http:\/\/www.restaurators.lv\/en\/wp-json\/wp\/v2\/pages"}],"about":[{"href":"http:\/\/www.restaurators.lv\/en\/wp-json\/wp\/v2\/types\/page"}],"author":[{"embeddable":true,"href":"http:\/\/www.restaurators.lv\/en\/wp-json\/wp\/v2\/users\/2"}],"replies":[{"embeddable":true,"href":"http:\/\/www.restaurators.lv\/en\/wp-json\/wp\/v2\/comments?post=336"}],"version-history":[{"count":17,"href":"http:\/\/www.restaurators.lv\/en\/wp-json\/wp\/v2\/pages\/336\/revisions"}],"predecessor-version":[{"id":2467,"href":"http:\/\/www.restaurators.lv\/en\/wp-json\/wp\/v2\/pages\/336\/revisions\/2467"}],"wp:attachment":[{"href":"http:\/\/www.restaurators.lv\/en\/wp-json\/wp\/v2\/media?parent=336"}],"curies":[{"name":"wp","href":"https:\/\/api.w.org\/{rel}","templated":true}]}}