{"id":340,"date":"2015-10-12T15:44:40","date_gmt":"2015-10-12T12:44:40","guid":{"rendered":"http:\/\/www.restaurators.lv\/en\/?page_id=340"},"modified":"2016-04-16T10:20:12","modified_gmt":"2016-04-16T07:20:12","slug":"restoration","status":"publish","type":"page","link":"http:\/\/www.restaurators.lv\/en\/services\/restoration\/","title":{"rendered":"Restoration"},"content":{"rendered":"<p style=\"text-align: justify;\"><a href=\"http:\/\/www.restaurators.lv\/en\/wp-content\/uploads\/2016\/02\/010-Nevas-Aleksandra-baznicas-kupols.jpg\" rel=\"attachment wp-att-951\"><img loading=\"lazy\" decoding=\"async\" class=\"aligncenter wp-image-951\" src=\"http:\/\/www.restaurators.lv\/en\/wp-content\/uploads\/2016\/02\/010-Nevas-Aleksandra-baznicas-kupols.jpg\" alt=\"\u0145evska bazn\u012bcas kupols 010\" width=\"800\" height=\"533\" srcset=\"http:\/\/www.restaurators.lv\/en\/wp-content\/uploads\/2016\/02\/010-Nevas-Aleksandra-baznicas-kupols.jpg 1800w, http:\/\/www.restaurators.lv\/en\/wp-content\/uploads\/2016\/02\/010-Nevas-Aleksandra-baznicas-kupols-300x200.jpg 300w, http:\/\/www.restaurators.lv\/en\/wp-content\/uploads\/2016\/02\/010-Nevas-Aleksandra-baznicas-kupols-1024x683.jpg 1024w, http:\/\/www.restaurators.lv\/en\/wp-content\/uploads\/2016\/02\/010-Nevas-Aleksandra-baznicas-kupols-225x150.jpg 225w, http:\/\/www.restaurators.lv\/en\/wp-content\/uploads\/2016\/02\/010-Nevas-Aleksandra-baznicas-kupols-150x100.jpg 150w\" sizes=\"(max-width: 800px) 100vw, 800px\" \/><\/a><\/p>\n<p style=\"text-align: justify;\">AS \u201cB\u016bvuz\u0146\u0113mums Restaurators\u201d carries out its work basing on the belief that restoration is the recovery of the original look of monuments of architecture, art, history or archaeology, which have been changed or damaged over time. Restoration of the object means its recovery in accordance with the exact data or at least the notion of its pristine condition.<\/p>\n<blockquote>\n<h4><span style=\"color: #ab7911;\">Restoration work methods of the enterprise are based completely on respect for original material, archaeological evidence, original design and authentic documents.<\/span><\/h4>\n<\/blockquote>\n<p style=\"text-align: justify;\">In the field of restoration AS \u201cB\u016bvuz\u0146\u0113mums Restaurators\u201d provides the following services:<\/p>\n<ul>\n<li style=\"text-align: justify;\"><strong>Recovery of the external finishing of buildings<\/strong> &#8211; restoration of the decorative elements of the facade and the historical painting (on the basis of architectural studies and according to historical sources).<\/li>\n<li style=\"text-align: justify;\"><strong>Recovery of interior design<\/strong> &#8211; decorative elements of the walls and ceilings, architectonic study, desalting, priming, painting and graphics restoration, restoration of historical polychrome painting and frescoes of walls and ceilings.<\/li>\n<li style=\"text-align: justify;\"><strong>Decorative sculpture<\/strong> &#8211; restoration or production of decorative elements of facades or interiors.<\/li>\n<li style=\"text-align: justify;\"><strong>Monumental sculpture<\/strong> &#8211; restoration or production of monuments, busts, memorials.<\/li>\n<li style=\"text-align: justify;\"><strong>Production or recovery of forging<\/strong> &#8211; restoration and production of metal forged parts, as well as other specific metal products (caskets, gates, church cockerels, weather vanes, etc.).<\/li>\n<li style=\"text-align: justify;\"><strong>Gilding and restoration of gilding<\/strong> &#8211; all works on gilding with real gold leaf, or the so-called \u201cshlagmetal\u201d.<\/li>\n<li style=\"text-align: justify;\"><strong>Restoration of wooden finish<\/strong> or recovery of other millwork.<\/li>\n<li style=\"text-align: justify;\"><strong>Recovery of temples<\/strong> &#8211; restoration of churches of different denominations in Latvia has been an important specialization of the enterpriseand practice area for many decades.<\/li>\n<\/ul>\n<p style=\"text-align: justify;\"><a href=\"http:\/\/www.restaurators.lv\/en\/wp-content\/uploads\/2016\/02\/002-Nevas-Aleksandra-baznicas-kupols.jpg\"><img loading=\"lazy\" decoding=\"async\" class=\"aligncenter wp-image-797\" src=\"http:\/\/www.restaurators.lv\/en\/wp-content\/uploads\/2015\/11\/003-BR-Komanda-9114-MID.jpg\" alt=\"BR komanda 003\" width=\"800\" height=\"533\" srcset=\"http:\/\/www.restaurators.lv\/en\/wp-content\/uploads\/2015\/11\/003-BR-Komanda-9114-MID.jpg 1800w, http:\/\/www.restaurators.lv\/en\/wp-content\/uploads\/2015\/11\/003-BR-Komanda-9114-MID-300x200.jpg 300w, http:\/\/www.restaurators.lv\/en\/wp-content\/uploads\/2015\/11\/003-BR-Komanda-9114-MID-1024x683.jpg 1024w, http:\/\/www.restaurators.lv\/en\/wp-content\/uploads\/2015\/11\/003-BR-Komanda-9114-MID-225x150.jpg 225w, http:\/\/www.restaurators.lv\/en\/wp-content\/uploads\/2015\/11\/003-BR-Komanda-9114-MID-150x100.jpg 150w\" sizes=\"(max-width: 800px) 100vw, 800px\" \/><\/a><\/p>\n<p style=\"text-align: justify;\">While carrying out restoration works, AS \u201cB\u016bvuz\u0146\u0113mums Restaurators\u201d complies with a number of traditional principles of the brunch. For example, before any work is started, architectonic or artistic research is being carried out in order to create its description (which is being fixed properly later). Masters who are working at the enterprise don\u2019t even accept the idea that the existing historical evidence may be destroyed, falsified or re-created without compliance with its historical look. They are confident that any intervention should be kept to a minimum in the process of high-quality restoration; however, if interference does occur, it is based on firm respect for the aesthetic, historical and cultural heritage. All the materials and methods used by restorers, are necessarily documented, taking into account traditions established in the company since 1951.<\/p>\n<p style=\"text-align: justify;\">[LBS id=961]<\/p>\n<p style=\"text-align: justify;\"><a href=\"http:\/\/www.restaurators.lv\/en\/wp-content\/uploads\/2015\/10\/Opera-Main-Hall-3214-MID.jpg\"><img loading=\"lazy\" decoding=\"async\" class=\"aligncenter wp-image-427\" src=\"http:\/\/www.restaurators.lv\/en\/wp-content\/uploads\/2015\/10\/Opera-Main-Hall-3214-MID.jpg\" alt=\"LNO-009\" width=\"800\" height=\"533\" srcset=\"http:\/\/www.restaurators.lv\/en\/wp-content\/uploads\/2015\/10\/Opera-Main-Hall-3214-MID.jpg 1800w, http:\/\/www.restaurators.lv\/en\/wp-content\/uploads\/2015\/10\/Opera-Main-Hall-3214-MID-300x200.jpg 300w, http:\/\/www.restaurators.lv\/en\/wp-content\/uploads\/2015\/10\/Opera-Main-Hall-3214-MID-1024x683.jpg 1024w, http:\/\/www.restaurators.lv\/en\/wp-content\/uploads\/2015\/10\/Opera-Main-Hall-3214-MID-225x150.jpg 225w, http:\/\/www.restaurators.lv\/en\/wp-content\/uploads\/2015\/10\/Opera-Main-Hall-3214-MID-150x100.jpg 150w\" sizes=\"(max-width: 800px) 100vw, 800px\" \/><\/a>[LBS id=436]<\/p>\n","protected":false},"excerpt":{"rendered":"<p>AS \u201cB\u016bvuz\u0146\u0113mums Restaurators\u201d carries out its work basing on the belief that restoration is the recovery of the original look of monuments of architecture, art, history or archaeology, which have been changed or damaged over time. Restoration of the object means its recovery in accordance with the exact data or at least the notion of\u2026<\/p>\n<p class=\"continue-reading-button\"> <a class=\"continue-reading-link\" href=\"http:\/\/www.restaurators.lv\/en\/services\/restoration\/\">Continue reading<i class=\"crycon-right-dir\"><\/i><\/a><\/p>\n","protected":false},"author":2,"featured_media":0,"parent":330,"menu_order":0,"comment_status":"closed","ping_status":"closed","template":"","meta":{"footnotes":""},"_links":{"self":[{"href":"http:\/\/www.restaurators.lv\/en\/wp-json\/wp\/v2\/pages\/340"}],"collection":[{"href":"http:\/\/www.restaurators.lv\/en\/wp-json\/wp\/v2\/pages"}],"about":[{"href":"http:\/\/www.restaurators.lv\/en\/wp-json\/wp\/v2\/types\/page"}],"author":[{"embeddable":true,"href":"http:\/\/www.restaurators.lv\/en\/wp-json\/wp\/v2\/users\/2"}],"replies":[{"embeddable":true,"href":"http:\/\/www.restaurators.lv\/en\/wp-json\/wp\/v2\/comments?post=340"}],"version-history":[{"count":24,"href":"http:\/\/www.restaurators.lv\/en\/wp-json\/wp\/v2\/pages\/340\/revisions"}],"predecessor-version":[{"id":1448,"href":"http:\/\/www.restaurators.lv\/en\/wp-json\/wp\/v2\/pages\/340\/revisions\/1448"}],"up":[{"embeddable":true,"href":"http:\/\/www.restaurators.lv\/en\/wp-json\/wp\/v2\/pages\/330"}],"wp:attachment":[{"href":"http:\/\/www.restaurators.lv\/en\/wp-json\/wp\/v2\/media?parent=340"}],"curies":[{"name":"wp","href":"https:\/\/api.w.org\/{rel}","templated":true}]}}