{"id":342,"date":"2015-10-12T15:45:05","date_gmt":"2015-10-12T12:45:05","guid":{"rendered":"http:\/\/www.restaurators.lv\/en\/?page_id=342"},"modified":"2016-04-16T08:07:06","modified_gmt":"2016-04-16T05:07:06","slug":"renovation-and-reconstruction","status":"publish","type":"page","link":"http:\/\/www.restaurators.lv\/en\/services\/renovation-and-reconstruction\/","title":{"rendered":"Renovation and Reconstruction"},"content":{"rendered":"<p style=\"text-align: justify;\"><a href=\"http:\/\/www.restaurators.lv\/en\/wp-content\/uploads\/2016\/02\/MID-004-Tetera-nams-8751.jpg\"><img loading=\"lazy\" decoding=\"async\" class=\"aligncenter wp-image-910\" src=\"http:\/\/www.restaurators.lv\/en\/wp-content\/uploads\/2016\/02\/MID-004-Tetera-nams-8751.jpg\" alt=\"Tetera nams | St\u016bra m\u0101ja\" width=\"800\" height=\"533\" srcset=\"http:\/\/www.restaurators.lv\/en\/wp-content\/uploads\/2016\/02\/MID-004-Tetera-nams-8751.jpg 1800w, http:\/\/www.restaurators.lv\/en\/wp-content\/uploads\/2016\/02\/MID-004-Tetera-nams-8751-300x200.jpg 300w, http:\/\/www.restaurators.lv\/en\/wp-content\/uploads\/2016\/02\/MID-004-Tetera-nams-8751-1024x683.jpg 1024w, http:\/\/www.restaurators.lv\/en\/wp-content\/uploads\/2016\/02\/MID-004-Tetera-nams-8751-225x150.jpg 225w, http:\/\/www.restaurators.lv\/en\/wp-content\/uploads\/2016\/02\/MID-004-Tetera-nams-8751-150x100.jpg 150w\" sizes=\"(max-width: 800px) 100vw, 800px\" \/><\/a><\/p>\n<p style=\"text-align: justify;\">In accordance with customer&#8217;s order AS \u201cB\u016bvuz\u0146\u0113mums Restaurators\u201d performs the following works on construction sites:<\/p>\n<p style=\"text-align: justify;\"><strong>Renovation<\/strong> &#8211; repair (overhaul) of the construction or its part with the aim to restore the building or its part by replacing the worn out load-bearing elements or structures, and the introduction of targeted functional or technical improvements to the site, generally without changing the volume or function of the building or its part. Renovation may also be restoration of building or its part, without affecting the load-bearing constructions, facade of the building or engineering communications of general use. And, of course, except for the restoration of the facade decoration and replacement of windows, replacement of roofing and insulation of facade and roof.<\/p>\n<p><a href=\"http:\/\/www.restaurators.lv\/en\/wp-content\/uploads\/2015\/10\/Opera-Main-Hall-0627-MID.jpg\"><img loading=\"lazy\" decoding=\"async\" class=\"aligncenter wp-image-431\" src=\"http:\/\/www.restaurators.lv\/en\/wp-content\/uploads\/2015\/10\/Opera-Main-Hall-0627-MID.jpg\" alt=\"LNO-005\" width=\"800\" height=\"533\" srcset=\"http:\/\/www.restaurators.lv\/en\/wp-content\/uploads\/2015\/10\/Opera-Main-Hall-0627-MID.jpg 1800w, http:\/\/www.restaurators.lv\/en\/wp-content\/uploads\/2015\/10\/Opera-Main-Hall-0627-MID-300x200.jpg 300w, http:\/\/www.restaurators.lv\/en\/wp-content\/uploads\/2015\/10\/Opera-Main-Hall-0627-MID-1024x683.jpg 1024w, http:\/\/www.restaurators.lv\/en\/wp-content\/uploads\/2015\/10\/Opera-Main-Hall-0627-MID-225x150.jpg 225w, http:\/\/www.restaurators.lv\/en\/wp-content\/uploads\/2015\/10\/Opera-Main-Hall-0627-MID-150x100.jpg 150w\" sizes=\"(max-width: 800px) 100vw, 800px\" \/><\/a><\/p>\n<p style=\"text-align: justify;\"><strong>Reconstruction<\/strong> &#8211; repair (overhaul) of the construction or its part with the aim to restore the building or its part by replacing the worn out load-bearing elements or structures, and the introduction of targeted functional or technical improvements to the site, at the same time changing the volume or function of the building or its part. Reconstruction may also be restoration of building or its part, with the rebuilding of load-bearing structures, the facade of a building or engineering communications of general use. Including restoration of the facade decoration and replacement of windows, replacement of roofing and insulation of facade and roof.<\/p>\n<p><a href=\"http:\/\/www.restaurators.lv\/en\/wp-content\/uploads\/2015\/10\/001-Kolonade-3-0129-MID.jpg\"><img loading=\"lazy\" decoding=\"async\" class=\"aligncenter wp-image-604\" src=\"http:\/\/www.restaurators.lv\/en\/wp-content\/uploads\/2015\/10\/001-Kolonade-3-0129-MID.jpg\" alt=\"Kolon\u0101des fas\u0101de 001\" width=\"800\" height=\"533\" srcset=\"http:\/\/www.restaurators.lv\/en\/wp-content\/uploads\/2015\/10\/001-Kolonade-3-0129-MID.jpg 1800w, http:\/\/www.restaurators.lv\/en\/wp-content\/uploads\/2015\/10\/001-Kolonade-3-0129-MID-300x200.jpg 300w, http:\/\/www.restaurators.lv\/en\/wp-content\/uploads\/2015\/10\/001-Kolonade-3-0129-MID-1024x683.jpg 1024w, http:\/\/www.restaurators.lv\/en\/wp-content\/uploads\/2015\/10\/001-Kolonade-3-0129-MID-225x150.jpg 225w, http:\/\/www.restaurators.lv\/en\/wp-content\/uploads\/2015\/10\/001-Kolonade-3-0129-MID-150x100.jpg 150w\" sizes=\"(max-width: 800px) 100vw, 800px\" \/><\/a>[LBS id=622]<\/p>\n<blockquote>\n<h4><span style=\"color: #ab7911;\">AS \u201cB\u016bvuz\u0146\u0113mums Restaurators\u201d differs from other companies that position themselves as executors of similar works in the market in its specialization \u2013 renewal of \u00a0various historical buildings. This means that the company has enormous experience, which is measured in decades, in implementation of various specific projects for renovation and reconstruction.<\/span><\/h4>\n<\/blockquote>\n<p style=\"text-align: justify;\">Renewal of a historic castle or a hall is considerably more complex than simple repair or overhaul, regardless of whether the repair is performed with the change of volume and functions, or without it. Therefore, usual works on renovation and reconstruction of buildings is a kind of lightweight work task for the enterprise\u2019s construction professionals. Here, however, it should be added that a customer can always count on the fact that these works will be performed by AS \u201cB\u016bvuz\u0146\u0113mums Restaurators\u201d with the same sense of responsibility and attitude that are being embedded in the restoration of historic buildings since 1951.<\/p>\n<p style=\"text-align: justify;\"><a href=\"http:\/\/www.restaurators.lv\/en\/wp-content\/uploads\/2015\/10\/004-Ziemelblazma-2928-MID.jpg\"><img loading=\"lazy\" decoding=\"async\" class=\"aligncenter wp-image-713\" src=\"http:\/\/www.restaurators.lv\/en\/wp-content\/uploads\/2015\/10\/004-Ziemelblazma-2928-MID.jpg\" alt=\"Zieme\u013cbl\u0101zmas Kamerz\u0101le 004\" width=\"800\" height=\"533\" srcset=\"http:\/\/www.restaurators.lv\/en\/wp-content\/uploads\/2015\/10\/004-Ziemelblazma-2928-MID.jpg 1800w, http:\/\/www.restaurators.lv\/en\/wp-content\/uploads\/2015\/10\/004-Ziemelblazma-2928-MID-300x200.jpg 300w, http:\/\/www.restaurators.lv\/en\/wp-content\/uploads\/2015\/10\/004-Ziemelblazma-2928-MID-1024x683.jpg 1024w, http:\/\/www.restaurators.lv\/en\/wp-content\/uploads\/2015\/10\/004-Ziemelblazma-2928-MID-225x150.jpg 225w, http:\/\/www.restaurators.lv\/en\/wp-content\/uploads\/2015\/10\/004-Ziemelblazma-2928-MID-150x100.jpg 150w\" sizes=\"(max-width: 800px) 100vw, 800px\" \/><\/a>[LBS id=717]<\/p>\n<p style=\"text-align: justify;\"><a href=\"http:\/\/www.restaurators.lv\/en\/wp-content\/uploads\/2016\/02\/MID-010-Tetera-nams-8954.jpg\"><img loading=\"lazy\" decoding=\"async\" class=\"aligncenter wp-image-904\" src=\"http:\/\/www.restaurators.lv\/en\/wp-content\/uploads\/2016\/02\/MID-010-Tetera-nams-8954.jpg\" alt=\"Tetera nams | St\u016bra m\u0101ja\" width=\"800\" height=\"533\" srcset=\"http:\/\/www.restaurators.lv\/en\/wp-content\/uploads\/2016\/02\/MID-010-Tetera-nams-8954.jpg 1800w, http:\/\/www.restaurators.lv\/en\/wp-content\/uploads\/2016\/02\/MID-010-Tetera-nams-8954-300x200.jpg 300w, http:\/\/www.restaurators.lv\/en\/wp-content\/uploads\/2016\/02\/MID-010-Tetera-nams-8954-1024x683.jpg 1024w, http:\/\/www.restaurators.lv\/en\/wp-content\/uploads\/2016\/02\/MID-010-Tetera-nams-8954-225x150.jpg 225w, http:\/\/www.restaurators.lv\/en\/wp-content\/uploads\/2016\/02\/MID-010-Tetera-nams-8954-150x100.jpg 150w\" sizes=\"(max-width: 800px) 100vw, 800px\" \/><\/a>[LBS id=914]<\/p>\n<p style=\"text-align: justify;\"><a href=\"http:\/\/www.restaurators.lv\/en\/wp-content\/uploads\/2015\/10\/005-Kolonade-3-0186-MID.jpg\"><img loading=\"lazy\" decoding=\"async\" class=\"aligncenter wp-image-625\" src=\"http:\/\/www.restaurators.lv\/en\/wp-content\/uploads\/2015\/10\/005-Kolonade-3-0186-MID.jpg\" alt=\"Kolon\u0101des veranda 005\" width=\"800\" height=\"533\" srcset=\"http:\/\/www.restaurators.lv\/en\/wp-content\/uploads\/2015\/10\/005-Kolonade-3-0186-MID.jpg 1800w, http:\/\/www.restaurators.lv\/en\/wp-content\/uploads\/2015\/10\/005-Kolonade-3-0186-MID-300x200.jpg 300w, http:\/\/www.restaurators.lv\/en\/wp-content\/uploads\/2015\/10\/005-Kolonade-3-0186-MID-1024x683.jpg 1024w, http:\/\/www.restaurators.lv\/en\/wp-content\/uploads\/2015\/10\/005-Kolonade-3-0186-MID-225x150.jpg 225w, http:\/\/www.restaurators.lv\/en\/wp-content\/uploads\/2015\/10\/005-Kolonade-3-0186-MID-150x100.jpg 150w\" sizes=\"(max-width: 800px) 100vw, 800px\" \/><\/a>[LBS id=630]<\/p>\n","protected":false},"excerpt":{"rendered":"<p>In accordance with customer&#8217;s order AS \u201cB\u016bvuz\u0146\u0113mums Restaurators\u201d performs the following works on construction sites: Renovation &#8211; repair (overhaul) of the construction or its part with the aim to restore the building or its part by replacing the worn out load-bearing elements or structures, and the introduction of targeted functional or technical improvements to the\u2026<\/p>\n<p class=\"continue-reading-button\"> <a class=\"continue-reading-link\" href=\"http:\/\/www.restaurators.lv\/en\/services\/renovation-and-reconstruction\/\">Continue reading<i class=\"crycon-right-dir\"><\/i><\/a><\/p>\n","protected":false},"author":2,"featured_media":0,"parent":330,"menu_order":0,"comment_status":"closed","ping_status":"closed","template":"","meta":{"footnotes":""},"_links":{"self":[{"href":"http:\/\/www.restaurators.lv\/en\/wp-json\/wp\/v2\/pages\/342"}],"collection":[{"href":"http:\/\/www.restaurators.lv\/en\/wp-json\/wp\/v2\/pages"}],"about":[{"href":"http:\/\/www.restaurators.lv\/en\/wp-json\/wp\/v2\/types\/page"}],"author":[{"embeddable":true,"href":"http:\/\/www.restaurators.lv\/en\/wp-json\/wp\/v2\/users\/2"}],"replies":[{"embeddable":true,"href":"http:\/\/www.restaurators.lv\/en\/wp-json\/wp\/v2\/comments?post=342"}],"version-history":[{"count":20,"href":"http:\/\/www.restaurators.lv\/en\/wp-json\/wp\/v2\/pages\/342\/revisions"}],"predecessor-version":[{"id":1404,"href":"http:\/\/www.restaurators.lv\/en\/wp-json\/wp\/v2\/pages\/342\/revisions\/1404"}],"up":[{"embeddable":true,"href":"http:\/\/www.restaurators.lv\/en\/wp-json\/wp\/v2\/pages\/330"}],"wp:attachment":[{"href":"http:\/\/www.restaurators.lv\/en\/wp-json\/wp\/v2\/media?parent=342"}],"curies":[{"name":"wp","href":"https:\/\/api.w.org\/{rel}","templated":true}]}}