{"id":830,"date":"2016-02-15T06:06:00","date_gmt":"2016-02-15T03:06:00","guid":{"rendered":"http:\/\/www.restaurators.lv\/en\/?page_id=830"},"modified":"2016-04-16T08:47:15","modified_gmt":"2016-04-16T05:47:15","slug":"construction-works","status":"publish","type":"page","link":"http:\/\/www.restaurators.lv\/en\/services\/construction-works\/","title":{"rendered":"Construction Works"},"content":{"rendered":"<p style=\"text-align: justify;\"><a href=\"http:\/\/www.restaurators.lv\/en\/wp-content\/uploads\/2015\/09\/Tetera-MID-001.jpg\" rel=\"attachment wp-att-308\"><img loading=\"lazy\" decoding=\"async\" class=\"aligncenter wp-image-308\" src=\"http:\/\/www.restaurators.lv\/en\/wp-content\/uploads\/2015\/09\/Tetera-MID-001.jpg\" alt=\"Tetera nams | St\u016bra m\u0101ja | 001\" width=\"800\" height=\"533\" srcset=\"http:\/\/www.restaurators.lv\/en\/wp-content\/uploads\/2015\/09\/Tetera-MID-001.jpg 1800w, http:\/\/www.restaurators.lv\/en\/wp-content\/uploads\/2015\/09\/Tetera-MID-001-300x200.jpg 300w, http:\/\/www.restaurators.lv\/en\/wp-content\/uploads\/2015\/09\/Tetera-MID-001-1024x683.jpg 1024w, http:\/\/www.restaurators.lv\/en\/wp-content\/uploads\/2015\/09\/Tetera-MID-001-225x150.jpg 225w, http:\/\/www.restaurators.lv\/en\/wp-content\/uploads\/2015\/09\/Tetera-MID-001-150x100.jpg 150w\" sizes=\"(max-width: 800px) 100vw, 800px\" \/><\/a><\/p>\n<p style=\"text-align: justify;\">AS \u201cB\u016bvuz\u0146\u0113mums Restaurators\u201d differs from classical construction enetrprises in its specialization &#8211; implementation of projects on restoration, renovation and reconstruction. Experience that has been accumulated over decades of implementation of these specific and complex projects allows to carry out practically any construction work successfully, simultaneously solving technical problems of any level of complexity.<\/p>\n<p style=\"text-align: justify;\"><a href=\"http:\/\/www.restaurators.lv\/en\/wp-content\/uploads\/2016\/02\/MID-001-Tetera-nams-HDR-001.jpg\" rel=\"attachment wp-att-913\"><img loading=\"lazy\" decoding=\"async\" class=\"aligncenter wp-image-913\" src=\"http:\/\/www.restaurators.lv\/en\/wp-content\/uploads\/2016\/02\/MID-001-Tetera-nams-HDR-001.jpg\" alt=\"Tetera nams | St\u016bra m\u0101ja\" width=\"800\" height=\"533\" srcset=\"http:\/\/www.restaurators.lv\/en\/wp-content\/uploads\/2016\/02\/MID-001-Tetera-nams-HDR-001.jpg 1800w, http:\/\/www.restaurators.lv\/en\/wp-content\/uploads\/2016\/02\/MID-001-Tetera-nams-HDR-001-300x200.jpg 300w, http:\/\/www.restaurators.lv\/en\/wp-content\/uploads\/2016\/02\/MID-001-Tetera-nams-HDR-001-1024x683.jpg 1024w, http:\/\/www.restaurators.lv\/en\/wp-content\/uploads\/2016\/02\/MID-001-Tetera-nams-HDR-001-225x150.jpg 225w, http:\/\/www.restaurators.lv\/en\/wp-content\/uploads\/2016\/02\/MID-001-Tetera-nams-HDR-001-150x100.jpg 150w\" sizes=\"(max-width: 800px) 100vw, 800px\" \/><\/a><\/p>\n<p style=\"text-align: justify;\">Construction process, search for the original construction solutions, working closely with designers, coordination of construction projects at various levels, as well as their commissioning &#8211; this is everyday routine for specialists of AS \u201cB\u016bvuz\u0146\u0113mums Restaurators\u201d.<\/p>\n<blockquote>\n<h4 style=\"text-align: left;\"><span style=\"color: #ab7911;\">There are monuments of culture and art of national importance, historical buildings, churches of various denominations, apartments of presidents and a number of private projects (exclusive apartments, private mansions, manor houses and even castles) among completed projects.<\/span><\/h4>\n<\/blockquote>\n<hr \/>\n<p style=\"text-align: justify;\">Experience that has been accumulated in the field of restoration allows to satisfy easily even the most refined taste by redecorating facades and filling the premises with elements of monumental and decorative sculpture. Style of decorative elements can be both borrowed from the existing estates and castles (their artistic style), and also created with the help of professional sculptors. But that&#8217;s not all. Walls and ceilings can be turned into real works of art, embellished by decorative painting or even frescoes. Such decorative elements as hollow chamfers, cornices and ceiling roses can be gilded, and so the house of the customer will be filled with the spirit of nobility and greatness of ancient castles.<\/p>\n<p style=\"text-align: justify;\"><a href=\"http:\/\/www.restaurators.lv\/en\/wp-content\/uploads\/2016\/04\/010-Doma-kapelu-restauracija-1806-MID.jpg\" rel=\"attachment wp-att-1273\"><img loading=\"lazy\" decoding=\"async\" class=\"aligncenter wp-image-1273\" src=\"http:\/\/www.restaurators.lv\/en\/wp-content\/uploads\/2016\/04\/010-Doma-kapelu-restauracija-1806-MID.jpg\" alt=\"R\u012bgas Doma restaur\u0113t\u0101 Neima\u0146a ieeja 010\" width=\"800\" height=\"533\" srcset=\"http:\/\/www.restaurators.lv\/en\/wp-content\/uploads\/2016\/04\/010-Doma-kapelu-restauracija-1806-MID.jpg 1800w, http:\/\/www.restaurators.lv\/en\/wp-content\/uploads\/2016\/04\/010-Doma-kapelu-restauracija-1806-MID-300x200.jpg 300w, http:\/\/www.restaurators.lv\/en\/wp-content\/uploads\/2016\/04\/010-Doma-kapelu-restauracija-1806-MID-768x512.jpg 768w, http:\/\/www.restaurators.lv\/en\/wp-content\/uploads\/2016\/04\/010-Doma-kapelu-restauracija-1806-MID-1024x683.jpg 1024w, http:\/\/www.restaurators.lv\/en\/wp-content\/uploads\/2016\/04\/010-Doma-kapelu-restauracija-1806-MID-225x150.jpg 225w, http:\/\/www.restaurators.lv\/en\/wp-content\/uploads\/2016\/04\/010-Doma-kapelu-restauracija-1806-MID-150x100.jpg 150w\" sizes=\"(max-width: 800px) 100vw, 800px\" \/><\/a><\/p>\n<p style=\"text-align: justify;\">All these complex works are customary to masters, building professionals and artists of AS \u201cB\u016bvuz\u0146\u0113mums Restaurators\u201d, because they have been engaged in this craft since 1951.<\/p>\n<p style=\"text-align: justify;\"><a href=\"http:\/\/www.restaurators.lv\/en\/wp-content\/uploads\/2016\/04\/011-Kurzemes-apgabaltiesa-1201-MID.jpg\" rel=\"attachment wp-att-1201\"><img loading=\"lazy\" decoding=\"async\" class=\"aligncenter wp-image-1201\" src=\"http:\/\/www.restaurators.lv\/en\/wp-content\/uploads\/2016\/04\/011-Kurzemes-apgabaltiesa-1201-MID.jpg\" alt=\"Kurzemes apgabaltiesas nams 011\" width=\"800\" height=\"533\" srcset=\"http:\/\/www.restaurators.lv\/en\/wp-content\/uploads\/2016\/04\/011-Kurzemes-apgabaltiesa-1201-MID.jpg 1800w, http:\/\/www.restaurators.lv\/en\/wp-content\/uploads\/2016\/04\/011-Kurzemes-apgabaltiesa-1201-MID-300x200.jpg 300w, http:\/\/www.restaurators.lv\/en\/wp-content\/uploads\/2016\/04\/011-Kurzemes-apgabaltiesa-1201-MID-768x512.jpg 768w, http:\/\/www.restaurators.lv\/en\/wp-content\/uploads\/2016\/04\/011-Kurzemes-apgabaltiesa-1201-MID-1024x683.jpg 1024w, http:\/\/www.restaurators.lv\/en\/wp-content\/uploads\/2016\/04\/011-Kurzemes-apgabaltiesa-1201-MID-225x150.jpg 225w, http:\/\/www.restaurators.lv\/en\/wp-content\/uploads\/2016\/04\/011-Kurzemes-apgabaltiesa-1201-MID-150x100.jpg 150w\" sizes=\"(max-width: 800px) 100vw, 800px\" \/><\/a><\/p>\n","protected":false},"excerpt":{"rendered":"<p>AS \u201cB\u016bvuz\u0146\u0113mums Restaurators\u201d differs from classical construction enetrprises in its specialization &#8211; implementation of projects on restoration, renovation and reconstruction. Experience that has been accumulated over decades of implementation of these specific and complex projects allows to carry out practically any construction work successfully, simultaneously solving technical problems of any level of complexity. Construction process,\u2026<\/p>\n<p class=\"continue-reading-button\"> <a class=\"continue-reading-link\" href=\"http:\/\/www.restaurators.lv\/en\/services\/construction-works\/\">Continue reading<i class=\"crycon-right-dir\"><\/i><\/a><\/p>\n","protected":false},"author":2,"featured_media":0,"parent":330,"menu_order":0,"comment_status":"closed","ping_status":"closed","template":"","meta":{"footnotes":""},"_links":{"self":[{"href":"http:\/\/www.restaurators.lv\/en\/wp-json\/wp\/v2\/pages\/830"}],"collection":[{"href":"http:\/\/www.restaurators.lv\/en\/wp-json\/wp\/v2\/pages"}],"about":[{"href":"http:\/\/www.restaurators.lv\/en\/wp-json\/wp\/v2\/types\/page"}],"author":[{"embeddable":true,"href":"http:\/\/www.restaurators.lv\/en\/wp-json\/wp\/v2\/users\/2"}],"replies":[{"embeddable":true,"href":"http:\/\/www.restaurators.lv\/en\/wp-json\/wp\/v2\/comments?post=830"}],"version-history":[{"count":13,"href":"http:\/\/www.restaurators.lv\/en\/wp-json\/wp\/v2\/pages\/830\/revisions"}],"predecessor-version":[{"id":1417,"href":"http:\/\/www.restaurators.lv\/en\/wp-json\/wp\/v2\/pages\/830\/revisions\/1417"}],"up":[{"embeddable":true,"href":"http:\/\/www.restaurators.lv\/en\/wp-json\/wp\/v2\/pages\/330"}],"wp:attachment":[{"href":"http:\/\/www.restaurators.lv\/en\/wp-json\/wp\/v2\/media?parent=830"}],"curies":[{"name":"wp","href":"https:\/\/api.w.org\/{rel}","templated":true}]}}