{"id":1609,"date":"2016-11-13T11:33:48","date_gmt":"2016-11-13T08:33:48","guid":{"rendered":"http:\/\/www.restaurators.lv\/lv\/?page_id=1609"},"modified":"2018-01-15T10:17:37","modified_gmt":"2018-01-15T07:17:37","slug":"pateicibas-raksti","status":"publish","type":"page","link":"http:\/\/www.restaurators.lv\/lv\/apbalvojumi\/pateicibas-raksti\/","title":{"rendered":"Pateic\u012bbas raksti"},"content":{"rendered":"<p style=\"text-align: left;\"><a href=\"http:\/\/www.restaurators.lv\/lv\/wp-content\/uploads\/2016\/11\/Pateiciba-LB-8873-MID.jpg\" rel=\"attachment wp-att-2454\"><img loading=\"lazy\" decoding=\"async\" class=\"aligncenter size-large wp-image-2454\" src=\"http:\/\/www.restaurators.lv\/lv\/wp-content\/uploads\/2016\/11\/Pateiciba-LB-8873-MID-800x533.jpg\" alt=\"Latvijas Bankas pateic\u012bbas raksts\" width=\"800\" height=\"533\" srcset=\"http:\/\/www.restaurators.lv\/lv\/wp-content\/uploads\/2016\/11\/Pateiciba-LB-8873-MID-800x533.jpg 800w, http:\/\/www.restaurators.lv\/lv\/wp-content\/uploads\/2016\/11\/Pateiciba-LB-8873-MID-300x200.jpg 300w, http:\/\/www.restaurators.lv\/lv\/wp-content\/uploads\/2016\/11\/Pateiciba-LB-8873-MID-225x150.jpg 225w, http:\/\/www.restaurators.lv\/lv\/wp-content\/uploads\/2016\/11\/Pateiciba-LB-8873-MID-150x100.jpg 150w, http:\/\/www.restaurators.lv\/lv\/wp-content\/uploads\/2016\/11\/Pateiciba-LB-8873-MID.jpg 1800w\" sizes=\"(max-width: 800px) 100vw, 800px\" \/><\/a><\/p>\n<p style=\"text-align: center;\"><strong>Latvijas Bankas<\/strong> pateic\u012bbas raksts AS \u201cB\u016bvuz\u0146\u0113mums Restaurators\u201d par noz\u012bm\u012bgo un kvalitat\u012bvo veikumu Latvijas Bankas interakt\u012bv\u0101 izgl\u012btojo\u0161\u0101 apmekl\u0113t\u0101ju centra \u201cNaudas pasaule\u201d p\u0101rveid\u0113.<\/p>\n<p style=\"text-align: center;\">R\u012bg\u0101, 2017. gada 29. septembr\u012b.<\/p>\n<p style=\"text-align: center;\">Objekts atrodas R\u012bg\u0101, Kri\u0161j\u0101\u0146a Valdem\u0101ra iel\u0101 2a.<\/p>\n<p style=\"text-align: center;\"><em>(Pateic\u012bbas rakstu parakst\u012bjis Latvijas Bankas prezidents <strong>Ilm\u0101rs Rim\u0161\u0113vi\u010ds<\/strong>)<\/em><\/p>\n<p style=\"text-align: center;\">***<\/p>\n<p style=\"text-align: center;\"><a href=\"http:\/\/www.restaurators.lv\/lv\/wp-content\/uploads\/2016\/11\/2016-Pateiciba-Restauratoram-no-LELB-par-Rigas-Doma-restauraciju-8103.jpg\" rel=\"attachment wp-att-1608\"><img loading=\"lazy\" decoding=\"async\" class=\"aligncenter wp-image-1608 size-large\" src=\"http:\/\/www.restaurators.lv\/lv\/wp-content\/uploads\/2016\/11\/2016-Pateiciba-Restauratoram-no-LELB-par-Rigas-Doma-restauraciju-8103-800x533.jpg\" alt=\"Latvijas Evan\u0123\u0113liski luterisk\u0101s Bazn\u012bcas un R\u012bgas Doma p\u0101rvaldes pateic\u012bba AS \u201cB\u016bvuz\u0146\u0113mums Restaurators\u201d par ieguld\u012bjumu projekt\u0101 \u201cR\u016bgas Doma saglab\u0101\u0161ana un soci\u0101lekonomisk\u0101 potenci\u0101la efektivit\u0101tes uzlabo\u0161ana, 2. k\u0101rta, R\u012bgas Doma tor\u0146a nostiprin\u0101\u0161ana.\u201d R\u012bg\u0101, 2016. gada 27. janv\u0101r\u012b, R\u012bgas Dom\u0101, Herdera laukum\u0101 6.\" width=\"800\" height=\"533\" srcset=\"http:\/\/www.restaurators.lv\/lv\/wp-content\/uploads\/2016\/11\/2016-Pateiciba-Restauratoram-no-LELB-par-Rigas-Doma-restauraciju-8103-800x533.jpg 800w, http:\/\/www.restaurators.lv\/lv\/wp-content\/uploads\/2016\/11\/2016-Pateiciba-Restauratoram-no-LELB-par-Rigas-Doma-restauraciju-8103-300x200.jpg 300w, http:\/\/www.restaurators.lv\/lv\/wp-content\/uploads\/2016\/11\/2016-Pateiciba-Restauratoram-no-LELB-par-Rigas-Doma-restauraciju-8103-225x150.jpg 225w, http:\/\/www.restaurators.lv\/lv\/wp-content\/uploads\/2016\/11\/2016-Pateiciba-Restauratoram-no-LELB-par-Rigas-Doma-restauraciju-8103-150x100.jpg 150w, http:\/\/www.restaurators.lv\/lv\/wp-content\/uploads\/2016\/11\/2016-Pateiciba-Restauratoram-no-LELB-par-Rigas-Doma-restauraciju-8103.jpg 1800w\" sizes=\"(max-width: 800px) 100vw, 800px\" \/><\/a><\/p>\n<p style=\"text-align: center;\"><strong>Latvijas Evan\u0123\u0113liski luterisk\u0101s Bazn\u012bcas <\/strong>un<strong> R\u012bgas Doma p\u0101rvaldes <\/strong>pateic\u012bba AS \u201cB\u016bvuz\u0146\u0113mums Restaurators\u201d par ieguld\u012bjumu projekt\u0101 \u201cR\u016bgas Doma saglab\u0101\u0161ana un soci\u0101lekonomisk\u0101 potenci\u0101la efektivit\u0101tes uzlabo\u0161ana,<br \/>\n2. k\u0101rta, R\u012bgas Doma tor\u0146a nostiprin\u0101\u0161ana.<\/p>\n<p style=\"text-align: center;\">R\u012bg\u0101, 2016. gada 27. janv\u0101r\u012b, R\u012bgas Dom\u0101, Herdera laukum\u0101 6.<\/p>\n<p style=\"text-align: center;\"><em>(Pateic\u012bbu parakst\u012bju\u0161i \u2013 Latvijas Evan\u0123\u0113liski luterisk\u0101s Bazn\u012bcas arhib\u012bskaps <strong>J\u0101nis Vanags<\/strong><br \/>\nun R\u012bgas Doma dek\u0101ns <strong>Elijs Godi\u0146\u0161<\/strong>.)<\/em><\/p>\n<p style=\"text-align: center;\">***<br \/>\n<strong><br \/>\n<a href=\"http:\/\/www.restaurators.lv\/lv\/wp-content\/uploads\/2016\/11\/2016-Pateiciba-Restauratoram-no-SIA-Arcers-par-Rigas-Doma-torna-nostiprinasanu-8098.jpg\" rel=\"attachment wp-att-1607\"><img loading=\"lazy\" decoding=\"async\" class=\"aligncenter wp-image-1607 size-large\" src=\"http:\/\/www.restaurators.lv\/lv\/wp-content\/uploads\/2016\/11\/2016-Pateiciba-Restauratoram-no-SIA-Arcers-par-Rigas-Doma-torna-nostiprinasanu-8098-800x533.jpg\" alt=\"SIA \u201cAr\u010ders\u201d pateic\u012bba AS \u201cB\u016bvuz\u0146\u0113mums Restaurators\u201d par profesion\u0101lo sadarb\u012bbu R\u012bgas Doma tor\u0146a nostiprin\u0101\u0161anas un restaur\u0101cijas proces\u0101! R\u012bg\u0101, 2016.gada 26. maij\u0101.\" width=\"800\" height=\"533\" srcset=\"http:\/\/www.restaurators.lv\/lv\/wp-content\/uploads\/2016\/11\/2016-Pateiciba-Restauratoram-no-SIA-Arcers-par-Rigas-Doma-torna-nostiprinasanu-8098-800x533.jpg 800w, http:\/\/www.restaurators.lv\/lv\/wp-content\/uploads\/2016\/11\/2016-Pateiciba-Restauratoram-no-SIA-Arcers-par-Rigas-Doma-torna-nostiprinasanu-8098-300x200.jpg 300w, http:\/\/www.restaurators.lv\/lv\/wp-content\/uploads\/2016\/11\/2016-Pateiciba-Restauratoram-no-SIA-Arcers-par-Rigas-Doma-torna-nostiprinasanu-8098-225x150.jpg 225w, http:\/\/www.restaurators.lv\/lv\/wp-content\/uploads\/2016\/11\/2016-Pateiciba-Restauratoram-no-SIA-Arcers-par-Rigas-Doma-torna-nostiprinasanu-8098-150x100.jpg 150w, http:\/\/www.restaurators.lv\/lv\/wp-content\/uploads\/2016\/11\/2016-Pateiciba-Restauratoram-no-SIA-Arcers-par-Rigas-Doma-torna-nostiprinasanu-8098.jpg 1800w\" sizes=\"(max-width: 800px) 100vw, 800px\" \/><\/a><\/strong><\/p>\n<p style=\"text-align: center;\"><strong>SIA \u201cAr\u010ders\u201d<\/strong> pateic\u012bba AS \u201cB\u016bvuz\u0146\u0113mums Restaurators\u201d par profesion\u0101lo sadarb\u012bbu R\u012bgas Doma tor\u0146a nostiprin\u0101\u0161anas un restaur\u0101cijas proces\u0101!<\/p>\n<p style=\"text-align: center;\">R\u012bg\u0101, 2016.gada 26. maij\u0101.<\/p>\n<p style=\"text-align: center;\"><em>(Pateic\u012bbu parakst\u012bju\u0161i \u2013 SIA \u201cAr\u010ders\u201d \u012bpa\u0161nieki <strong>Armands Gark\u0101ns<\/strong> un <strong>Kaspars Garkanis<\/strong>,<br \/>\nk\u0101 ar\u012b SIA\u00a0\u201cAr\u010ders\u201d valdes priek\u0161s\u0113d\u0113t\u0101js <strong>J\u0101nis Markulis<\/strong>.)<\/em><\/p>\n<p style=\"text-align: center;\">***<\/p>\n<p style=\"text-align: center;\"><a href=\"http:\/\/www.restaurators.lv\/lv\/wp-content\/uploads\/2016\/11\/2015-Pateiciba-Restauratoram-no-Vitolu-fonda-8110.jpg\" rel=\"attachment wp-att-1606\"><img loading=\"lazy\" decoding=\"async\" class=\"aligncenter wp-image-1606 size-large\" src=\"http:\/\/www.restaurators.lv\/lv\/wp-content\/uploads\/2016\/11\/2015-Pateiciba-Restauratoram-no-Vitolu-fonda-8110-800x533.jpg\" alt=\"V\u012btolu fonda pateic\u012bba AS \u201cB\u016bvuz\u0146\u0113mums Restaurators\u201d kolekt\u012bvam par ziedojumu stipendijai. 2015. gada 9. j\u016bnij\u0101.\" width=\"800\" height=\"533\" srcset=\"http:\/\/www.restaurators.lv\/lv\/wp-content\/uploads\/2016\/11\/2015-Pateiciba-Restauratoram-no-Vitolu-fonda-8110-800x533.jpg 800w, http:\/\/www.restaurators.lv\/lv\/wp-content\/uploads\/2016\/11\/2015-Pateiciba-Restauratoram-no-Vitolu-fonda-8110-300x200.jpg 300w, http:\/\/www.restaurators.lv\/lv\/wp-content\/uploads\/2016\/11\/2015-Pateiciba-Restauratoram-no-Vitolu-fonda-8110-225x150.jpg 225w, http:\/\/www.restaurators.lv\/lv\/wp-content\/uploads\/2016\/11\/2015-Pateiciba-Restauratoram-no-Vitolu-fonda-8110-150x100.jpg 150w, http:\/\/www.restaurators.lv\/lv\/wp-content\/uploads\/2016\/11\/2015-Pateiciba-Restauratoram-no-Vitolu-fonda-8110.jpg 1800w\" sizes=\"(max-width: 800px) 100vw, 800px\" \/><\/a><\/p>\n<p style=\"text-align: center;\"><strong>V\u012btolu fonda<\/strong> pateic\u012bba AS \u201cB\u016bvuz\u0146\u0113mums Restaurators\u201d kolekt\u012bvam par ziedojumu stipendijai.<\/p>\n<p style=\"text-align: center;\">2015. gada 9. j\u016bnij\u0101.<\/p>\n<p style=\"text-align: center;\"><em>(Pateic\u012bbu parakst\u012bju\u0161i \u2013 V\u012btolu fonda padomes priek\u0161s\u0113d\u0113t\u0101js <strong>Vilis V\u012btols<\/strong> un V\u012btolu fonda valdes priek\u0161s\u0113d\u0113t\u0101ja <strong>Vita Di\u0137e<\/strong>.)<\/em><\/p>\n<p style=\"text-align: center;\">***<\/p>\n<p style=\"text-align: center;\"><a href=\"http:\/\/www.restaurators.lv\/lv\/wp-content\/uploads\/2016\/11\/2002-Atzinibas-raksts-Valdim-Uzarinam-no-LBS-8079.jpg\" rel=\"attachment wp-att-1605\"><img loading=\"lazy\" decoding=\"async\" class=\"aligncenter wp-image-1605 size-large\" src=\"http:\/\/www.restaurators.lv\/lv\/wp-content\/uploads\/2016\/11\/2002-Atzinibas-raksts-Valdim-Uzarinam-no-LBS-8079-800x533.jpg\" alt=\"Latvijas B\u016bvin\u017eenieru savien\u012bbas atzin\u012bbas raksts Valdim Uzari\u0146am par sasniegumiem 2001. gada lab\u0101k\u0101 objekta Soci\u0101l\u0101s pal\u012bdz\u012bbas dienesta \u0113kas b\u016bvniec\u012bb\u0101. R\u012bg\u0101, 2002. gada 27. apr\u012bl\u012b.\" width=\"800\" height=\"533\" srcset=\"http:\/\/www.restaurators.lv\/lv\/wp-content\/uploads\/2016\/11\/2002-Atzinibas-raksts-Valdim-Uzarinam-no-LBS-8079-800x533.jpg 800w, http:\/\/www.restaurators.lv\/lv\/wp-content\/uploads\/2016\/11\/2002-Atzinibas-raksts-Valdim-Uzarinam-no-LBS-8079-300x200.jpg 300w, http:\/\/www.restaurators.lv\/lv\/wp-content\/uploads\/2016\/11\/2002-Atzinibas-raksts-Valdim-Uzarinam-no-LBS-8079-225x150.jpg 225w, http:\/\/www.restaurators.lv\/lv\/wp-content\/uploads\/2016\/11\/2002-Atzinibas-raksts-Valdim-Uzarinam-no-LBS-8079-150x100.jpg 150w, http:\/\/www.restaurators.lv\/lv\/wp-content\/uploads\/2016\/11\/2002-Atzinibas-raksts-Valdim-Uzarinam-no-LBS-8079.jpg 1800w\" sizes=\"(max-width: 800px) 100vw, 800px\" \/><\/a><\/p>\n<p style=\"text-align: center;\"><strong>Latvijas B\u016bvin\u017eenieru savien\u012bbas<\/strong> atzin\u012bbas raksts <strong>Valdim Uzari\u0146am<br \/>\n<\/strong>par sasniegumiem 2001. gada lab\u0101k\u0101 objekta Soci\u0101l\u0101s pal\u012bdz\u012bbas dienesta \u0113kas b\u016bvniec\u012bb\u0101.<\/p>\n<p style=\"text-align: center;\">R\u012bg\u0101, 2002. gada 27. apr\u012bl\u012b.<\/p>\n<p style=\"text-align: center;\">Objekts atrodas R\u012bg\u0101, Vidri\u017eu iel\u0101 3.<\/p>\n<p style=\"text-align: center;\"><em>(Atzin\u012bbu parakst\u012bjis Latvijas B\u016bvin\u017eenieru savien\u012bbas valdes priek\u0161s\u0113d\u0113t\u0101js <strong>Ilgvars Niedols<\/strong>.)<\/em><\/p>\n<p style=\"text-align: center;\">***<\/p>\n<p style=\"text-align: center;\"><a href=\"http:\/\/www.restaurators.lv\/lv\/wp-content\/uploads\/2016\/11\/2000-Pateiciba-Restauratoram-no-Rigas-Domes-Melngalvju-nams-8095.jpg\" rel=\"attachment wp-att-1604\"><img loading=\"lazy\" decoding=\"async\" class=\"aligncenter wp-image-1604 size-large\" src=\"http:\/\/www.restaurators.lv\/lv\/wp-content\/uploads\/2016\/11\/2000-Pateiciba-Restauratoram-no-Rigas-Domes-Melngalvju-nams-8095-800x533.jpg\" alt=\"R\u012bgas domes pateic\u012bba AS \u201cRestaurators\u201d par godpr\u0101t\u012bgu darbu Melngalvju nama atjauno\u0161an\u0101.\" width=\"800\" height=\"533\" srcset=\"http:\/\/www.restaurators.lv\/lv\/wp-content\/uploads\/2016\/11\/2000-Pateiciba-Restauratoram-no-Rigas-Domes-Melngalvju-nams-8095-800x533.jpg 800w, http:\/\/www.restaurators.lv\/lv\/wp-content\/uploads\/2016\/11\/2000-Pateiciba-Restauratoram-no-Rigas-Domes-Melngalvju-nams-8095-300x200.jpg 300w, http:\/\/www.restaurators.lv\/lv\/wp-content\/uploads\/2016\/11\/2000-Pateiciba-Restauratoram-no-Rigas-Domes-Melngalvju-nams-8095-225x150.jpg 225w, http:\/\/www.restaurators.lv\/lv\/wp-content\/uploads\/2016\/11\/2000-Pateiciba-Restauratoram-no-Rigas-Domes-Melngalvju-nams-8095-150x100.jpg 150w, http:\/\/www.restaurators.lv\/lv\/wp-content\/uploads\/2016\/11\/2000-Pateiciba-Restauratoram-no-Rigas-Domes-Melngalvju-nams-8095.jpg 1800w\" sizes=\"(max-width: 800px) 100vw, 800px\" \/><\/a><\/p>\n<p style=\"text-align: center;\"><strong>R\u012bgas domes<\/strong> pateic\u012bba AS \u201cRestaurators\u201d par godpr\u0101t\u012bgu darbu Melngalvju nama atjauno\u0161an\u0101.<\/p>\n<p style=\"text-align: center;\">Objekts atrodas R\u012bg\u0101, R\u0101tslaukum\u0101 7.<\/p>\n<p style=\"text-align: center;\"><em>(Pateic\u012bbu parakst\u012bju\u0161i \u2013 R\u012bgas domes priek\u0161s\u0113d\u0113t\u0101js <strong>Andris B\u0113rzi\u0146\u0161<\/strong> un SIA \u201cR\u012bgas nami\u201d direktors <strong>Andris L\u0101cis<\/strong>)<\/em><\/p>\n<p style=\"text-align: center;\">\n","protected":false},"excerpt":{"rendered":"<p>Latvijas Bankas pateic\u012bbas raksts AS \u201cB\u016bvuz\u0146\u0113mums Restaurators\u201d par noz\u012bm\u012bgo un kvalitat\u012bvo veikumu Latvijas Bankas interakt\u012bv\u0101 izgl\u012btojo\u0161\u0101 apmekl\u0113t\u0101ju centra \u201cNaudas pasaule\u201d p\u0101rveid\u0113. R\u012bg\u0101, 2017. gada 29. septembr\u012b. Objekts atrodas R\u012bg\u0101, Kri\u0161j\u0101\u0146a Valdem\u0101ra iel\u0101 2a. (Pateic\u012bbas rakstu parakst\u012bjis Latvijas Bankas prezidents Ilm\u0101rs Rim\u0161\u0113vi\u010ds) *** Latvijas Evan\u0123\u0113liski luterisk\u0101s Bazn\u012bcas un R\u012bgas Doma p\u0101rvaldes pateic\u012bba AS \u201cB\u016bvuz\u0146\u0113mums Restaurators\u201d par\u2026<\/p>\n<p class=\"continue-reading-button\"> <a class=\"continue-reading-link\" href=\"http:\/\/www.restaurators.lv\/lv\/apbalvojumi\/pateicibas-raksti\/\">Turpin\u0101t las\u012bt<i class=\"crycon-right-dir\"><\/i><\/a><\/p>\n","protected":false},"author":2,"featured_media":0,"parent":1577,"menu_order":0,"comment_status":"closed","ping_status":"closed","template":"","meta":{"footnotes":""},"_links":{"self":[{"href":"http:\/\/www.restaurators.lv\/lv\/wp-json\/wp\/v2\/pages\/1609"}],"collection":[{"href":"http:\/\/www.restaurators.lv\/lv\/wp-json\/wp\/v2\/pages"}],"about":[{"href":"http:\/\/www.restaurators.lv\/lv\/wp-json\/wp\/v2\/types\/page"}],"author":[{"embeddable":true,"href":"http:\/\/www.restaurators.lv\/lv\/wp-json\/wp\/v2\/users\/2"}],"replies":[{"embeddable":true,"href":"http:\/\/www.restaurators.lv\/lv\/wp-json\/wp\/v2\/comments?post=1609"}],"version-history":[{"count":16,"href":"http:\/\/www.restaurators.lv\/lv\/wp-json\/wp\/v2\/pages\/1609\/revisions"}],"predecessor-version":[{"id":2457,"href":"http:\/\/www.restaurators.lv\/lv\/wp-json\/wp\/v2\/pages\/1609\/revisions\/2457"}],"up":[{"embeddable":true,"href":"http:\/\/www.restaurators.lv\/lv\/wp-json\/wp\/v2\/pages\/1577"}],"wp:attachment":[{"href":"http:\/\/www.restaurators.lv\/lv\/wp-json\/wp\/v2\/media?parent=1609"}],"curies":[{"name":"wp","href":"https:\/\/api.w.org\/{rel}","templated":true}]}}