{"id":1777,"date":"2017-02-14T15:20:42","date_gmt":"2017-02-14T12:20:42","guid":{"rendered":"http:\/\/www.restaurators.lv\/lv\/?page_id=1777"},"modified":"2025-04-02T17:01:04","modified_gmt":"2025-04-02T14:01:04","slug":"kvalitates-sertifikati","status":"publish","type":"page","link":"http:\/\/www.restaurators.lv\/lv\/kvalitates-politika\/kvalitates-sertifikati\/","title":{"rendered":"Kvalit\u0101tes, vides un darba aizsardz\u012bbas sertifik\u0101ti"},"content":{"rendered":"<p style=\"text-align: justify;\">AS &#8220;B\u016bvuz\u0146\u0113mums Restaurators&#8221; ir sa\u0146\u0113mis kvalit\u0101tes vad\u012bbas sist\u0113mas sertifik\u0101tu, darba dro\u0161\u012bbas vad\u012bbas sist\u0113mas sertifik\u0101tu un vides vad\u012bbas sist\u0113mas sertifik\u0101tu. Visus tr\u012bs sertifik\u0101tus var apl\u016bkot zem\u0101k.<\/p>\n<p style=\"text-align: center;\"><a href=\"http:\/\/www.restaurators.lv\/lv\/wp-content\/uploads\/2025\/04\/ISO-9001_Sertifikats_LV_2025-scaled.jpg\" target=\"_blank\" rel=\"noopener\"><img loading=\"lazy\" decoding=\"async\" class=\"aligncenter wp-image-3431 size-large\" src=\"http:\/\/www.restaurators.lv\/lv\/wp-content\/uploads\/2025\/04\/ISO-9001_Sertifikats_LV_2025-566x800.jpg\" alt=\"\" width=\"566\" height=\"800\" srcset=\"http:\/\/www.restaurators.lv\/lv\/wp-content\/uploads\/2025\/04\/ISO-9001_Sertifikats_LV_2025-566x800.jpg 566w, http:\/\/www.restaurators.lv\/lv\/wp-content\/uploads\/2025\/04\/ISO-9001_Sertifikats_LV_2025-212x300.jpg 212w, http:\/\/www.restaurators.lv\/lv\/wp-content\/uploads\/2025\/04\/ISO-9001_Sertifikats_LV_2025-1086x1536.jpg 1086w, http:\/\/www.restaurators.lv\/lv\/wp-content\/uploads\/2025\/04\/ISO-9001_Sertifikats_LV_2025-1448x2048.jpg 1448w, http:\/\/www.restaurators.lv\/lv\/wp-content\/uploads\/2025\/04\/ISO-9001_Sertifikats_LV_2025-106x150.jpg 106w, http:\/\/www.restaurators.lv\/lv\/wp-content\/uploads\/2025\/04\/ISO-9001_Sertifikats_LV_2025-scaled.jpg 1811w\" sizes=\"(max-width: 566px) 100vw, 566px\" \/><\/a><em>(Kvalit\u0101tes vad\u012bbas sist\u0113mas sertifik\u0101ts)<\/em><\/p>\n<p style=\"text-align: center;\">***<\/p>\n<p style=\"text-align: center;\"><a href=\"http:\/\/www.restaurators.lv\/lv\/wp-content\/uploads\/2025\/04\/ISO-45001_Sertifikats_LV_2025-scaled.jpg\" target=\"_blank\" rel=\"noopener\"><img loading=\"lazy\" decoding=\"async\" class=\"aligncenter wp-image-3434 size-large\" src=\"http:\/\/www.restaurators.lv\/lv\/wp-content\/uploads\/2025\/04\/ISO-45001_Sertifikats_LV_2025-566x800.jpg\" alt=\"\" width=\"566\" height=\"800\" srcset=\"http:\/\/www.restaurators.lv\/lv\/wp-content\/uploads\/2025\/04\/ISO-45001_Sertifikats_LV_2025-566x800.jpg 566w, http:\/\/www.restaurators.lv\/lv\/wp-content\/uploads\/2025\/04\/ISO-45001_Sertifikats_LV_2025-212x300.jpg 212w, http:\/\/www.restaurators.lv\/lv\/wp-content\/uploads\/2025\/04\/ISO-45001_Sertifikats_LV_2025-1086x1536.jpg 1086w, http:\/\/www.restaurators.lv\/lv\/wp-content\/uploads\/2025\/04\/ISO-45001_Sertifikats_LV_2025-1448x2048.jpg 1448w, http:\/\/www.restaurators.lv\/lv\/wp-content\/uploads\/2025\/04\/ISO-45001_Sertifikats_LV_2025-106x150.jpg 106w, http:\/\/www.restaurators.lv\/lv\/wp-content\/uploads\/2025\/04\/ISO-45001_Sertifikats_LV_2025-scaled.jpg 1811w\" sizes=\"(max-width: 566px) 100vw, 566px\" \/><\/a><em>(Darba dro\u0161\u012bbas vad\u012bbas sist\u0113mas sertifik\u0101ts)<\/em><\/p>\n<p style=\"text-align: center;\">***<br \/>\n<a href=\"http:\/\/www.restaurators.lv\/lv\/wp-content\/uploads\/2025\/04\/ISO-14001_Sertifikats_LV_2025-scaled.jpg\" target=\"_blank\" rel=\"noopener\"><img loading=\"lazy\" decoding=\"async\" class=\"aligncenter wp-image-3432 size-large\" src=\"http:\/\/www.restaurators.lv\/lv\/wp-content\/uploads\/2025\/04\/ISO-14001_Sertifikats_LV_2025-566x800.jpg\" alt=\"\" width=\"566\" height=\"800\" srcset=\"http:\/\/www.restaurators.lv\/lv\/wp-content\/uploads\/2025\/04\/ISO-14001_Sertifikats_LV_2025-566x800.jpg 566w, http:\/\/www.restaurators.lv\/lv\/wp-content\/uploads\/2025\/04\/ISO-14001_Sertifikats_LV_2025-212x300.jpg 212w, http:\/\/www.restaurators.lv\/lv\/wp-content\/uploads\/2025\/04\/ISO-14001_Sertifikats_LV_2025-1086x1536.jpg 1086w, http:\/\/www.restaurators.lv\/lv\/wp-content\/uploads\/2025\/04\/ISO-14001_Sertifikats_LV_2025-1448x2048.jpg 1448w, http:\/\/www.restaurators.lv\/lv\/wp-content\/uploads\/2025\/04\/ISO-14001_Sertifikats_LV_2025-106x150.jpg 106w, http:\/\/www.restaurators.lv\/lv\/wp-content\/uploads\/2025\/04\/ISO-14001_Sertifikats_LV_2025-scaled.jpg 1811w\" sizes=\"(max-width: 566px) 100vw, 566px\" \/><\/a><em>(Vides vad\u012bbas sist\u0113mas sertifik\u0101ts)<\/em><\/p>\n<p style=\"text-align: center;\">***<\/p>\n","protected":false},"excerpt":{"rendered":"<p>AS &#8220;B\u016bvuz\u0146\u0113mums Restaurators&#8221; ir sa\u0146\u0113mis kvalit\u0101tes vad\u012bbas sist\u0113mas sertifik\u0101tu, darba dro\u0161\u012bbas vad\u012bbas sist\u0113mas sertifik\u0101tu un vides vad\u012bbas sist\u0113mas sertifik\u0101tu. Visus tr\u012bs sertifik\u0101tus var apl\u016bkot zem\u0101k. (Kvalit\u0101tes vad\u012bbas sist\u0113mas sertifik\u0101ts) *** (Darba dro\u0161\u012bbas vad\u012bbas sist\u0113mas sertifik\u0101ts) *** (Vides vad\u012bbas sist\u0113mas sertifik\u0101ts) ***<\/p>\n<p class=\"continue-reading-button\"> <a class=\"continue-reading-link\" href=\"http:\/\/www.restaurators.lv\/lv\/kvalitates-politika\/kvalitates-sertifikati\/\">Turpin\u0101t las\u012bt<i class=\"crycon-right-dir\"><\/i><\/a><\/p>\n","protected":false},"author":2,"featured_media":0,"parent":1786,"menu_order":0,"comment_status":"closed","ping_status":"closed","template":"","meta":{"footnotes":""},"_links":{"self":[{"href":"http:\/\/www.restaurators.lv\/lv\/wp-json\/wp\/v2\/pages\/1777"}],"collection":[{"href":"http:\/\/www.restaurators.lv\/lv\/wp-json\/wp\/v2\/pages"}],"about":[{"href":"http:\/\/www.restaurators.lv\/lv\/wp-json\/wp\/v2\/types\/page"}],"author":[{"embeddable":true,"href":"http:\/\/www.restaurators.lv\/lv\/wp-json\/wp\/v2\/users\/2"}],"replies":[{"embeddable":true,"href":"http:\/\/www.restaurators.lv\/lv\/wp-json\/wp\/v2\/comments?post=1777"}],"version-history":[{"count":16,"href":"http:\/\/www.restaurators.lv\/lv\/wp-json\/wp\/v2\/pages\/1777\/revisions"}],"predecessor-version":[{"id":3435,"href":"http:\/\/www.restaurators.lv\/lv\/wp-json\/wp\/v2\/pages\/1777\/revisions\/3435"}],"up":[{"embeddable":true,"href":"http:\/\/www.restaurators.lv\/lv\/wp-json\/wp\/v2\/pages\/1786"}],"wp:attachment":[{"href":"http:\/\/www.restaurators.lv\/lv\/wp-json\/wp\/v2\/media?parent=1777"}],"curies":[{"name":"wp","href":"https:\/\/api.w.org\/{rel}","templated":true}]}}