{"id":1786,"date":"2017-02-14T16:08:04","date_gmt":"2017-02-14T13:08:04","guid":{"rendered":"http:\/\/www.restaurators.lv\/lv\/?page_id=1786"},"modified":"2020-01-21T12:48:56","modified_gmt":"2020-01-21T09:48:56","slug":"kvalitates-politika","status":"publish","type":"page","link":"http:\/\/www.restaurators.lv\/lv\/kvalitates-politika\/","title":{"rendered":"Kvalit\u0101tes, vides un darba aizsardz\u012bbas politika"},"content":{"rendered":"<p style=\"text-align: justify;\"><strong>Misija:<\/strong> Veicot kvalitat\u012bvus restaur\u0101cijas, renov\u0101cijas un rekonstrukcijas darbus, nodro\u0161in\u0101t valstiski svar\u012bgu kult\u016bras pieminek\u013cu saglab\u0101\u0161anu un atjauno\u0161anu.<\/p>\n<p style=\"text-align: justify;\"><strong>V\u012bzija:<\/strong> B\u016bt par b\u016bvniec\u012bbas un restaur\u0101cijas uz\u0146\u0113mumu ar m\u016bsdien\u012bgiem un progres\u012bviem uzskatiem un darba metod\u0113m, drosm\u012bgiem l\u0113mumiem un risin\u0101jumiem, teicamu darba kult\u016bru.<\/p>\n<p style=\"text-align: left;\"><strong>Darb\u012bbas sf\u0113ra:<\/strong>\u00a0<strong>B\u016aVNIEC\u012aBA, M\u0100KSLINIECISK\u0100S RESTAUR\u0100CIJAS, RENOV\u0100CIJAS UN REKONSTRUKCIJAS DARBU VEIK\u0160ANA UN VAD\u012a\u0160ANA, B\u016aVDARBU VAD\u012a\u0160ANA, B\u016aVUZRAUDZ\u012aBA, KOKA IZSTR\u0100D\u0100JUMU RESTAUR\u0100CIJA<\/strong>.<\/p>\n<p style=\"text-align: justify;\"><strong>M\u0113r\u0137is:<\/strong> Nodro\u0161in\u0101t visaugst\u0101k\u0101s kvalit\u0101tes visaptvero\u0161us restaur\u0101cijas, renov\u0101cijas un rekonstrukcijas darbus, atbilsto\u0161i klientu v\u0113lm\u0113m un pras\u012bb\u0101m un saska\u0146\u0101 ar past\u0101vo\u0161ajiem noteikumiem, norm\u0101m un standartiem.<\/p>\n<p style=\"text-align: center;\"><a href=\"http:\/\/www.restaurators.lv\/lv\/wp-content\/uploads\/2017\/02\/Kvalitates-politika-2020.jpg\" target=\"_blank\" rel=\"attachment wp-att-2866\"><img loading=\"lazy\" decoding=\"async\" class=\"aligncenter wp-image-2866 size-large\" src=\"http:\/\/www.restaurators.lv\/lv\/wp-content\/uploads\/2017\/02\/Kvalitates-politika-2020-566x800.jpg\" alt=\"Kvalitates-politika-2020\" width=\"566\" height=\"800\" srcset=\"http:\/\/www.restaurators.lv\/lv\/wp-content\/uploads\/2017\/02\/Kvalitates-politika-2020-566x800.jpg 566w, http:\/\/www.restaurators.lv\/lv\/wp-content\/uploads\/2017\/02\/Kvalitates-politika-2020-212x300.jpg 212w, http:\/\/www.restaurators.lv\/lv\/wp-content\/uploads\/2017\/02\/Kvalitates-politika-2020-106x150.jpg 106w\" sizes=\"(max-width: 566px) 100vw, 566px\" \/><\/a><\/p>\n<p style=\"text-align: center;\">***<\/p>\n<p style=\"text-align: center;\"><strong>AS \u201eB\u016aVUZ\u0145\u0112MUMS RESTAURATORS\u201d POLITIKA<\/strong><\/p>\n<p style=\"text-align: justify;\">AS \u201eB\u016aVUZ\u0145\u0112MUMS RESTAURATORS\u201d ap\u0146emas nep\u0101rtraukti pilnveidot savu darb\u012bbu, sekot l\u012bdzi jaunu tehnolo\u0123iju att\u012bst\u012bbai un k\u013c\u016bt atpaz\u012bstams ar saviem kvalitat\u012bvi sniegtajiem pakalpojumiem un veiktajiem darbiem. Savu pozit\u012bvo atpaz\u012bstam\u012bbu apsol\u0101mies saglab\u0101t.<\/p>\n<p><strong>AS \u201eB\u016bvuz\u0146\u0113mums Restaurators\u201d uz\u0146emas:<\/strong><\/p>\n<ul>\n<li>pilnu atbild\u012bbu par uz\u0146\u0113muma ietekmi uz vidi, k\u0101 ar\u012b ap\u0146emas r\u016bp\u0113ties par dabas saudz\u0113\u0161anu un pies\u0101r\u0146ojuma samazin\u0101\u0161anu un nov\u0113r\u0161anu;<\/li>\n<li>nodro\u0161in\u0101t vesel\u012bbai un dro\u0161\u012bbai piem\u0113rotu vidi, tai skait\u0101 ievainojuma, traumu un slikta vesel\u012bbas st\u0101vok\u013ca nov\u0113r\u0161anu, lai nodro\u0161in\u0101tu darba dro\u0161\u012bbu, k\u0101 ar\u012b darbinieku, sadarb\u012bbas partneru un apmekl\u0113t\u0101ju vesel\u012bbas aizsardz\u012bbu;<\/li>\n<li>apzin\u0101ties un izpild\u012bt vides aizsardz\u012bbas, darba dro\u0161\u012bbas normat\u012bvo aktu un citas pras\u012bbas, kas uz\u0146\u0113mumam ir saisto\u0161as un attiecin\u0101mas uz kvalit\u0101tes, vides, darba dro\u0161\u012bbas sist\u0113mu, t.sk. b\u016btiskajiem vides aspektiem un darba vides riskiem (draudiem);<\/li>\n<li>samazin\u0101t darba vides riskus un izl\u0113gt apdraud\u0113juma iesp\u0113jam\u012bbas l\u012bdz minimumam;<\/li>\n<li>nep\u0101rtraukti pilnveidot ieviesto kvalit\u0101tes, vides un darba dro\u0161\u012bbas sist\u0113mu, inform\u0113jot un iesaistot uz\u0146\u0113muma darbiniekus, k\u0101 ar\u012b uzlabot vad\u012bbas sist\u0113mas efektivit\u0101ti un iev\u0113rot taj\u0101 noteikt\u0101s pras\u012bbas.<\/li>\n<\/ul>\n<p><em><strong>Mareks Mamajs,<\/strong><\/em><br \/>\n<em><strong>AS &#8220;B\u016bvuz\u0146\u0113mums Restaurators&#8221; valdes priek\u0161s\u0113d\u0113t\u0101js<\/strong><\/em><\/p>\n<p>2020. gada 9. janv\u0101r\u012b.<\/p>\n","protected":false},"excerpt":{"rendered":"<p>Misija: Veicot kvalitat\u012bvus restaur\u0101cijas, renov\u0101cijas un rekonstrukcijas darbus, nodro\u0161in\u0101t valstiski svar\u012bgu kult\u016bras pieminek\u013cu saglab\u0101\u0161anu un atjauno\u0161anu. V\u012bzija: B\u016bt par b\u016bvniec\u012bbas un restaur\u0101cijas uz\u0146\u0113mumu ar m\u016bsdien\u012bgiem un progres\u012bviem uzskatiem un darba metod\u0113m, drosm\u012bgiem l\u0113mumiem un risin\u0101jumiem, teicamu darba kult\u016bru. Darb\u012bbas sf\u0113ra:\u00a0B\u016aVNIEC\u012aBA, M\u0100KSLINIECISK\u0100S RESTAUR\u0100CIJAS, RENOV\u0100CIJAS UN REKONSTRUKCIJAS DARBU VEIK\u0160ANA UN VAD\u012a\u0160ANA, B\u016aVDARBU VAD\u012a\u0160ANA, B\u016aVUZRAUDZ\u012aBA, KOKA IZSTR\u0100D\u0100JUMU RESTAUR\u0100CIJA.\u2026<\/p>\n<p class=\"continue-reading-button\"> <a class=\"continue-reading-link\" href=\"http:\/\/www.restaurators.lv\/lv\/kvalitates-politika\/\">Turpin\u0101t las\u012bt<i class=\"crycon-right-dir\"><\/i><\/a><\/p>\n","protected":false},"author":2,"featured_media":0,"parent":0,"menu_order":0,"comment_status":"closed","ping_status":"closed","template":"","meta":{"footnotes":""},"_links":{"self":[{"href":"http:\/\/www.restaurators.lv\/lv\/wp-json\/wp\/v2\/pages\/1786"}],"collection":[{"href":"http:\/\/www.restaurators.lv\/lv\/wp-json\/wp\/v2\/pages"}],"about":[{"href":"http:\/\/www.restaurators.lv\/lv\/wp-json\/wp\/v2\/types\/page"}],"author":[{"embeddable":true,"href":"http:\/\/www.restaurators.lv\/lv\/wp-json\/wp\/v2\/users\/2"}],"replies":[{"embeddable":true,"href":"http:\/\/www.restaurators.lv\/lv\/wp-json\/wp\/v2\/comments?post=1786"}],"version-history":[{"count":16,"href":"http:\/\/www.restaurators.lv\/lv\/wp-json\/wp\/v2\/pages\/1786\/revisions"}],"predecessor-version":[{"id":2868,"href":"http:\/\/www.restaurators.lv\/lv\/wp-json\/wp\/v2\/pages\/1786\/revisions\/2868"}],"wp:attachment":[{"href":"http:\/\/www.restaurators.lv\/lv\/wp-json\/wp\/v2\/media?parent=1786"}],"curies":[{"name":"wp","href":"https:\/\/api.w.org\/{rel}","templated":true}]}}