{"id":2,"date":"2015-02-03T15:07:10","date_gmt":"2015-02-03T12:07:10","guid":{"rendered":"http:\/\/restaurators.lv\/LAT\/?page_id=2"},"modified":"2018-01-15T08:41:20","modified_gmt":"2018-01-15T05:41:20","slug":"uznemuma-vesture","status":"publish","type":"page","link":"http:\/\/www.restaurators.lv\/lv\/uznemuma-vesture\/","title":{"rendered":"Uz\u0146\u0113muma v\u0113sture"},"content":{"rendered":"<p style=\"text-align: justify;\"><a style=\"text-align: justify;\" href=\"http:\/\/www.restaurators.lv\/lv\/wp-content\/uploads\/2015\/08\/RP-Dekori-middle-001.jpg\"><img loading=\"lazy\" decoding=\"async\" class=\" wp-image-183 aligncenter\" src=\"http:\/\/www.restaurators.lv\/lv\/wp-content\/uploads\/2015\/08\/RP-Dekori-middle-001.jpg\" alt=\"R\u012bgas pils dekoru atjauno\u0161ana\" width=\"800\" height=\"533\" srcset=\"http:\/\/www.restaurators.lv\/lv\/wp-content\/uploads\/2015\/08\/RP-Dekori-middle-001.jpg 1800w, http:\/\/www.restaurators.lv\/lv\/wp-content\/uploads\/2015\/08\/RP-Dekori-middle-001-300x200.jpg 300w, http:\/\/www.restaurators.lv\/lv\/wp-content\/uploads\/2015\/08\/RP-Dekori-middle-001-1024x683.jpg 1024w, http:\/\/www.restaurators.lv\/lv\/wp-content\/uploads\/2015\/08\/RP-Dekori-middle-001-225x150.jpg 225w, http:\/\/www.restaurators.lv\/lv\/wp-content\/uploads\/2015\/08\/RP-Dekori-middle-001-150x100.jpg 150w\" sizes=\"(max-width: 800px) 100vw, 800px\" \/><\/a><\/p>\n<p style=\"text-align: justify;\">AS \u201eB\u016bvuz\u0146\u0113mums Restaurators\u201d ir liel\u0101kais, vec\u0101kais un trad\u012bcij\u0101m bag\u0101t\u0101kais m\u0101ksliniecisk\u0101s restaur\u0101cijas uz\u0146\u0113mums Latvij\u0101, kas veicis praktiski visu iev\u0113rojam\u0101ko kult\u016brv\u0113sturisko un arhitekt\u016bras objektu atjauno\u0161anu valst\u012b.<\/p>\n<blockquote>\n<h4><span style=\"color: #ae7a06;\">Nu jau vair\u0101k nek\u0101 se\u0161desmit piecus gadus uz\u0146\u0113muma galvenais uzdevums ir valstiski svar\u012bgu kult\u016bras pieminek\u013cu saglab\u0101\u0161ana un atjauno\u0161ana. Ar\u012b m\u0101kslinieku un meistaru pieredze, kas g\u016bta neskait\u0101mos objektos visu \u0161o gadu garum\u0101, \u0161odien kalpo da\u017e\u0101du unik\u0101lu projektu, k\u0101 ar\u012b ieceru realiz\u0101cijai, un ir praktiski nenov\u0113rt\u0113jama.<\/span><\/h4>\n<\/blockquote>\n<p>&nbsp;<\/p>\n<p style=\"text-align: justify;\">Latvijas PSR Celtniec\u012bbas komiteja 1951. gada 25. maij\u0101 nodibin\u0101ja zin\u0101tnisk\u0101s restaur\u0113\u0161anas darbn\u012bcas, kuras veica gan projektu dokument\u0101cijas sagatavo\u0161anu, gan ar\u012b projektu izpild\u012b\u0161anu. \u0160o darbn\u012bcu dibin\u0101\u0161ana ir uzskat\u0101ma par tagad\u0113j\u0101s akciju sabiedr\u012bbas \u201cB\u016bvuz\u0146\u0113mums Restaurators\u201d s\u0101kumu.<\/p>\n<p style=\"text-align: justify;\">1962. gada 1. novembr\u012b darbn\u012bcas apvienoja ar LPSR Kult\u016bras ministrijas b\u016bvkantori, kas bija nodibin\u0101ts 1955. gad\u0101 un izpild\u012bja Kult\u016bras ministrijas pas\u016bt\u012bjumus pieminek\u013cu restaur\u0113\u0161anai. Apvienot\u0101 organiz\u0101cija palika ministrijas pak\u013caut\u012bb\u0101 ar nosaukumu \u201eZin\u0101tnisk\u0101s restaur\u0113\u0161anas remontu kantoris\u201c (ZRRK). Kop\u0161 1965. gada 1. augusta no ZRRK projektu izstr\u0101d\u0101\u0161anas grupas izveidoja atsevi\u0161\u0137u organiz\u0101ciju \u201eZin\u0101tnisk\u0101s restaur\u0113\u0161anas projekt\u0113\u0161anas konstruktoru birojs\u201c. 1975. gad\u0101 ZRRK p\u0101rd\u0113v\u0113ja par \u201eZin\u0101tnisk\u0101s restaur\u0113\u0161anas p\u0101rvaldi\u201c (ZRP).<\/p>\n<p style=\"text-align: justify;\">Padzi\u013cinoties sabiedr\u012bbas interesei par kult\u016bras pieminek\u013cu saglab\u0101\u0161anu, kop\u0161anu, stipri papla\u0161in\u0101j\u0101s ZRP darb\u012bba vis\u0101 Latvijas teritorij\u0101. Vair\u0101k\u0101s provinces pils\u0113t\u0101s tika nodibin\u0101ti atsevi\u0161\u0137i ra\u017eo\u0161anas iecirk\u0146i: Kuld\u012bg\u0101 1972., C\u0113s\u012bs 1979., Ventspili 1982., Liep\u0101j\u0101 1985., Daugavpil\u012b 1987., Valmier\u0101 1988., Jelgav\u0101 1988., Bausk\u0101 1989. un Talsos 1990. gad\u0101. Iecirk\u0146iem saimnieciski nostiprinoties, izmain\u012bj\u0101s ra\u017eo\u0161anas attiec\u012bbas ar ZRP, un no 1989. gada tie k\u013cuva par vair\u0101k vai maz\u0101k patst\u0101v\u012bgiem uz\u0146\u0113mumiem.<\/p>\n<blockquote>\n<h4><span style=\"color: #ae7a06;\">Izsekojot p\u0101rvaldes v\u0113sturei, k\u013c\u016bst skaidrs, ka t\u0101 nemit\u012bgi p\u0101rveidoj\u0101s un papla\u0161in\u0101j\u0101s. Str\u0101d\u0101jo\u0161o skaits no apm\u0113ram 100 cilv\u0113kiem pirmaj\u0101 gad\u0101 pieauga l\u012bdz 930 cilv\u0113kiem 1990. gad\u0101 (ieskaitot ar\u012b rajonu iecirk\u0146us).<\/span><\/h4>\n<\/blockquote>\n<p>&nbsp;<\/p>\n<p style=\"text-align: justify;\">Zin\u0101tnisk\u0101s restaur\u0113\u0161anas p\u0101rvaldes veiktie darbi raksturojami ar \u013coti lielu da\u017e\u0101d\u012bbu: s\u0101kot ar parastajiem celtniec\u012bbas darbiem un beidzot ar vissmalk\u0101kajiem restauratoru veikumiem da\u017e\u0101du m\u0101ksliniecisko v\u0113rt\u012bbu restaur\u0113\u0161an\u0101.<\/p>\n<p style=\"text-align: justify;\">ZRP ra\u017eo\u0161anas sp\u0113ki R\u012bg\u0101 bija sadal\u012bti piecos iecirk\u0146os un pal\u012bgra\u017eo\u0161anas darbn\u012bc\u0101s (meh\u0101nisk\u0101, galdniec\u012bbas, z\u0101\u0123\u0113tavas). Divi no tiem bija specializ\u0113tie iecirk\u0146i elektr\u012bbas instal\u0101cijas darbu veik\u0161anai un m\u0101ksliniecisko, dekorat\u012bvo darbu (gleznojumu, veidojumu, kokgriezumu u. c.) restaur\u0113\u0161anai. Past\u0101v\u0113ja ar\u012b specializ\u0113ta santehnikas darbu brig\u0101de. Pie elektr\u012bbas instal\u0101cijas darbu iecirk\u0146a tika izveidota ar\u012b neliela lustru restaur\u0101cijas darbn\u012bca. Ra\u017eo\u0161anas vajadz\u012bb\u0101m tika izveidota kompleks\u0101s projekt\u0113\u0161anas noda\u013ca apm\u0113ram 15 cilv\u0113ku sast\u0101v\u0101. P\u0101rvaldei bija savs transporta l\u012bdzek\u013cu un celtniec\u012bbas tehnikas parks.<\/p>\n<p style=\"text-align: justify;\">Restaur\u0101cijas darbi tika veikti valstij noz\u012bm\u012bgos kult\u016brv\u0113sturiskos objektos, t\u0101pat p\u0101rvalde akt\u012bvi piedal\u012bj\u0101s kult\u016bras objektu celtniec\u012bb\u0101 un atjauno\u0161an\u0101.<\/p>\n<blockquote>\n<h4 style=\"text-align: left;\"><span style=\"color: #ae7a06;\">K\u0101 viens no noz\u012bm\u012bg\u0101kajiem projektiem j\u0101atz\u012bm\u0113 Rund\u0101les pils muzeja atjauno\u0161ana. Muzeja telp\u0101s tika veikti gan restaur\u0101cijas darbi, gan visu in\u017eeniertehnisko t\u012bklu \u2013 apkures, elektrosist\u0113mu, ventil\u0101cijas \u2013 izb\u016bve. Paral\u0113li Rund\u0101les pils atjauno\u0161anai tika veikta restaur\u0101cija Bauskas pil\u012b, m\u016bra konserv\u0101cija Me\u017eotnes pil\u012b.<\/span><\/h4>\n<\/blockquote>\n<p>&nbsp;<\/p>\n<p style=\"text-align: justify;\">Tika restaur\u0113ta E. Smi\u013c\u0123a memori\u0101l\u0101 \u0113ka un izb\u016bv\u0113ts Te\u0101tra muzejs. Iev\u0113rojams restaur\u0101cijas darbs bija P\u0113tera bazn\u012bcas atjauno\u0161ana, Doma koncertz\u0101les ier\u012bko\u0161ana R\u012bgas Doma bazn\u012bcas telp\u0101s, P\u0113tera-P\u0101vila bazn\u012bcas telpu atjauno\u0161ana un koncertz\u0101les \u201eAve Sol\u201d ier\u012bko\u0161ana. \u013boti atbild\u012bgs uzdevums bija Br\u012bv\u012bbas pieminek\u013ca restaur\u0101cija 1987. gad\u0101.<\/p>\n<p style=\"text-align: justify;\">Vair\u0101kus gadus kop\u0161 1965. gada tika veikti Br\u0101\u013cu kapu memori\u0101la saglab\u0101\u0161anas un atjauno\u0161anas darbi. C\u0113su pils muzej\u0101 atjaunoja zirgu sta\u013c\u013cus un izveidoja izst\u0101\u017eu z\u0101li. C\u0113su pil\u012b tika veikti restaur\u0101cijas darbi. Laika period\u0101 no 1965. l\u012bdz 1975. gadam tika veikta Jaunpils pils atjauno\u0161ana.<\/p>\n<p style=\"text-align: justify;\">Restaur\u0101cijas p\u0101rvalde ir veikusi ar\u012b Latvijas V\u0113stniec\u012bbas \u0113kas Maskav\u0101, \u010capligina iel\u0101 3, atjauno\u0161anu.<\/p>\n<p style=\"text-align: justify;\">J\u0101atz\u012bm\u0113, ka p\u0113c PSRS Kult\u016bras ministrijas nor\u012bkojuma Latvijas restauratori piedal\u012bj\u0101s Maskavas Krem\u013ca sienas atjauno\u0161an\u0101 laik\u0101 no 1979. l\u012bdz 1980. gadam.<\/p>\n<p style=\"text-align: justify;\">R\u012bgas pils\u0113t\u0101 Restaur\u0101cijas p\u0101rvalde piedal\u012bj\u0101s Operas te\u0101tra rekonstrukcij\u0101 un restaur\u0101cij\u0101, veica kinote\u0101tra \u201eR\u012bga\u201d, tagad \u201eSpendid Palace\u201d, restaur\u0101ciju, k\u0101 ar\u012b biju\u0161\u0101 kinote\u0101tra \u201eSpartaks\u201d rekonstrukciju. Laika posm\u0101 no 1965. l\u012bdz 1967. gadam tika veikta Krievu dr\u0101mas te\u0101tra rekonstrukcija. Etnogr\u0101fiskaj\u0101 Br\u012bvdabas muzej\u0101 ir veikti \u0113ku sagl\u0101b\u0161anas darbi, k\u0101 ar\u012b p\u0101rvestas koka \u0113kas no da\u017e\u0101diem republikas novadiem. 20. gadsimta 80. gados tika rekonstru\u0113ta Saeimas \u0113ka J\u0113kaba iel\u0101.<\/p>\n<p style=\"text-align: justify;\">V\u0113l\u0101k valsts uz\u0146\u0113mums ieguva nosaukumu \u201cLatvijas Restaurators\u201d, bet 1993. gada 23.\u00a0janv\u0101r\u012b tas tika privatiz\u0113ts. Aptuveni 200 biju\u0161\u0101 valsts uz\u0146\u0113muma darbinieki k\u013cuva par jaundibin\u0101t\u0101s akciju sabiedr\u012bbas \u012bpa\u0161niekiem un akcion\u0101riem. Tika saglab\u0101ta ra\u017eo\u0161anas b\u0101ze un restaur\u0101cijas darbn\u012bcas R\u012bg\u0101, Jelgavas iel\u0101 36, kas deva iesp\u0113ju akciju sabiedr\u012bbai \u201cRestaurators\u201d veiksm\u012bgi turpin\u0101t darbu atjaunotaj\u0101 Latvijas Republik\u0101.<\/p>\n<blockquote>\n<h4 style=\"text-align: left;\"><span style=\"color: #ae7a06;\">Visbeidzot 2004. gad\u0101 uz\u0146\u0113mums ieguva savu tagad\u0113jo nosaukumu\u00a0\u2013 akciju sabiedr\u012bba \u201cB\u016bvuz\u0146\u0113mums Restaurators\u201d, ar kuru turpina str\u0101d\u0101t ar\u012b \u0161odien.<\/span><\/h4>\n<\/blockquote>\n<p>&nbsp;<\/p>\n<p style=\"text-align: justify;\">AS \u201eB\u016bvuz\u0146\u0113mums Restaurators\u201d ir vien\u012bgais b\u016bvniec\u012bbas uz\u0146\u0113mums Latvij\u0101, kas str\u0101d\u0101 jau vair\u0101k k\u0101 65 gadus un var lepoties ar to, ka visu \u0161o gadu garum\u0101 ne uz mirkli nav p\u0101rtraucis savu darb\u012bbu (neskatoties uz valsts iek\u0101rtas mai\u0146u un citiem satricin\u0101jumiem, kas to var\u0113ja aptur\u0113t). Uz\u0146\u0113muma past\u0101v\u0113\u0161anas laik\u0101 ir nomain\u012bju\u0161\u0101s vair\u0101kas restauratoru un b\u016bvnieku paaudzes, bet starp darbiniekiem ir t\u0101di, <strong><a href=\"http:\/\/www.restaurators.lv\/lv\/2016\/09\/06\/valdis-uzarins-sanem-buvindustrijas-lielo-balvu\/\">kas nostr\u0101d\u0101ju\u0161i uz\u0146\u0113mum\u0101 pat vair\u0101k nek\u0101 40 gadus<\/a><\/strong>.<\/p>\n<p>&nbsp;<\/p>\n","protected":false},"excerpt":{"rendered":"<p>AS \u201eB\u016bvuz\u0146\u0113mums Restaurators\u201d ir liel\u0101kais, vec\u0101kais un trad\u012bcij\u0101m bag\u0101t\u0101kais m\u0101ksliniecisk\u0101s restaur\u0101cijas uz\u0146\u0113mums Latvij\u0101, kas veicis praktiski visu iev\u0113rojam\u0101ko kult\u016brv\u0113sturisko un arhitekt\u016bras objektu atjauno\u0161anu valst\u012b. Nu jau vair\u0101k nek\u0101 se\u0161desmit piecus gadus uz\u0146\u0113muma galvenais uzdevums ir valstiski svar\u012bgu kult\u016bras pieminek\u013cu saglab\u0101\u0161ana un atjauno\u0161ana. Ar\u012b m\u0101kslinieku un meistaru pieredze, kas g\u016bta neskait\u0101mos objektos visu \u0161o gadu garum\u0101,\u2026<\/p>\n<p class=\"continue-reading-button\"> <a class=\"continue-reading-link\" href=\"http:\/\/www.restaurators.lv\/lv\/uznemuma-vesture\/\">Turpin\u0101t las\u012bt<i class=\"crycon-right-dir\"><\/i><\/a><\/p>\n","protected":false},"author":2,"featured_media":0,"parent":0,"menu_order":1,"comment_status":"closed","ping_status":"closed","template":"","meta":{"footnotes":""},"_links":{"self":[{"href":"http:\/\/www.restaurators.lv\/lv\/wp-json\/wp\/v2\/pages\/2"}],"collection":[{"href":"http:\/\/www.restaurators.lv\/lv\/wp-json\/wp\/v2\/pages"}],"about":[{"href":"http:\/\/www.restaurators.lv\/lv\/wp-json\/wp\/v2\/types\/page"}],"author":[{"embeddable":true,"href":"http:\/\/www.restaurators.lv\/lv\/wp-json\/wp\/v2\/users\/2"}],"replies":[{"embeddable":true,"href":"http:\/\/www.restaurators.lv\/lv\/wp-json\/wp\/v2\/comments?post=2"}],"version-history":[{"count":46,"href":"http:\/\/www.restaurators.lv\/lv\/wp-json\/wp\/v2\/pages\/2\/revisions"}],"predecessor-version":[{"id":2453,"href":"http:\/\/www.restaurators.lv\/lv\/wp-json\/wp\/v2\/pages\/2\/revisions\/2453"}],"wp:attachment":[{"href":"http:\/\/www.restaurators.lv\/lv\/wp-json\/wp\/v2\/media?parent=2"}],"curies":[{"name":"wp","href":"https:\/\/api.w.org\/{rel}","templated":true}]}}