{"id":2587,"date":"2018-07-04T12:50:08","date_gmt":"2018-07-04T09:50:08","guid":{"rendered":"http:\/\/www.restaurators.lv\/lv\/?page_id=2587"},"modified":"2018-07-04T14:05:40","modified_gmt":"2018-07-04T11:05:40","slug":"korporativas-socialas-atbildibas-politika","status":"publish","type":"page","link":"http:\/\/www.restaurators.lv\/lv\/korporativas-socialas-atbildibas-politika\/","title":{"rendered":"Korporat\u012bv\u0101s soci\u0101l\u0101s atbild\u012bbas politika"},"content":{"rendered":"<h4 style=\"text-align: center;\"><a href=\"http:\/\/www.restaurators.lv\/lv\/wp-content\/uploads\/2018\/07\/BR-Kiveres.jpg\" rel=\"attachment wp-att-2597\"><img loading=\"lazy\" decoding=\"async\" class=\"aligncenter size-large wp-image-2597\" src=\"http:\/\/www.restaurators.lv\/lv\/wp-content\/uploads\/2018\/07\/BR-Kiveres-800x304.jpg\" alt=\"BR-Kiveres\" width=\"800\" height=\"304\" srcset=\"http:\/\/www.restaurators.lv\/lv\/wp-content\/uploads\/2018\/07\/BR-Kiveres-800x304.jpg 800w, http:\/\/www.restaurators.lv\/lv\/wp-content\/uploads\/2018\/07\/BR-Kiveres-300x114.jpg 300w, http:\/\/www.restaurators.lv\/lv\/wp-content\/uploads\/2018\/07\/BR-Kiveres-250x95.jpg 250w, http:\/\/www.restaurators.lv\/lv\/wp-content\/uploads\/2018\/07\/BR-Kiveres-150x57.jpg 150w, http:\/\/www.restaurators.lv\/lv\/wp-content\/uploads\/2018\/07\/BR-Kiveres.jpg 970w\" sizes=\"(max-width: 800px) 100vw, 800px\" \/><\/a>***<\/h4>\n<p style=\"text-align: center;\"><strong>AS \u201cB\u016bvuz\u0146\u0113mums Restaurators\u201d<br \/>\n<\/strong><\/p>\n<h4 style=\"text-align: center;\"><strong>Korporat\u012bv\u0101s soci\u0101l\u0101s atbild\u012bbas politika<\/strong><\/h4>\n<h4 style=\"text-align: center;\">***<\/h4>\n<h4><strong>Politikas m\u0113r\u0137is<\/strong><\/h4>\n<hr \/>\n<p style=\"text-align: justify;\">Izstr\u0101d\u0101t un \u012bstenot akciju sabiedr\u012bbas \u201cB\u016bvuz\u0146\u0113mums Restaurators\u201d darb\u012bbas virzieniem piem\u0113rot\u0101k\u0101s aktivit\u0101tes korporat\u012bv\u0101s soci\u0101l\u0101s atbild\u012bbas (turpm\u0101k &#8211; KSA) jom\u0101, lai veicin\u0101tu uz\u0146\u0113muma konkur\u0113tsp\u0113jas paaugstin\u0101\u0161anu un ilgtsp\u0113j\u012bgu att\u012bst\u012bbu.<\/p>\n<h4><strong>Pamatprincipi<\/strong><\/h4>\n<hr \/>\n<p>&nbsp;<\/p>\n<ol>\n<li style=\"text-align: justify;\">KSA aktivit\u0101\u0161u izv\u0113lei j\u0101atbilst AS \u201cB\u016bvuz\u0146\u0113mums Restaurators\u201d v\u0113rt\u012bb\u0101m (Atbild\u012bba, Efektivit\u0101te, Atv\u0113rt\u012bba), un to \u012bsteno\u0161an\u0101 tiek iesaist\u012bti uz\u0146\u0113muma darbinieki un sabiedr\u012bba.<\/li>\n<\/ol>\n<ol style=\"text-align: justify;\" start=\"2\">\n<li>AS \u201cB\u016bvuz\u0146\u0113mums Restaurators\u201d \u012bsteno KSA \u0161\u0101d\u0101s form\u0101s:<\/li>\n<\/ol>\n<ul style=\"text-align: justify;\">\n<li>kult\u016brv\u0113sturisk\u0101 mantojuma saglab\u0101\u0161ana;<\/li>\n<li>inform\u0113\u0161ana un izgl\u012bto\u0161ana;<\/li>\n<li>ieinteres\u0113to pu\u0161u iesaiste;<\/li>\n<li>stipendijas un prakses vietas;<\/li>\n<li>izp\u0113te un att\u012bst\u012bba;<\/li>\n<li>ziedojumi un d\u0101vin\u0101jumi.<\/li>\n<\/ul>\n<ol style=\"text-align: justify;\" start=\"3\">\n<li>Lai atbalst\u012btu KSA labo praksi un veicin\u0101tu sabiedr\u012bbas labkl\u0101j\u012bbas paaugstin\u0101\u0161anu, uz\u0146\u0113mums savas KSA aktivit\u0101tes \u012bsteno \u0161\u0101dos virzienos:<\/li>\n<\/ol>\n<ul style=\"text-align: justify;\">\n<li><strong><u>Zin\u0101tne un izgl\u012bt\u012bba.<\/u><\/strong><\/li>\n<\/ul>\n<p style=\"text-align: justify;\">Veicinot zin\u0101tnes un izgl\u012bt\u012bbas att\u012bst\u012bbu restaur\u0101cijas un b\u016bvniec\u012bbas nozar\u0113s, tiek \u012bstenoti \u0161\u0101di uzdevumi:<\/p>\n<ul style=\"text-align: justify;\">\n<li>veicin\u0101t jaunie\u0161u interesi par m\u0101c\u012bbu priek\u0161metiem, kas saist\u012bti ar restaur\u0101ciju, amatniec\u012bbu un b\u016bvniec\u012bbu, k\u0101 ar\u012b in\u017eeniertehniskaj\u0101m profesij\u0101m;<\/li>\n<li>atbalst\u012bt jaunie\u0161u izcil\u012bbu zin\u0101t\u0146u jom\u0101s, kas saist\u012btas ar restaur\u0101ciju, profesion\u0101lo amatniec\u012bbu un b\u016bvniec\u012bbu;<\/li>\n<li>papildin\u0101t un papla\u0161in\u0101t vid\u0113j\u0101s un augst\u0101k\u0101s izgl\u012bt\u012bbas m\u0101c\u012bbu b\u0101zi pasniedz\u0113jiem ar uz\u0146\u0113muma pieredzi un m\u0101c\u012bbu materi\u0101liem;<\/li>\n<li>atbalst\u012bt restaur\u0101cijas un b\u016bvniec\u012bbas nozaru m\u0101c\u012bbsp\u0113ku p\u0113tniecisko un zin\u0101tnisko darb\u012bbu;<\/li>\n<li>veicin\u0101t jaunie\u0161u interesi par amatniec\u012bbu, restaur\u0101cijas un b\u016bvniec\u012bbas nozar\u0113m, k\u0101 ar\u012b profesion\u0101lo darb\u012bbu taj\u0101s.<\/li>\n<\/ul>\n<ul style=\"text-align: justify;\">\n<li><strong><u>Sabiedr\u012bbas izgl\u012bto\u0161ana par restaur\u0101cijas un b\u016bvniec\u012bbas nozar\u0113m, k\u0101 ar\u012b profesion\u0101lo amatniec\u012bbu.<\/u><\/strong><\/li>\n<\/ul>\n<p style=\"text-align: justify;\">Sabiedr\u012bbas izgl\u012bto\u0161ana par restaur\u0101cijas un b\u016bvniec\u012bbas nozar\u0113m, k\u0101 ar\u012b profesion\u0101lo amatniec\u012bbu, ir viena no AS \u201cB\u016bvuz\u0146\u0113mums Restaurators\u201d korporat\u012bv\u0101s soci\u0101l\u0101s atbild\u012bbas priorit\u0101t\u0113m. Sadarb\u012bb\u0101 ar izgl\u012bt\u012bbas iest\u0101d\u0113m un instit\u016bcij\u0101m, k\u0101 ar\u012b nozares ekspertiem tiek \u012bstenoti izgl\u012bt\u012bbas projekti, lai veicin\u0101tu sabiedr\u012bbas, jaunie\u0161u, studentu, amatnieku un citu ieinteres\u0113to grupu inform\u0113\u0161anu un izgl\u012bto\u0161anu.<\/p>\n<ul style=\"text-align: justify;\">\n<li><strong><u>Kult\u016brv\u0113sturisk\u0101 mantojuma saglab\u0101\u0161ana. <\/u><\/strong><\/li>\n<\/ul>\n<p style=\"text-align: justify;\">AS \u201cB\u016bvuz\u0146\u0113mums Restaurators\u201d veic pla\u0161u darb\u012bbu kompleksu sadarb\u012bb\u0101 ar da\u017e\u0101d\u0101m iesaist\u012btaj\u0101m un ieinteres\u0113t\u0101j\u0101m pus\u0113m, lai veicin\u0101tu kult\u016brv\u0113sturisk\u0101 mantojuma un arhitekt\u016bras pieminek\u013cu saglab\u0101\u0161anu Latvij\u0101, k\u0101 ar\u012b \u0101rpus t\u0101s.<\/p>\n<ul style=\"text-align: justify;\">\n<li><strong><u>Vides aizsardz\u012bba<\/u>.<\/strong><\/li>\n<\/ul>\n<p style=\"text-align: justify;\">Vides aizsardz\u012bbas jom\u0101 AS \u201cB\u016bvuz\u0146\u0113mums Restaurators\u201d \u012bsteno \u0161\u0101das KSA aktivit\u0101tes:<\/p>\n<ul style=\"text-align: justify;\">\n<li>veicina t\u012br\u0101kas ra\u017eo\u0161anas pamatprincipu piem\u0113ro\u0161anu visos ar uz\u0146\u0113muma darb\u012bbu saist\u012btajos procesos, kuriem var b\u016bt ietekme uz vidi;<\/li>\n<li>darbinieku un pla\u0161as sabiedr\u012bbas vides apzi\u0146as paaugstin\u0101\u0161anas nol\u016bk\u0101 organiz\u0113 aktivit\u0101tes, kas veicina \u201cza\u013co dom\u0101\u0161anu\u201d.<\/li>\n<\/ul>\n<ul style=\"text-align: justify;\">\n<li><strong><u>Soci\u0101lais atbalsts un atbild\u012bba pret darbiniekiem.<\/u><\/strong><\/li>\n<\/ul>\n<p style=\"text-align: justify;\">AS \u201cB\u016bvuz\u0146\u0113mums Restaurators\u201d veicina sabiedr\u012bbas dz\u012bves kvalit\u0101tes cel\u0161anu un ir soci\u0101li atbild\u012bgs darba dev\u0113js, kas veido dro\u0161u darba vidi, atbalsta l\u012bdzdal\u012bbu darba un dz\u012bves apst\u0101k\u013cu nodro\u0161in\u0101\u0161an\u0101 darbiniekiem, t\u0101d\u0113j\u0101di ar\u012b sabiedr\u012bbai kopum\u0101.<\/p>\n<ol style=\"text-align: justify;\" start=\"4\">\n<li>KSA politikas ietvaros un atbilsto\u0161i uz\u0146\u0113muma strat\u0113\u0123ijai, AS \u201cB\u016bvuz\u0146\u0113mums Restaurators\u201d izv\u0113las iesaist\u012bties t\u0101d\u0101s aktivit\u0101t\u0113s, kuras atbilst vienam vai vair\u0101kiem \u0161\u0101diem krit\u0113rijiem:<\/li>\n<\/ol>\n<ul style=\"text-align: justify;\">\n<li>atbilst uz\u0146\u0113muma ilgtermi\u0146a strat\u0113\u0123iskajiem m\u0113r\u0137iem un veicina to sasnieg\u0161anu;<\/li>\n<li>atbilst uz\u0146\u0113muma darb\u012bbas virzieniem, veicina sabiedr\u012bbas izpratni par \u0161o darb\u012bbas virzienu aktualit\u0101t\u0113m;<\/li>\n<li>sniedz b\u016btisku ilgtermi\u0146a iespaidu un sabiedrisko labumu, k\u0101 ar\u012b turpina jau \u012bstenotas un ies\u0101ktas atbalsta programmas;<\/li>\n<li>veicina pla\u0161u sabiedr\u012bbas grupu, k\u0101 ar\u012b uz\u0146\u0113muma darbinieku iesaisti;<\/li>\n<li>nodro\u0161ina ilgtermi\u0146a abpus\u0113ji bag\u0101tino\u0161as attiec\u012bbas ar projektu pas\u016bt\u012bt\u0101jiem un cit\u0101m ieinteres\u0113taj\u0101m pus\u0113m;<\/li>\n<li>pal\u012bdz att\u012bst\u012bt z\u012bmolu v\u0113rt\u012bbu un uz\u0146\u0113muma t\u0113lu.<\/li>\n<\/ul>\n<p style=\"text-align: justify;\">\u012astenojot KSA aktivit\u0101tes, AS \u201cB\u016bvuz\u0146\u0113mums Restaurators\u201d \u0146em v\u0113r\u0101 \u0161\u0101dus aspektus:<\/p>\n<ul style=\"text-align: justify;\">\n<li>tie\u0161a saist\u012bba ar restaur\u0101ciju, amatniec\u012bbu vai b\u016bvniec\u012bbu, k\u0101 ar\u012b kult\u016brv\u0113sturisk\u0101 mantojuma saglab\u0101\u0161anu;<\/li>\n<li>aktivit\u0101te orient\u0113ta uz sabiedr\u012bbas ieguvumu ilgtermi\u0146\u0101;<\/li>\n<li>ietver komunik\u0101cijas potenci\u0101lu, un nav nepiecie\u0161ams ieguld\u012bt nesam\u0113r\u012bgus papildu l\u012bdzek\u013cus komunik\u0101cijas nodro\u0161in\u0101\u0161an\u0101;<\/li>\n<li>viena projekta ietvaros organiz\u0113t\u0101ju un citu atbalst\u012bt\u0101ju reput\u0101cija nedr\u012bkst b\u016bt pretrun\u0101 ar AS \u201cB\u016bvuz\u0146\u0113mums Restaurators\u201d kapit\u0101lsabiedr\u012bbu un z\u012bmolu v\u0113rt\u012bb\u0101m un raksturu.<\/li>\n<\/ul>\n<ol style=\"text-align: justify;\" start=\"5\">\n<li>AS \u201cB\u016bvuz\u0146\u0113mums Restaurators\u201d neatbalsta:<\/li>\n<\/ol>\n<ul>\n<li style=\"text-align: justify;\">aktivit\u0101tes ar neskaidri formul\u0113tiem principiem un\/vai ap\u0161aub\u0101mu sabiedrisko noz\u012bm\u012bgumu;<\/li>\n<li style=\"text-align: justify;\">uz savt\u012bg\u0101m, merkantil\u0101m interes\u0113m orient\u0113tas aktivit\u0101tes.<\/li>\n<\/ul>\n<p style=\"text-align: center;\">***<\/p>\n","protected":false},"excerpt":{"rendered":"<p>*** AS \u201cB\u016bvuz\u0146\u0113mums Restaurators\u201d Korporat\u012bv\u0101s soci\u0101l\u0101s atbild\u012bbas politika *** Politikas m\u0113r\u0137is Izstr\u0101d\u0101t un \u012bstenot akciju sabiedr\u012bbas \u201cB\u016bvuz\u0146\u0113mums Restaurators\u201d darb\u012bbas virzieniem piem\u0113rot\u0101k\u0101s aktivit\u0101tes korporat\u012bv\u0101s soci\u0101l\u0101s atbild\u012bbas (turpm\u0101k &#8211; KSA) jom\u0101, lai veicin\u0101tu uz\u0146\u0113muma konkur\u0113tsp\u0113jas paaugstin\u0101\u0161anu un ilgtsp\u0113j\u012bgu att\u012bst\u012bbu. Pamatprincipi &nbsp; KSA aktivit\u0101\u0161u izv\u0113lei j\u0101atbilst AS \u201cB\u016bvuz\u0146\u0113mums Restaurators\u201d v\u0113rt\u012bb\u0101m (Atbild\u012bba, Efektivit\u0101te, Atv\u0113rt\u012bba), un to \u012bsteno\u0161an\u0101 tiek iesaist\u012bti\u2026<\/p>\n<p class=\"continue-reading-button\"> <a class=\"continue-reading-link\" href=\"http:\/\/www.restaurators.lv\/lv\/korporativas-socialas-atbildibas-politika\/\">Turpin\u0101t las\u012bt<i class=\"crycon-right-dir\"><\/i><\/a><\/p>\n","protected":false},"author":2,"featured_media":0,"parent":0,"menu_order":0,"comment_status":"closed","ping_status":"closed","template":"","meta":{"footnotes":""},"_links":{"self":[{"href":"http:\/\/www.restaurators.lv\/lv\/wp-json\/wp\/v2\/pages\/2587"}],"collection":[{"href":"http:\/\/www.restaurators.lv\/lv\/wp-json\/wp\/v2\/pages"}],"about":[{"href":"http:\/\/www.restaurators.lv\/lv\/wp-json\/wp\/v2\/types\/page"}],"author":[{"embeddable":true,"href":"http:\/\/www.restaurators.lv\/lv\/wp-json\/wp\/v2\/users\/2"}],"replies":[{"embeddable":true,"href":"http:\/\/www.restaurators.lv\/lv\/wp-json\/wp\/v2\/comments?post=2587"}],"version-history":[{"count":13,"href":"http:\/\/www.restaurators.lv\/lv\/wp-json\/wp\/v2\/pages\/2587\/revisions"}],"predecessor-version":[{"id":2602,"href":"http:\/\/www.restaurators.lv\/lv\/wp-json\/wp\/v2\/pages\/2587\/revisions\/2602"}],"wp:attachment":[{"href":"http:\/\/www.restaurators.lv\/lv\/wp-json\/wp\/v2\/media?parent=2587"}],"curies":[{"name":"wp","href":"https:\/\/api.w.org\/{rel}","templated":true}]}}