{"id":830,"date":"2016-02-15T06:06:00","date_gmt":"2016-02-15T03:06:00","guid":{"rendered":"http:\/\/www.restaurators.lv\/lv\/?page_id=830"},"modified":"2016-04-16T10:10:40","modified_gmt":"2016-04-16T07:10:40","slug":"buvniecibas-darbi","status":"publish","type":"page","link":"http:\/\/www.restaurators.lv\/lv\/pakalpojumi\/buvniecibas-darbi\/","title":{"rendered":"B\u016bvniec\u012bbas darbi"},"content":{"rendered":"<p style=\"text-align: justify;\"><a href=\"http:\/\/www.restaurators.lv\/en\/wp-content\/uploads\/2015\/09\/Tetera-MID-001.jpg\" rel=\"attachment wp-att-308\"><img loading=\"lazy\" decoding=\"async\" class=\"aligncenter wp-image-308\" src=\"http:\/\/www.restaurators.lv\/en\/wp-content\/uploads\/2015\/09\/Tetera-MID-001.jpg\" alt=\"Tetera nams | St\u016bra m\u0101ja | 001\" width=\"800\" height=\"533\" srcset=\"http:\/\/www.restaurators.lv\/lv\/wp-content\/uploads\/2015\/09\/Tetera-MID-001.jpg 1800w, http:\/\/www.restaurators.lv\/lv\/wp-content\/uploads\/2015\/09\/Tetera-MID-001-300x200.jpg 300w, http:\/\/www.restaurators.lv\/lv\/wp-content\/uploads\/2015\/09\/Tetera-MID-001-1024x683.jpg 1024w, http:\/\/www.restaurators.lv\/lv\/wp-content\/uploads\/2015\/09\/Tetera-MID-001-225x150.jpg 225w, http:\/\/www.restaurators.lv\/lv\/wp-content\/uploads\/2015\/09\/Tetera-MID-001-150x100.jpg 150w\" sizes=\"(max-width: 800px) 100vw, 800px\" \/><\/a><\/p>\n<p style=\"text-align: justify;\">No klasiskiem b\u016bvniec\u012bbas uz\u0146\u0113mumiem AS \u201eB\u016bvuz\u0146\u0113mums Restaurators\u201d at\u0161\u0137iras ar to, ka specializ\u0113jas restaur\u0101cijas, renov\u0101cijas un rekonstrukcijas projektu realiz\u0101cij\u0101. \u0160ajos specifiskajos un komplic\u0113tajos projektos desmitgad\u0113s g\u016bt\u0101 pieredze \u013cauj sekm\u012bgi veikt praktiski jebkurus citus b\u016bvniec\u012bbas darbus, risinot visda\u017e\u0101d\u0101k\u0101s sare\u017e\u0123\u012bt\u012bbas pak\u0101pes tehniskos uzdevumus.<\/p>\n<p style=\"text-align: justify;\"><a href=\"http:\/\/www.restaurators.lv\/en\/wp-content\/uploads\/2016\/02\/MID-001-Tetera-nams-HDR-001.jpg\" rel=\"attachment wp-att-913\"><img loading=\"lazy\" decoding=\"async\" class=\"aligncenter wp-image-913\" src=\"http:\/\/www.restaurators.lv\/en\/wp-content\/uploads\/2016\/02\/MID-001-Tetera-nams-HDR-001.jpg\" alt=\"Tetera nams | St\u016bra m\u0101ja\" width=\"800\" height=\"533\" srcset=\"http:\/\/www.restaurators.lv\/lv\/wp-content\/uploads\/2016\/02\/MID-001-Tetera-nams-HDR-001.jpg 1800w, http:\/\/www.restaurators.lv\/lv\/wp-content\/uploads\/2016\/02\/MID-001-Tetera-nams-HDR-001-300x200.jpg 300w, http:\/\/www.restaurators.lv\/lv\/wp-content\/uploads\/2016\/02\/MID-001-Tetera-nams-HDR-001-1024x683.jpg 1024w, http:\/\/www.restaurators.lv\/lv\/wp-content\/uploads\/2016\/02\/MID-001-Tetera-nams-HDR-001-225x150.jpg 225w, http:\/\/www.restaurators.lv\/lv\/wp-content\/uploads\/2016\/02\/MID-001-Tetera-nams-HDR-001-150x100.jpg 150w\" sizes=\"(max-width: 800px) 100vw, 800px\" \/><\/a><\/p>\n<p style=\"text-align: justify;\">B\u016bvniec\u012bbas process, ori\u0123in\u0101lu celtniec\u012bbas risin\u0101jumu mekl\u0113\u0161ana, cie\u0161a sadarb\u012bba ar projekt\u0113t\u0101jiem, b\u016bvniec\u012bbas projektu saska\u0146o\u0161ana visda\u017e\u0101d\u0101kajos l\u012bme\u0146os un instanc\u0113s, k\u0101 ar\u012b to nodo\u0161ana ekspluat\u0101cij\u0101 \u2013 t\u0101 ir AS\u00a0\u201eB\u016bvuz\u0146\u0113mums Restaurators\u201d speci\u0101listu ikdiena.<\/p>\n<blockquote>\n<h4><span style=\"color: #ae7a06;\">Realiz\u0113tie projekti ir valsts m\u0113roga kult\u016bras un m\u0101kslas pieminek\u013ci, v\u0113sturiskas celtnes, da\u017e\u0101du konfesiju dievnami, prezidentu apartamenti un virkne priv\u0101tu pas\u016bt\u012bjumu (ekskluz\u012bvi dz\u012bvok\u013ci, priv\u0101tm\u0101jas, mui\u017eas un pat pilis). <\/span><\/h4>\n<\/blockquote>\n<p>&nbsp;<\/p>\n<p style=\"text-align: justify;\"><a href=\"http:\/\/www.restaurators.lv\/en\/wp-content\/uploads\/2016\/04\/010-Doma-kapelu-restauracija-1806-MID.jpg\" rel=\"attachment wp-att-1273\"><img loading=\"lazy\" decoding=\"async\" class=\"aligncenter wp-image-1273\" src=\"http:\/\/www.restaurators.lv\/en\/wp-content\/uploads\/2016\/04\/010-Doma-kapelu-restauracija-1806-MID.jpg\" alt=\"R\u012bgas Doma restaur\u0113t\u0101 Neima\u0146a ieeja 010\" width=\"800\" height=\"533\" srcset=\"http:\/\/www.restaurators.lv\/lv\/wp-content\/uploads\/2016\/04\/010-Doma-kapelu-restauracija-1806-MID.jpg 1800w, http:\/\/www.restaurators.lv\/lv\/wp-content\/uploads\/2016\/04\/010-Doma-kapelu-restauracija-1806-MID-300x200.jpg 300w, http:\/\/www.restaurators.lv\/lv\/wp-content\/uploads\/2016\/04\/010-Doma-kapelu-restauracija-1806-MID-768x512.jpg 768w, http:\/\/www.restaurators.lv\/lv\/wp-content\/uploads\/2016\/04\/010-Doma-kapelu-restauracija-1806-MID-1024x683.jpg 1024w, http:\/\/www.restaurators.lv\/lv\/wp-content\/uploads\/2016\/04\/010-Doma-kapelu-restauracija-1806-MID-225x150.jpg 225w, http:\/\/www.restaurators.lv\/lv\/wp-content\/uploads\/2016\/04\/010-Doma-kapelu-restauracija-1806-MID-150x100.jpg 150w\" sizes=\"(max-width: 800px) 100vw, 800px\" \/><\/a><\/p>\n<p style=\"text-align: justify;\">Restaur\u0101cijas nozar\u0113 g\u016bt\u0101 pieredze \u013cauj bez probl\u0113m\u0101m apmierin\u0101t pat \u013coti izsmalcin\u0101tu gaumi, izgreznojot fas\u0101des un piepildot telpas ar monument\u0101l\u0101s un dekorat\u012bv\u0101s t\u0113lniec\u012bbas elementiem. Dekorat\u012bvo elementu stilu ir iesp\u0113jams k\u0101 patapin\u0101t no jau eso\u0161\u0101m mui\u017e\u0101m un pil\u012bm (to m\u0101ksliniecisk\u0101 stila), t\u0101 ar\u012b rad\u012bt no jauna ar profesion\u0101lu t\u0113lnieku pal\u012bdz\u012bbu. Ta\u010du tas v\u0113l nav viss. Sienas un griestus var padar\u012bt par \u012bstiem m\u0101kslas darbiem \u2013 izrot\u0101jot t\u0101s ar skaistu dekorat\u012bvo kr\u0101sojumu vai pat \u012bpa\u0161iem gleznojumiem. Savuk\u0101rt t\u0101dus dekorat\u012bvos elementus k\u0101 or\u0137e\u013cus, karn\u012bzes un griestu rozetes ir iesp\u0113jams p\u0101rkl\u0101t ar zelt\u012bjumu, piepildot pas\u016bt\u012bt\u0101ja namu ar \u012bstenu di\u017ecilt\u012bbas garu un senlaiku pi\u013cu cildenumu.<\/p>\n<p style=\"text-align: justify;\">Visi \u0161ie komplic\u0113tie un neb\u016bt ne vienk\u0101r\u0161ie darbi AS\u00a0\u201eB\u016bvuz\u0146\u0113mums Restaurators\u201d meistariem, b\u016bvniec\u012bbas speci\u0101listiem un m\u0101ksliniekiem ir ierasti, jo ar \u0161o r\u016bpalu vi\u0146i nodarbojas kop\u0161 1951. gada.<\/p>\n<p style=\"text-align: justify;\"><a href=\"http:\/\/www.restaurators.lv\/en\/wp-content\/uploads\/2016\/04\/011-Kurzemes-apgabaltiesa-1201-MID.jpg\" rel=\"attachment wp-att-1201\"><img loading=\"lazy\" decoding=\"async\" class=\"aligncenter wp-image-1201\" src=\"http:\/\/www.restaurators.lv\/en\/wp-content\/uploads\/2016\/04\/011-Kurzemes-apgabaltiesa-1201-MID.jpg\" alt=\"Kurzemes apgabaltiesas nams 011\" width=\"800\" height=\"533\" srcset=\"http:\/\/www.restaurators.lv\/lv\/wp-content\/uploads\/2016\/04\/011-Kurzemes-apgabaltiesa-1201-MID.jpg 1800w, http:\/\/www.restaurators.lv\/lv\/wp-content\/uploads\/2016\/04\/011-Kurzemes-apgabaltiesa-1201-MID-300x200.jpg 300w, http:\/\/www.restaurators.lv\/lv\/wp-content\/uploads\/2016\/04\/011-Kurzemes-apgabaltiesa-1201-MID-768x512.jpg 768w, http:\/\/www.restaurators.lv\/lv\/wp-content\/uploads\/2016\/04\/011-Kurzemes-apgabaltiesa-1201-MID-1024x683.jpg 1024w, http:\/\/www.restaurators.lv\/lv\/wp-content\/uploads\/2016\/04\/011-Kurzemes-apgabaltiesa-1201-MID-225x150.jpg 225w, http:\/\/www.restaurators.lv\/lv\/wp-content\/uploads\/2016\/04\/011-Kurzemes-apgabaltiesa-1201-MID-150x100.jpg 150w\" sizes=\"(max-width: 800px) 100vw, 800px\" \/><\/a><\/p>\n","protected":false},"excerpt":{"rendered":"<p>No klasiskiem b\u016bvniec\u012bbas uz\u0146\u0113mumiem AS \u201eB\u016bvuz\u0146\u0113mums Restaurators\u201d at\u0161\u0137iras ar to, ka specializ\u0113jas restaur\u0101cijas, renov\u0101cijas un rekonstrukcijas projektu realiz\u0101cij\u0101. \u0160ajos specifiskajos un komplic\u0113tajos projektos desmitgad\u0113s g\u016bt\u0101 pieredze \u013cauj sekm\u012bgi veikt praktiski jebkurus citus b\u016bvniec\u012bbas darbus, risinot visda\u017e\u0101d\u0101k\u0101s sare\u017e\u0123\u012bt\u012bbas pak\u0101pes tehniskos uzdevumus. B\u016bvniec\u012bbas process, ori\u0123in\u0101lu celtniec\u012bbas risin\u0101jumu mekl\u0113\u0161ana, cie\u0161a sadarb\u012bba ar projekt\u0113t\u0101jiem, b\u016bvniec\u012bbas projektu saska\u0146o\u0161ana visda\u017e\u0101d\u0101kajos l\u012bme\u0146os\u2026<\/p>\n<p class=\"continue-reading-button\"> <a class=\"continue-reading-link\" href=\"http:\/\/www.restaurators.lv\/lv\/pakalpojumi\/buvniecibas-darbi\/\">Turpin\u0101t las\u012bt<i class=\"crycon-right-dir\"><\/i><\/a><\/p>\n","protected":false},"author":2,"featured_media":0,"parent":330,"menu_order":0,"comment_status":"closed","ping_status":"closed","template":"","meta":{"footnotes":""},"_links":{"self":[{"href":"http:\/\/www.restaurators.lv\/lv\/wp-json\/wp\/v2\/pages\/830"}],"collection":[{"href":"http:\/\/www.restaurators.lv\/lv\/wp-json\/wp\/v2\/pages"}],"about":[{"href":"http:\/\/www.restaurators.lv\/lv\/wp-json\/wp\/v2\/types\/page"}],"author":[{"embeddable":true,"href":"http:\/\/www.restaurators.lv\/lv\/wp-json\/wp\/v2\/users\/2"}],"replies":[{"embeddable":true,"href":"http:\/\/www.restaurators.lv\/lv\/wp-json\/wp\/v2\/comments?post=830"}],"version-history":[{"count":6,"href":"http:\/\/www.restaurators.lv\/lv\/wp-json\/wp\/v2\/pages\/830\/revisions"}],"predecessor-version":[{"id":1328,"href":"http:\/\/www.restaurators.lv\/lv\/wp-json\/wp\/v2\/pages\/830\/revisions\/1328"}],"up":[{"embeddable":true,"href":"http:\/\/www.restaurators.lv\/lv\/wp-json\/wp\/v2\/pages\/330"}],"wp:attachment":[{"href":"http:\/\/www.restaurators.lv\/lv\/wp-json\/wp\/v2\/media?parent=830"}],"curies":[{"name":"wp","href":"https:\/\/api.w.org\/{rel}","templated":true}]}}