{"id":833,"date":"2016-02-15T06:10:13","date_gmt":"2016-02-15T03:10:13","guid":{"rendered":"http:\/\/www.restaurators.lv\/lv\/?page_id=833"},"modified":"2016-02-15T06:20:52","modified_gmt":"2016-02-15T03:20:52","slug":"buvniecibas-procesa-vadiba","status":"publish","type":"page","link":"http:\/\/www.restaurators.lv\/lv\/pakalpojumi\/buvniecibas-procesa-vadiba\/","title":{"rendered":"B\u016bvniec\u012bbas procesa vad\u012bba"},"content":{"rendered":"<p style=\"text-align: justify;\">Pieredze, kas g\u016bta gadu desmitu garum\u0101, vadot da\u017e\u0101dus b\u016bvniec\u012bbas, renov\u0101cijas un rekonstrukcijas projektus, k\u0101 ar\u012b str\u0101d\u0101jot restaur\u0101cijas un arhitekt\u016bras pieminek\u013cu atjauno\u0161anas sf\u0113r\u0101, \u013cauj AS\u00a0\u201eB\u016bvuz\u0146\u0113mums Restaurators\u201d speci\u0101listus uzskat\u012bt par vieniem no kvalific\u0113t\u0101kajiem b\u016bvniec\u012bbas nozares lietprat\u0113jiem valst\u012b.<\/p>\n<p style=\"text-align: justify;\">Ta\u010du tas, kur uz\u0146\u0113mums patie\u0161\u0101m ir sp\u0113jis sevi pier\u0101d\u012bt, ir prasme ne tikai veikt darbus laik\u0101, izpildot komplic\u0113tus pas\u016bt\u012bjumus, bet ar\u012b uzraugot un vadot visu renov\u0101cijas, rekonstrukcijas vai b\u016bvniec\u012bbas procesu kopum\u0101. Sevi\u0161\u0137i t\u0101dos projektos, kas saist\u012bti ar valsts m\u0113roga arhitekt\u016bras pieminek\u013cu atjauno\u0161anu un restaur\u0101ciju.<\/p>\n<blockquote>\n<h4><span style=\"color: #ae7a06;\">Darbs ar apak\u0161uz\u0146\u0113m\u0113jiem un citiem sadarb\u012bbas partneriem nav maz\u0101k svar\u012bgs par sadarb\u012bbu ar arhitektiem, projekt\u0113t\u0101jiem un pa\u0161u b\u016bvniec\u012bbas procesu uzraugo\u0161aj\u0101m instit\u016bcij\u0101m. M\u0101ka vad\u012bt \u0161\u0101dus projektus ir sava veida m\u0101ksla, kuras pamat\u0101 ir gan prec\u012bzas zin\u0101\u0161anas un iema\u0146as, gan gadu gait\u0101 veidot\u0101s b\u016bvniec\u012bbas trad\u012bcijas, gan ar\u012b prasme atrast balansu starp izmaks\u0101m, izpildes termi\u0146iem un veikto darbu kvalit\u0101ti. <\/span><\/h4>\n<\/blockquote>\n<hr \/>\n<p style=\"text-align: justify;\">AS\u00a0\u201eB\u016bvuz\u0146\u0113mums Restaurators\u201d speci\u0101listiem \u0161\u0101da pieredze ir. T\u0101 ir uzkr\u0101ta, str\u0101d\u0101jot b\u016bvniec\u012bbas nozar\u0113 ar restaur\u0101cijas, renov\u0101cijas un rekonstrukcijas projektiem kop\u0161 1951. gada.<\/p>\n","protected":false},"excerpt":{"rendered":"<p>Pieredze, kas g\u016bta gadu desmitu garum\u0101, vadot da\u017e\u0101dus b\u016bvniec\u012bbas, renov\u0101cijas un rekonstrukcijas projektus, k\u0101 ar\u012b str\u0101d\u0101jot restaur\u0101cijas un arhitekt\u016bras pieminek\u013cu atjauno\u0161anas sf\u0113r\u0101, \u013cauj AS\u00a0\u201eB\u016bvuz\u0146\u0113mums Restaurators\u201d speci\u0101listus uzskat\u012bt par vieniem no kvalific\u0113t\u0101kajiem b\u016bvniec\u012bbas nozares lietprat\u0113jiem valst\u012b. Ta\u010du tas, kur uz\u0146\u0113mums patie\u0161\u0101m ir sp\u0113jis sevi pier\u0101d\u012bt, ir prasme ne tikai veikt darbus laik\u0101, izpildot komplic\u0113tus pas\u016bt\u012bjumus, bet\u2026<\/p>\n<p class=\"continue-reading-button\"> <a class=\"continue-reading-link\" href=\"http:\/\/www.restaurators.lv\/lv\/pakalpojumi\/buvniecibas-procesa-vadiba\/\">Turpin\u0101t las\u012bt<i class=\"crycon-right-dir\"><\/i><\/a><\/p>\n","protected":false},"author":2,"featured_media":0,"parent":330,"menu_order":0,"comment_status":"closed","ping_status":"closed","template":"","meta":{"footnotes":""},"_links":{"self":[{"href":"http:\/\/www.restaurators.lv\/lv\/wp-json\/wp\/v2\/pages\/833"}],"collection":[{"href":"http:\/\/www.restaurators.lv\/lv\/wp-json\/wp\/v2\/pages"}],"about":[{"href":"http:\/\/www.restaurators.lv\/lv\/wp-json\/wp\/v2\/types\/page"}],"author":[{"embeddable":true,"href":"http:\/\/www.restaurators.lv\/lv\/wp-json\/wp\/v2\/users\/2"}],"replies":[{"embeddable":true,"href":"http:\/\/www.restaurators.lv\/lv\/wp-json\/wp\/v2\/comments?post=833"}],"version-history":[{"count":1,"href":"http:\/\/www.restaurators.lv\/lv\/wp-json\/wp\/v2\/pages\/833\/revisions"}],"predecessor-version":[{"id":834,"href":"http:\/\/www.restaurators.lv\/lv\/wp-json\/wp\/v2\/pages\/833\/revisions\/834"}],"up":[{"embeddable":true,"href":"http:\/\/www.restaurators.lv\/lv\/wp-json\/wp\/v2\/pages\/330"}],"wp:attachment":[{"href":"http:\/\/www.restaurators.lv\/lv\/wp-json\/wp\/v2\/media?parent=833"}],"curies":[{"name":"wp","href":"https:\/\/api.w.org\/{rel}","templated":true}]}}