{"id":1777,"date":"2017-02-14T15:20:42","date_gmt":"2017-02-14T12:20:42","guid":{"rendered":"http:\/\/www.restaurators.lv\/ru\/?page_id=1777"},"modified":"2025-04-02T17:16:35","modified_gmt":"2025-04-02T14:16:35","slug":"sertifikati-kachestva","status":"publish","type":"page","link":"http:\/\/www.restaurators.lv\/ru\/politika-kachestva\/sertifikati-kachestva\/","title":{"rendered":"\u0421\u0435\u0440\u0442\u0438\u0444\u0438\u043a\u0430\u0442\u044b \u043a\u0430\u0447\u0435\u0441\u0442\u0432\u0430, \u0441\u0440\u0435\u0434\u044b \u0438 \u0437\u0430\u0449\u0438\u0442\u044b \u0442\u0440\u0443\u0434\u0430"},"content":{"rendered":"<p style=\"text-align: justify;\">\u041f\u0440\u0435\u0434\u043f\u0440\u0438\u044f\u0442\u0438\u0435 AS \u00abB\u016bvuz\u0146\u0113mums Restaurators\u00bb \u043f\u043e\u043b\u0443\u0447\u0438\u043b\u043e \u0441\u0435\u0440\u0442\u0438\u0444\u0438\u043a\u0430\u0442 \u0441\u0438\u0441\u0442\u0435\u043c\u044b \u0443\u043f\u0440\u0430\u0432\u043b\u0435\u043d\u0438\u044f \u043a\u0430\u0447\u0435\u0441\u0442\u0432\u043e\u043c, \u0441\u0435\u0440\u0442\u0438\u0444\u0438\u043a\u0430\u0442 \u0441\u0438\u0441\u0442\u0435\u043c\u044b \u0443\u043f\u0440\u0430\u0432\u043b\u0435\u043d\u0438\u044f \u0431\u0435\u0437\u043e\u043f\u0430\u0441\u043d\u043e\u0441\u0442\u044c\u044e \u0442\u0440\u0443\u0434\u0430 \u0438 \u0441\u0435\u0440\u0442\u0438\u0444\u0438\u043a\u0430\u0442 \u0441\u0438\u0441\u0442\u0435\u043c\u044b \u0443\u043f\u0440\u0430\u0432\u043b\u0435\u043d\u0438\u044f \u0441\u0440\u0435\u0434\u043e\u0439. \u0412\u0441\u0435 \u0442\u0440\u0438 \u0441\u0435\u0440\u0442\u0438\u0444\u0438\u043a\u0430\u0442\u0430 \u043c\u043e\u0436\u043d\u043e \u0443\u0432\u0438\u0434\u0435\u0442\u044c \u043d\u0438\u0436\u0435.<\/p>\n<p style=\"text-align: center;\"><em><a href=\"http:\/\/www.restaurators.lv\/ru\/wp-content\/uploads\/2025\/04\/ISO-9001_Certificate_ENG_2025-scaled.jpg\" target=\"_blank\" rel=\"noopener\"><img loading=\"lazy\" decoding=\"async\" class=\"aligncenter wp-image-2940 size-large\" src=\"http:\/\/www.restaurators.lv\/ru\/wp-content\/uploads\/2025\/04\/ISO-9001_Certificate_ENG_2025-566x800.jpg\" alt=\"\" width=\"566\" height=\"800\" srcset=\"http:\/\/www.restaurators.lv\/ru\/wp-content\/uploads\/2025\/04\/ISO-9001_Certificate_ENG_2025-566x800.jpg 566w, http:\/\/www.restaurators.lv\/ru\/wp-content\/uploads\/2025\/04\/ISO-9001_Certificate_ENG_2025-212x300.jpg 212w, http:\/\/www.restaurators.lv\/ru\/wp-content\/uploads\/2025\/04\/ISO-9001_Certificate_ENG_2025-1086x1536.jpg 1086w, http:\/\/www.restaurators.lv\/ru\/wp-content\/uploads\/2025\/04\/ISO-9001_Certificate_ENG_2025-1448x2048.jpg 1448w, http:\/\/www.restaurators.lv\/ru\/wp-content\/uploads\/2025\/04\/ISO-9001_Certificate_ENG_2025-106x150.jpg 106w, http:\/\/www.restaurators.lv\/ru\/wp-content\/uploads\/2025\/04\/ISO-9001_Certificate_ENG_2025-scaled.jpg 1811w\" sizes=\"(max-width: 566px) 100vw, 566px\" \/><\/a>(\u0421\u0435\u0440\u0442\u0438\u0444\u0438\u043a\u0430\u0442 \u0441\u0438\u0441\u0442\u0435\u043c\u044b \u0443\u043f\u0440\u0430\u0432\u043b\u0435\u043d\u0438\u044f \u043a\u0430\u0447\u0435\u0441\u0442\u0432\u043e\u043c)<\/em><\/p>\n<p style=\"text-align: center;\">***<\/p>\n<p style=\"text-align: center;\"><em><a href=\"http:\/\/www.restaurators.lv\/ru\/wp-content\/uploads\/2025\/04\/ISO-45001_Certificate_ENG_2025-scaled.jpg\" target=\"_blank\" rel=\"noopener\"><img loading=\"lazy\" decoding=\"async\" class=\"aligncenter wp-image-2941 size-large\" src=\"http:\/\/www.restaurators.lv\/ru\/wp-content\/uploads\/2025\/04\/ISO-45001_Certificate_ENG_2025-566x800.jpg\" alt=\"\" width=\"566\" height=\"800\" srcset=\"http:\/\/www.restaurators.lv\/ru\/wp-content\/uploads\/2025\/04\/ISO-45001_Certificate_ENG_2025-566x800.jpg 566w, http:\/\/www.restaurators.lv\/ru\/wp-content\/uploads\/2025\/04\/ISO-45001_Certificate_ENG_2025-212x300.jpg 212w, http:\/\/www.restaurators.lv\/ru\/wp-content\/uploads\/2025\/04\/ISO-45001_Certificate_ENG_2025-1086x1536.jpg 1086w, http:\/\/www.restaurators.lv\/ru\/wp-content\/uploads\/2025\/04\/ISO-45001_Certificate_ENG_2025-1448x2048.jpg 1448w, http:\/\/www.restaurators.lv\/ru\/wp-content\/uploads\/2025\/04\/ISO-45001_Certificate_ENG_2025-106x150.jpg 106w, http:\/\/www.restaurators.lv\/ru\/wp-content\/uploads\/2025\/04\/ISO-45001_Certificate_ENG_2025-scaled.jpg 1811w\" sizes=\"(max-width: 566px) 100vw, 566px\" \/><\/a>(\u0421\u0435\u0440\u0442\u0438\u0444\u0438\u043a\u0430\u0442 \u0441\u0438\u0441\u0442\u0435\u043c\u044b \u0443\u043f\u0440\u0430\u0432\u043b\u0435\u043d\u0438\u044f \u0431\u0435\u0437\u043e\u043f\u0430\u0441\u043d\u043e\u0441\u0442\u044c\u044e \u0442\u0440\u0443\u0434\u0430)<\/em><\/p>\n<p style=\"text-align: center;\">***<\/p>\n<p style=\"text-align: center;\"><em><a href=\"http:\/\/www.restaurators.lv\/ru\/wp-content\/uploads\/2025\/04\/ISO-14001_Certificate_ENG_2025-scaled.jpg\" target=\"_blank\" rel=\"noopener\"><img loading=\"lazy\" decoding=\"async\" class=\"aligncenter wp-image-2942 size-large\" src=\"http:\/\/www.restaurators.lv\/ru\/wp-content\/uploads\/2025\/04\/ISO-14001_Certificate_ENG_2025-566x800.jpg\" alt=\"\" width=\"566\" height=\"800\" srcset=\"http:\/\/www.restaurators.lv\/ru\/wp-content\/uploads\/2025\/04\/ISO-14001_Certificate_ENG_2025-566x800.jpg 566w, http:\/\/www.restaurators.lv\/ru\/wp-content\/uploads\/2025\/04\/ISO-14001_Certificate_ENG_2025-212x300.jpg 212w, http:\/\/www.restaurators.lv\/ru\/wp-content\/uploads\/2025\/04\/ISO-14001_Certificate_ENG_2025-1086x1536.jpg 1086w, http:\/\/www.restaurators.lv\/ru\/wp-content\/uploads\/2025\/04\/ISO-14001_Certificate_ENG_2025-1448x2048.jpg 1448w, http:\/\/www.restaurators.lv\/ru\/wp-content\/uploads\/2025\/04\/ISO-14001_Certificate_ENG_2025-106x150.jpg 106w, http:\/\/www.restaurators.lv\/ru\/wp-content\/uploads\/2025\/04\/ISO-14001_Certificate_ENG_2025-scaled.jpg 1811w\" sizes=\"(max-width: 566px) 100vw, 566px\" \/><\/a>(\u0421\u0435\u0440\u0442\u0438\u0444\u0438\u043a\u0430\u0442 \u0441\u0438\u0441\u0442\u0435\u043c\u044b \u0443\u043f\u0440\u0430\u0432\u043b\u0435\u043d\u0438\u044f \u0441\u0440\u0435\u0434\u043e\u0439)<\/em><\/p>\n<p style=\"text-align: center;\">***<\/p>\n","protected":false},"excerpt":{"rendered":"<p>\u041f\u0440\u0435\u0434\u043f\u0440\u0438\u044f\u0442\u0438\u0435 AS \u00abB\u016bvuz\u0146\u0113mums Restaurators\u00bb \u043f\u043e\u043b\u0443\u0447\u0438\u043b\u043e \u0441\u0435\u0440\u0442\u0438\u0444\u0438\u043a\u0430\u0442 \u0441\u0438\u0441\u0442\u0435\u043c\u044b \u0443\u043f\u0440\u0430\u0432\u043b\u0435\u043d\u0438\u044f \u043a\u0430\u0447\u0435\u0441\u0442\u0432\u043e\u043c, \u0441\u0435\u0440\u0442\u0438\u0444\u0438\u043a\u0430\u0442 \u0441\u0438\u0441\u0442\u0435\u043c\u044b \u0443\u043f\u0440\u0430\u0432\u043b\u0435\u043d\u0438\u044f \u0431\u0435\u0437\u043e\u043f\u0430\u0441\u043d\u043e\u0441\u0442\u044c\u044e \u0442\u0440\u0443\u0434\u0430 \u0438 \u0441\u0435\u0440\u0442\u0438\u0444\u0438\u043a\u0430\u0442 \u0441\u0438\u0441\u0442\u0435\u043c\u044b \u0443\u043f\u0440\u0430\u0432\u043b\u0435\u043d\u0438\u044f \u0441\u0440\u0435\u0434\u043e\u0439. \u0412\u0441\u0435 \u0442\u0440\u0438 \u0441\u0435\u0440\u0442\u0438\u0444\u0438\u043a\u0430\u0442\u0430 \u043c\u043e\u0436\u043d\u043e \u0443\u0432\u0438\u0434\u0435\u0442\u044c \u043d\u0438\u0436\u0435. (\u0421\u0435\u0440\u0442\u0438\u0444\u0438\u043a\u0430\u0442 \u0441\u0438\u0441\u0442\u0435\u043c\u044b \u0443\u043f\u0440\u0430\u0432\u043b\u0435\u043d\u0438\u044f \u043a\u0430\u0447\u0435\u0441\u0442\u0432\u043e\u043c) *** (\u0421\u0435\u0440\u0442\u0438\u0444\u0438\u043a\u0430\u0442 \u0441\u0438\u0441\u0442\u0435\u043c\u044b \u0443\u043f\u0440\u0430\u0432\u043b\u0435\u043d\u0438\u044f \u0431\u0435\u0437\u043e\u043f\u0430\u0441\u043d\u043e\u0441\u0442\u044c\u044e \u0442\u0440\u0443\u0434\u0430) *** (\u0421\u0435\u0440\u0442\u0438\u0444\u0438\u043a\u0430\u0442 \u0441\u0438\u0441\u0442\u0435\u043c\u044b \u0443\u043f\u0440\u0430\u0432\u043b\u0435\u043d\u0438\u044f \u0441\u0440\u0435\u0434\u043e\u0439) ***<\/p>\n<p class=\"continue-reading-button\"> <a class=\"continue-reading-link\" href=\"http:\/\/www.restaurators.lv\/ru\/politika-kachestva\/sertifikati-kachestva\/\">\u0427\u0438\u0442\u0430\u0442\u044c \u0434\u0430\u043b\u0435\u0435<i class=\"crycon-right-dir\"><\/i><\/a><\/p>\n","protected":false},"author":2,"featured_media":0,"parent":1786,"menu_order":0,"comment_status":"closed","ping_status":"closed","template":"","meta":{"footnotes":""},"_links":{"self":[{"href":"http:\/\/www.restaurators.lv\/ru\/wp-json\/wp\/v2\/pages\/1777"}],"collection":[{"href":"http:\/\/www.restaurators.lv\/ru\/wp-json\/wp\/v2\/pages"}],"about":[{"href":"http:\/\/www.restaurators.lv\/ru\/wp-json\/wp\/v2\/types\/page"}],"author":[{"embeddable":true,"href":"http:\/\/www.restaurators.lv\/ru\/wp-json\/wp\/v2\/users\/2"}],"replies":[{"embeddable":true,"href":"http:\/\/www.restaurators.lv\/ru\/wp-json\/wp\/v2\/comments?post=1777"}],"version-history":[{"count":24,"href":"http:\/\/www.restaurators.lv\/ru\/wp-json\/wp\/v2\/pages\/1777\/revisions"}],"predecessor-version":[{"id":2946,"href":"http:\/\/www.restaurators.lv\/ru\/wp-json\/wp\/v2\/pages\/1777\/revisions\/2946"}],"up":[{"embeddable":true,"href":"http:\/\/www.restaurators.lv\/ru\/wp-json\/wp\/v2\/pages\/1786"}],"wp:attachment":[{"href":"http:\/\/www.restaurators.lv\/ru\/wp-json\/wp\/v2\/media?parent=1777"}],"curies":[{"name":"wp","href":"https:\/\/api.w.org\/{rel}","templated":true}]}}