{"id":2,"date":"2015-02-03T15:07:10","date_gmt":"2015-02-03T12:07:10","guid":{"rendered":"http:\/\/restaurators.lv\/LAT\/?page_id=2"},"modified":"2017-08-14T13:37:51","modified_gmt":"2017-08-14T10:37:51","slug":"istorija-predprijatija","status":"publish","type":"page","link":"http:\/\/www.restaurators.lv\/ru\/istorija-predprijatija\/","title":{"rendered":"\u0418\u0441\u0442\u043e\u0440\u0438\u044f \u043f\u0440\u0435\u0434\u043f\u0440\u0438\u044f\u0442\u0438\u044f"},"content":{"rendered":"<p style=\"text-align: justify;\">AS \u00abB\u016bvuz\u0146\u0113mums Restaurators\u00bb \u044d\u0442\u043e \u043a\u0440\u0443\u043f\u043d\u0435\u0439\u0448\u0435\u0435, \u0441\u0442\u0430\u0440\u0435\u0439\u0448\u0435\u0435 \u0438 \u043d\u0430\u0438\u0431\u043e\u043b\u0435\u0435 \u0431\u043e\u0433\u0430\u0442\u043e\u0435 \u0442\u0440\u0430\u0434\u0438\u0446\u0438\u044f\u043c\u0438 \u043f\u0440\u0435\u0434\u043f\u0440\u0438\u044f\u0442\u0438\u0435 \u0445\u0443\u0434\u043e\u0436\u0435\u0441\u0442\u0432\u0435\u043d\u043d\u043e\u0439 \u0440\u0435\u0441\u0442\u0430\u0432\u0440\u0430\u0446\u0438\u0438 \u0432 \u041b\u0430\u0442\u0432\u0438\u0438, \u043a\u043e\u0442\u043e\u0440\u043e\u0435 \u043f\u0440\u043e\u0438\u0437\u0432\u043e\u0434\u0438\u043b\u043e \u0432\u043e\u0441\u0441\u0442\u0430\u043d\u043e\u0432\u043b\u0435\u043d\u0438\u0435 \u043f\u0440\u0430\u043a\u0442\u0438\u0447\u0435\u0441\u043a\u0438 \u0432\u0441\u0435\u0445 \u0437\u043d\u0430\u0447\u0438\u043c\u044b\u0445 \u043a\u0443\u043b\u044c\u0442\u0443\u0440\u043d\u043e-\u0438\u0441\u0442\u043e\u0440\u0438\u0447\u0435\u0441\u043a\u0438\u0445 \u0438 \u0430\u0440\u0445\u0438\u0442\u0435\u043a\u0442\u0443\u0440\u043d\u044b\u0445 \u043e\u0431\u044a\u0435\u043a\u0442\u043e\u0432 \u0432 \u0441\u0442\u0440\u0430\u043d\u0435.<\/p>\n<blockquote>\n<h4><span style=\"color: #ae7a06;\">\u041d\u0430 \u043f\u0440\u043e\u0442\u044f\u0436\u0435\u043d\u0438\u0438 \u0443\u0436\u0435 \u0431\u043e\u043b\u0435\u0435 \u0448\u0435\u0441\u0442\u0438\u0434\u0435\u0441\u044f\u0442\u0438 \u043f\u044f\u0442\u0438 \u043b\u0435\u0442 \u0433\u043b\u0430\u0432\u043d\u043e\u0439 \u0437\u0430\u0434\u0430\u0447\u0435\u0439 \u043f\u0440\u0435\u0434\u043f\u0440\u0438\u044f\u0442\u0438\u044f \u044f\u0432\u043b\u044f\u0435\u0442\u0441\u044f \u0441\u043e\u0445\u0440\u0430\u043d\u0435\u043d\u0438\u0435 \u0438 \u0432\u043e\u0441\u0441\u0442\u0430\u043d\u043e\u0432\u043b\u0435\u043d\u0438\u0435 \u043f\u0430\u043c\u044f\u0442\u043d\u0438\u043a\u043e\u0432 \u043a\u0443\u043b\u044c\u0442\u0443\u0440\u044b \u0433\u043e\u0441\u0443\u0434\u0430\u0440\u0441\u0442\u0432\u0435\u043d\u043d\u043e\u0433\u043e \u0437\u043d\u0430\u0447\u0435\u043d\u0438\u044f. \u0410 \u043e\u043f\u044b\u0442 \u0445\u0443\u0434\u043e\u0436\u043d\u0438\u043a\u043e\u0432 \u0438 \u043c\u0430\u0441\u0442\u0435\u0440\u043e\u0432, \u043f\u043e\u043b\u0443\u0447\u0435\u043d\u043d\u044b\u0439 \u043d\u0430 \u043d\u0435\u0441\u0447\u0435\u0442\u043d\u043e\u043c \u043a\u043e\u043b\u0438\u0447\u0435\u0441\u0442\u0432\u0435 \u043e\u0431\u044a\u0435\u043a\u0442\u043e\u0432 \u0437\u0430 \u0432\u0441\u0435 \u044d\u0442\u0438 \u0433\u043e\u0434\u044b, \u0441\u0435\u0433\u043e\u0434\u043d\u044f \u0441\u043b\u0443\u0436\u0438\u0442 \u0434\u043b\u044f \u0440\u0435\u0430\u043b\u0438\u0437\u0430\u0446\u0438\u0438 \u0440\u0430\u0437\u043d\u044b\u0445 \u0443\u043d\u0438\u043a\u0430\u043b\u044c\u043d\u044b\u0445 \u043f\u0440\u043e\u0435\u043a\u0442\u043e\u0432 \u0438 \u0438\u0434\u0435\u0439; \u043e\u043d \u043f\u0440\u0430\u043a\u0442\u0438\u0447\u0435\u0441\u043a\u0438 \u043d\u0435\u043e\u0446\u0435\u043d\u0438\u043c.<\/span><\/h4>\n<\/blockquote>\n<p style=\"text-align: justify;\">\n<p style=\"text-align: justify;\">\u041f\u0440\u0435\u0434\u043f\u0440\u0438\u044f\u0442\u0438\u0435 \u0431\u044b\u043b\u043e \u043e\u0441\u043d\u043e\u0432\u0430\u043d\u043e 25 \u043c\u0430\u044f 1951 \u0433\u043e\u0434\u0430 \u043f\u043e\u0434 \u043f\u0435\u0440\u0432\u043e\u043d\u0430\u0447\u0430\u043b\u044c\u043d\u044b\u043c \u043d\u0430\u0437\u0432\u0430\u043d\u0438\u0435\u043c \u00ab\u041f\u0440\u043e\u0438\u0437\u0432\u043e\u0434\u0441\u0442\u0432\u0435\u043d\u043d\u0430\u044f \u043c\u0430\u0441\u0442\u0435\u0440\u0441\u043a\u0430\u044f \u043d\u0430\u0443\u0447\u043d\u043e\u0439 \u0440\u0435\u0441\u0442\u0430\u0432\u0440\u0430\u0446\u0438\u0438\u00bb. \u042d\u0442\u043e \u043d\u0430\u0437\u0432\u0430\u043d\u0438\u0435 \u0441\u043e\u0445\u0440\u0430\u043d\u0438\u043b\u043e\u0441\u044c \u0434\u043e 1 \u043e\u043a\u0442\u044f\u0431\u0440\u044f 1962 \u0433\u043e\u0434\u0430, \u043f\u043e\u0441\u043b\u0435 \u0447\u0435\u0433\u043e \u043f\u043e\u044f\u0432\u0438\u043b\u043e\u0441\u044c \u043d\u043e\u0432\u043e\u0435 \u2013 \u00ab\u041f\u0440\u043e\u0435\u043a\u0442\u0438\u0440\u043e\u0432\u043e\u0447\u043d\u043e\u0435 \u043a\u043e\u043d\u0441\u0442\u0440\u0443\u043a\u0442\u043e\u0440\u0441\u043a\u043e\u0435 \u0431\u044e\u0440\u043e \u043d\u0430\u0443\u0447\u043d\u043e\u0439 \u0440\u0435\u0441\u0442\u0430\u0432\u0440\u0430\u0446\u0438\u0438\u00bb (\u0432 1965 \u0433\u043e\u0434\u0443). \u0412 1988 \u0433\u043e\u0434\u0443 \u043f\u0440\u0435\u0434\u043f\u0440\u0438\u044f\u0442\u0438\u0435 \u043f\u0435\u0440\u0435\u0438\u043c\u0435\u043d\u043e\u0432\u0430\u043b\u0438 \u0432 \u00ab\u0418\u043d\u0441\u0442\u0438\u0442\u0443\u0442 \u0440\u0435\u0441\u0442\u0430\u0432\u0440\u0430\u0446\u0438\u0438\u00bb, \u0437\u0430\u0442\u0435\u043c \u2013 \u0432 AS \u00abRestaurators\u00bb (\u0432 1993 \u0433\u043e\u0434\u0443), \u043f\u043e\u043a\u0430 \u0432 2004 \u0433\u043e\u0434\u0443\u00a0 \u043e\u043d\u043e \u043d\u0435 \u043e\u0431\u0440\u0435\u043b\u043e \u0441\u0432\u043e\u0435 \u043d\u044b\u043d\u0435\u0448\u043d\u0435\u0435 \u043d\u0430\u0437\u0432\u0430\u043d\u0438\u0435 &#8211; AS \u00abB\u016bvuz\u0146\u0113mums Restaurators\u00bb (\u00ab\u0421\u0442\u0440\u043e\u0438\u0442\u0435\u043b\u044c\u043d\u043e\u0435 \u043f\u0440\u0435\u0434\u043f\u0440\u0438\u044f\u0442\u0438\u0435 \u2013 \u0420\u0435\u0441\u0442\u0430\u0432\u0440\u0430\u0442\u043e\u0440\u00bb).<\/p>\n<p style=\"text-align: justify;\">AS \u00abB\u016bvuz\u0146\u0113mums Restaurators\u00bb \u044d\u0442\u043e \u0435\u0434\u0438\u043d\u0441\u0442\u0432\u0435\u043d\u043d\u043e\u0435 \u0441\u0442\u0440\u043e\u0438\u0442\u0435\u043b\u044c\u043d\u043e\u0435 \u043f\u0440\u0435\u0434\u043f\u0440\u0438\u044f\u0442\u0438\u0435 \u0432 \u041b\u0430\u0442\u0432\u0438\u0438, \u043a\u043e\u0442\u043e\u0440\u043e\u0435 \u0440\u0430\u0431\u043e\u0442\u0430\u0435\u0442 \u0443\u0436\u0435 \u0431\u043e\u043b\u0435\u0435 65 \u043b\u0435\u0442 \u0438 \u043c\u043e\u0436\u0435\u0442 \u0433\u043e\u0440\u0434\u0438\u0442\u044c\u0441\u044f \u0442\u0435\u043c, \u0447\u0442\u043e \u0432 \u0442\u0435\u0447\u0435\u043d\u0438\u0435 \u044d\u0442\u043e\u0433\u043e \u0441\u0440\u043e\u043a\u0430 \u043d\u0438 \u043d\u0430 \u043c\u0433\u043d\u043e\u0432\u0435\u043d\u0438\u0435 \u043d\u0435 \u043f\u0440\u0435\u043a\u0440\u0430\u0449\u0430\u043b\u043e \u0441\u0432\u043e\u044e \u0434\u0435\u044f\u0442\u0435\u043b\u044c\u043d\u043e\u0441\u0442\u044c (\u043d\u0435\u0441\u043c\u043e\u0442\u0440\u044f \u043d\u0430 \u0441\u043c\u0435\u043d\u0443 \u0433\u043e\u0441\u0443\u0434\u0430\u0440\u0441\u0442\u0432\u0435\u043d\u043d\u043e\u0433\u043e \u0441\u0442\u0440\u043e\u044f \u0438 \u0434\u0440\u0443\u0433\u0438\u0435 \u043f\u043e\u0442\u0440\u044f\u0441\u0435\u043d\u0438\u044f, \u043a\u043e\u0442\u043e\u0440\u044b\u0435 \u043c\u043e\u0433\u043b\u0438 \u0435\u0435 \u043f\u0440\u0438\u043e\u0441\u0442\u0430\u043d\u043e\u0432\u0438\u0442\u044c). \u0417\u0430 \u0432\u0440\u0435\u043c\u044f \u0441\u0443\u0449\u0435\u0441\u0442\u0432\u043e\u0432\u0430\u043d\u0438\u044f \u043f\u0440\u0435\u0434\u043f\u0440\u0438\u044f\u0442\u0438\u044f \u0441\u043c\u0435\u043d\u0438\u043b\u0438\u0441\u044c \u043d\u0435\u0441\u043a\u043e\u043b\u044c\u043a\u043e \u043f\u043e\u043a\u043e\u043b\u0435\u043d\u0438\u0439 \u0440\u0435\u0441\u0442\u0430\u0432\u0440\u0430\u0442\u043e\u0440\u043e\u0432 \u0438 \u0441\u0442\u0440\u043e\u0438\u0442\u0435\u043b\u0435\u0439, \u043d\u043e \u0441\u0440\u0435\u0434\u0438 \u0435\u0433\u043e \u0440\u0430\u0431\u043e\u0442\u043d\u0438\u043a\u043e\u0432 \u0435\u0441\u0442\u044c \u0442\u0435, \u043a\u0442\u043e \u043f\u0440\u043e\u0440\u0430\u0431\u043e\u0442\u0430\u043b \u043d\u0430 \u043f\u0440\u0435\u0434\u043f\u0440\u0438\u044f\u0442\u0438\u0438 \u0431\u043e\u043b\u044c\u0448\u0435 40 \u043b\u0435\u0442.<\/p>\n<p><a style=\"text-align: justify;\" href=\"http:\/\/www.restaurators.lv\/ru\/wp-content\/uploads\/2015\/08\/RP-Dekori-middle-001.jpg\"><img loading=\"lazy\" decoding=\"async\" class=\" wp-image-183 aligncenter\" src=\"http:\/\/www.restaurators.lv\/ru\/wp-content\/uploads\/2015\/08\/RP-Dekori-middle-001.jpg\" alt=\"R\u012bgas pils dekoru atjauno\u0161ana\" width=\"800\" height=\"533\" srcset=\"http:\/\/www.restaurators.lv\/ru\/wp-content\/uploads\/2015\/08\/RP-Dekori-middle-001.jpg 1800w, http:\/\/www.restaurators.lv\/ru\/wp-content\/uploads\/2015\/08\/RP-Dekori-middle-001-300x200.jpg 300w, http:\/\/www.restaurators.lv\/ru\/wp-content\/uploads\/2015\/08\/RP-Dekori-middle-001-1024x683.jpg 1024w, http:\/\/www.restaurators.lv\/ru\/wp-content\/uploads\/2015\/08\/RP-Dekori-middle-001-225x150.jpg 225w, http:\/\/www.restaurators.lv\/ru\/wp-content\/uploads\/2015\/08\/RP-Dekori-middle-001-150x100.jpg 150w\" sizes=\"(max-width: 800px) 100vw, 800px\" \/><\/a><\/p>\n","protected":false},"excerpt":{"rendered":"<p>AS \u00abB\u016bvuz\u0146\u0113mums Restaurators\u00bb \u044d\u0442\u043e \u043a\u0440\u0443\u043f\u043d\u0435\u0439\u0448\u0435\u0435, \u0441\u0442\u0430\u0440\u0435\u0439\u0448\u0435\u0435 \u0438 \u043d\u0430\u0438\u0431\u043e\u043b\u0435\u0435 \u0431\u043e\u0433\u0430\u0442\u043e\u0435 \u0442\u0440\u0430\u0434\u0438\u0446\u0438\u044f\u043c\u0438 \u043f\u0440\u0435\u0434\u043f\u0440\u0438\u044f\u0442\u0438\u0435 \u0445\u0443\u0434\u043e\u0436\u0435\u0441\u0442\u0432\u0435\u043d\u043d\u043e\u0439 \u0440\u0435\u0441\u0442\u0430\u0432\u0440\u0430\u0446\u0438\u0438 \u0432 \u041b\u0430\u0442\u0432\u0438\u0438, \u043a\u043e\u0442\u043e\u0440\u043e\u0435 \u043f\u0440\u043e\u0438\u0437\u0432\u043e\u0434\u0438\u043b\u043e \u0432\u043e\u0441\u0441\u0442\u0430\u043d\u043e\u0432\u043b\u0435\u043d\u0438\u0435 \u043f\u0440\u0430\u043a\u0442\u0438\u0447\u0435\u0441\u043a\u0438 \u0432\u0441\u0435\u0445 \u0437\u043d\u0430\u0447\u0438\u043c\u044b\u0445 \u043a\u0443\u043b\u044c\u0442\u0443\u0440\u043d\u043e-\u0438\u0441\u0442\u043e\u0440\u0438\u0447\u0435\u0441\u043a\u0438\u0445 \u0438 \u0430\u0440\u0445\u0438\u0442\u0435\u043a\u0442\u0443\u0440\u043d\u044b\u0445 \u043e\u0431\u044a\u0435\u043a\u0442\u043e\u0432 \u0432 \u0441\u0442\u0440\u0430\u043d\u0435. \u041d\u0430 \u043f\u0440\u043e\u0442\u044f\u0436\u0435\u043d\u0438\u0438 \u0443\u0436\u0435 \u0431\u043e\u043b\u0435\u0435 \u0448\u0435\u0441\u0442\u0438\u0434\u0435\u0441\u044f\u0442\u0438 \u043f\u044f\u0442\u0438 \u043b\u0435\u0442 \u0433\u043b\u0430\u0432\u043d\u043e\u0439 \u0437\u0430\u0434\u0430\u0447\u0435\u0439 \u043f\u0440\u0435\u0434\u043f\u0440\u0438\u044f\u0442\u0438\u044f \u044f\u0432\u043b\u044f\u0435\u0442\u0441\u044f \u0441\u043e\u0445\u0440\u0430\u043d\u0435\u043d\u0438\u0435 \u0438 \u0432\u043e\u0441\u0441\u0442\u0430\u043d\u043e\u0432\u043b\u0435\u043d\u0438\u0435 \u043f\u0430\u043c\u044f\u0442\u043d\u0438\u043a\u043e\u0432 \u043a\u0443\u043b\u044c\u0442\u0443\u0440\u044b \u0433\u043e\u0441\u0443\u0434\u0430\u0440\u0441\u0442\u0432\u0435\u043d\u043d\u043e\u0433\u043e \u0437\u043d\u0430\u0447\u0435\u043d\u0438\u044f. \u0410 \u043e\u043f\u044b\u0442 \u0445\u0443\u0434\u043e\u0436\u043d\u0438\u043a\u043e\u0432 \u0438 \u043c\u0430\u0441\u0442\u0435\u0440\u043e\u0432, \u043f\u043e\u043b\u0443\u0447\u0435\u043d\u043d\u044b\u0439 \u043d\u0430 \u043d\u0435\u0441\u0447\u0435\u0442\u043d\u043e\u043c \u043a\u043e\u043b\u0438\u0447\u0435\u0441\u0442\u0432\u0435 \u043e\u0431\u044a\u0435\u043a\u0442\u043e\u0432\u2026<\/p>\n<p class=\"continue-reading-button\"> <a class=\"continue-reading-link\" href=\"http:\/\/www.restaurators.lv\/ru\/istorija-predprijatija\/\">\u0427\u0438\u0442\u0430\u0442\u044c \u0434\u0430\u043b\u0435\u0435<i class=\"crycon-right-dir\"><\/i><\/a><\/p>\n","protected":false},"author":2,"featured_media":0,"parent":0,"menu_order":1,"comment_status":"closed","ping_status":"closed","template":"","meta":{"footnotes":""},"_links":{"self":[{"href":"http:\/\/www.restaurators.lv\/ru\/wp-json\/wp\/v2\/pages\/2"}],"collection":[{"href":"http:\/\/www.restaurators.lv\/ru\/wp-json\/wp\/v2\/pages"}],"about":[{"href":"http:\/\/www.restaurators.lv\/ru\/wp-json\/wp\/v2\/types\/page"}],"author":[{"embeddable":true,"href":"http:\/\/www.restaurators.lv\/ru\/wp-json\/wp\/v2\/users\/2"}],"replies":[{"embeddable":true,"href":"http:\/\/www.restaurators.lv\/ru\/wp-json\/wp\/v2\/comments?post=2"}],"version-history":[{"count":33,"href":"http:\/\/www.restaurators.lv\/ru\/wp-json\/wp\/v2\/pages\/2\/revisions"}],"predecessor-version":[{"id":2317,"href":"http:\/\/www.restaurators.lv\/ru\/wp-json\/wp\/v2\/pages\/2\/revisions\/2317"}],"wp:attachment":[{"href":"http:\/\/www.restaurators.lv\/ru\/wp-json\/wp\/v2\/media?parent=2"}],"curies":[{"name":"wp","href":"https:\/\/api.w.org\/{rel}","templated":true}]}}