{"id":336,"date":"2015-10-12T14:55:21","date_gmt":"2015-10-12T11:55:21","guid":{"rendered":"http:\/\/www.restaurators.lv\/ru\/?page_id=336"},"modified":"2022-08-08T15:22:37","modified_gmt":"2022-08-08T12:22:37","slug":"kontakty","status":"publish","type":"page","link":"http:\/\/www.restaurators.lv\/ru\/kontakty\/","title":{"rendered":"\u041a\u043e\u043d\u0442\u0430\u043a\u0442\u044b"},"content":{"rendered":"<h4 style=\"text-align: center;\"><\/h4>\n<h4 style=\"text-align: center;\"><strong>AS \u00abB\u016bvuz\u0146\u0113mums Restaurators\u00bb<\/strong><\/h4>\n<hr \/>\n<p align=\"center\">\u0410\u0434\u0440\u0435\u0441: \u0420\u0438\u0433\u0430, \u0443\u043b. \u0411\u0443\u0440\u0443, 1, LV-1004 (R\u012bga, Buru iela 1, LV-1004)<br \/>\n\u041a\u043e\u043d\u0442\u0430\u043a\u0442\u043d\u044b\u0435 \u0442\u0435\u043b\u0435\u0444\u043e\u043d\u044b: +371 26604111 \u0438 +371 67611910<br \/>\n\u0424\u0430\u043a\u0441: +371 67612898<br \/>\n\u042d-\u043f\u043e\u0447\u0442\u0430: <a href=\"mailto:info@restaurators.lv\" target=\"_blank\">info@restaurators.lv<\/a><br \/>\n\u0418\u043d\u0442\u0435\u0440\u043d\u0435\u0442: <a href=\"http:\/\/www.restaurators.lv\/\">www.restaurators.lv<\/a><\/p>\n<p align=\"center\">***<\/p>\n<p align=\"center\"><iframe loading=\"lazy\" style=\"border: 0;\" src=\"https:\/\/www.google.com\/maps\/embed?pb=!1m18!1m12!1m3!1d2177.016295377445!2d24.097660515976678!3d56.93138748088501!2m3!1f0!2f0!3f0!3m2!1i1024!2i768!4f13.1!3m3!1m2!1s0x46eed0325f28c295%3A0x3a36b5a381a497ce!2sBuru%20iela%201%2C%20Zemgales%20priek%C5%A1pils%C4%93ta%2C%20R%C4%ABga%2C%20LV-1004!5e0!3m2!1slv!2slv!4v1659960962247!5m2!1slv!2slv\" width=\"600\" height=\"450\" allowfullscreen=\"allowfullscreen\"><\/iframe><\/p>\n","protected":false},"excerpt":{"rendered":"<p>AS \u00abB\u016bvuz\u0146\u0113mums Restaurators\u00bb \u0410\u0434\u0440\u0435\u0441: \u0420\u0438\u0433\u0430, \u0443\u043b. \u0411\u0443\u0440\u0443, 1, LV-1004 (R\u012bga, Buru iela 1, LV-1004) \u041a\u043e\u043d\u0442\u0430\u043a\u0442\u043d\u044b\u0435 \u0442\u0435\u043b\u0435\u0444\u043e\u043d\u044b: +371 26604111 \u0438 +371 67611910 \u0424\u0430\u043a\u0441: +371 67612898 \u042d-\u043f\u043e\u0447\u0442\u0430: info@restaurators.lv \u0418\u043d\u0442\u0435\u0440\u043d\u0435\u0442: www.restaurators.lv ***<\/p>\n<p class=\"continue-reading-button\"> <a class=\"continue-reading-link\" href=\"http:\/\/www.restaurators.lv\/ru\/kontakty\/\">\u0427\u0438\u0442\u0430\u0442\u044c \u0434\u0430\u043b\u0435\u0435<i class=\"crycon-right-dir\"><\/i><\/a><\/p>\n","protected":false},"author":2,"featured_media":0,"parent":0,"menu_order":5,"comment_status":"closed","ping_status":"closed","template":"","meta":{"footnotes":""},"_links":{"self":[{"href":"http:\/\/www.restaurators.lv\/ru\/wp-json\/wp\/v2\/pages\/336"}],"collection":[{"href":"http:\/\/www.restaurators.lv\/ru\/wp-json\/wp\/v2\/pages"}],"about":[{"href":"http:\/\/www.restaurators.lv\/ru\/wp-json\/wp\/v2\/types\/page"}],"author":[{"embeddable":true,"href":"http:\/\/www.restaurators.lv\/ru\/wp-json\/wp\/v2\/users\/2"}],"replies":[{"embeddable":true,"href":"http:\/\/www.restaurators.lv\/ru\/wp-json\/wp\/v2\/comments?post=336"}],"version-history":[{"count":16,"href":"http:\/\/www.restaurators.lv\/ru\/wp-json\/wp\/v2\/pages\/336\/revisions"}],"predecessor-version":[{"id":806,"href":"http:\/\/www.restaurators.lv\/ru\/wp-json\/wp\/v2\/pages\/336\/revisions\/806"}],"wp:attachment":[{"href":"http:\/\/www.restaurators.lv\/ru\/wp-json\/wp\/v2\/media?parent=336"}],"curies":[{"name":"wp","href":"https:\/\/api.w.org\/{rel}","templated":true}]}}