{"id":830,"date":"2016-02-15T06:06:00","date_gmt":"2016-02-15T03:06:00","guid":{"rendered":"http:\/\/www.restaurators.lv\/ru\/?page_id=830"},"modified":"2017-08-14T13:26:59","modified_gmt":"2017-08-14T10:26:59","slug":"stroiteljnye-raboty","status":"publish","type":"page","link":"http:\/\/www.restaurators.lv\/ru\/uslugi\/stroiteljnye-raboty\/","title":{"rendered":"\u0421\u0442\u0440\u043e\u0438\u0442\u0435\u043b\u044c\u043d\u044b\u0435 \u0440\u0430\u0431\u043e\u0442\u044b"},"content":{"rendered":"<p style=\"text-align: justify;\"><a href=\"http:\/\/www.restaurators.lv\/en\/wp-content\/uploads\/2015\/09\/Tetera-MID-001.jpg\" rel=\"attachment wp-att-308\"><img loading=\"lazy\" decoding=\"async\" class=\"aligncenter wp-image-308\" src=\"http:\/\/www.restaurators.lv\/en\/wp-content\/uploads\/2015\/09\/Tetera-MID-001.jpg\" alt=\"Tetera nams | St\u016bra m\u0101ja | 001\" width=\"800\" height=\"533\" srcset=\"http:\/\/www.restaurators.lv\/ru\/wp-content\/uploads\/2015\/09\/Tetera-MID-001.jpg 1800w, http:\/\/www.restaurators.lv\/ru\/wp-content\/uploads\/2015\/09\/Tetera-MID-001-300x200.jpg 300w, http:\/\/www.restaurators.lv\/ru\/wp-content\/uploads\/2015\/09\/Tetera-MID-001-1024x683.jpg 1024w, http:\/\/www.restaurators.lv\/ru\/wp-content\/uploads\/2015\/09\/Tetera-MID-001-225x150.jpg 225w, http:\/\/www.restaurators.lv\/ru\/wp-content\/uploads\/2015\/09\/Tetera-MID-001-150x100.jpg 150w\" sizes=\"(max-width: 800px) 100vw, 800px\" \/><\/a><\/p>\n<p style=\"text-align: justify;\">AS \u00abB\u016bvuz\u0146\u0113mums Restaurators\u00bb \u043e\u0442\u043b\u0438\u0447\u0430\u0435\u0442\u0441\u044f \u043e\u0442 \u043a\u043b\u0430\u0441\u0441\u0438\u0447\u0435\u0441\u043a\u0438\u0445 \u0441\u0442\u0440\u043e\u0438\u0442\u0435\u043b\u044c\u043d\u044b\u0445 \u043f\u0440\u0435\u0434\u043f\u0440\u0438\u044f\u0442\u0438\u0439 \u0442\u0435\u043c, \u0447\u0442\u043e \u0441\u043f\u0435\u0446\u0438\u0430\u043b\u0438\u0437\u0438\u0440\u0443\u0435\u0442\u0441\u044f \u043d\u0430 \u0440\u0435\u0430\u043b\u0438\u0437\u0430\u0446\u0438\u0438 \u043f\u0440\u043e\u0435\u043a\u0442\u043e\u0432 \u043f\u043e \u0440\u0435\u0441\u0442\u0430\u0432\u0440\u0430\u0446\u0438\u0438, \u0440\u0435\u043d\u043e\u0432\u0430\u0446\u0438\u0438 \u0438 \u0440\u0435\u043a\u043e\u043d\u0441\u0442\u0440\u0443\u043a\u0446\u0438\u0438. \u041d\u0430\u043a\u043e\u043f\u043b\u0435\u043d\u043d\u044b\u0439 \u0434\u0435\u0441\u044f\u0442\u0438\u043b\u0435\u0442\u0438\u044f\u043c\u0438 \u0432 \u044d\u0442\u0438\u0445 \u0441\u043f\u0435\u0446\u0438\u0444\u0438\u0447\u0435\u0441\u043a\u0438\u0445 \u0438 \u0441\u043b\u043e\u0436\u043d\u044b\u0445 \u043f\u0440\u043e\u0435\u043a\u0442\u0430\u0445 \u043e\u043f\u044b\u0442 \u043f\u043e\u0437\u0432\u043e\u043b\u044f\u0435\u0442 \u0443\u0441\u043f\u0435\u0448\u043d\u043e \u043f\u0440\u043e\u0438\u0437\u0432\u043e\u0434\u0438\u0442\u044c \u043f\u0440\u0430\u043a\u0442\u0438\u0447\u0435\u0441\u043a\u0438 \u043b\u044e\u0431\u044b\u0435 \u0441\u0442\u0440\u043e\u0438\u0442\u0435\u043b\u044c\u043d\u044b\u0435 \u0440\u0430\u0431\u043e\u0442\u044b, \u0440\u0435\u0448\u0430\u044f \u0442\u0435\u0445\u043d\u0438\u0447\u0435\u0441\u043a\u0438\u0435 \u0437\u0430\u0434\u0430\u0447\u0438 \u043b\u044e\u0431\u043e\u0433\u043e \u0443\u0440\u043e\u0432\u043d\u044f \u0441\u043b\u043e\u0436\u043d\u043e\u0441\u0442\u0438.<\/p>\n<p style=\"text-align: justify;\"><a href=\"http:\/\/www.restaurators.lv\/en\/wp-content\/uploads\/2016\/02\/MID-001-Tetera-nams-HDR-001.jpg\" rel=\"attachment wp-att-913\"><img loading=\"lazy\" decoding=\"async\" class=\"aligncenter wp-image-913\" src=\"http:\/\/www.restaurators.lv\/en\/wp-content\/uploads\/2016\/02\/MID-001-Tetera-nams-HDR-001.jpg\" alt=\"Tetera nams | St\u016bra m\u0101ja\" width=\"800\" height=\"533\" srcset=\"http:\/\/www.restaurators.lv\/ru\/wp-content\/uploads\/2016\/02\/MID-001-Tetera-nams-HDR-001.jpg 1800w, http:\/\/www.restaurators.lv\/ru\/wp-content\/uploads\/2016\/02\/MID-001-Tetera-nams-HDR-001-300x200.jpg 300w, http:\/\/www.restaurators.lv\/ru\/wp-content\/uploads\/2016\/02\/MID-001-Tetera-nams-HDR-001-1024x683.jpg 1024w, http:\/\/www.restaurators.lv\/ru\/wp-content\/uploads\/2016\/02\/MID-001-Tetera-nams-HDR-001-225x150.jpg 225w, http:\/\/www.restaurators.lv\/ru\/wp-content\/uploads\/2016\/02\/MID-001-Tetera-nams-HDR-001-150x100.jpg 150w\" sizes=\"(max-width: 800px) 100vw, 800px\" \/><\/a><\/p>\n<p style=\"text-align: justify;\">\u0421\u0442\u0440\u043e\u0438\u0442\u0435\u043b\u044c\u043d\u044b\u0439 \u043f\u0440\u043e\u0446\u0435\u0441\u0441, \u043f\u043e\u0438\u0441\u043a \u043e\u0440\u0438\u0433\u0438\u043d\u0430\u043b\u044c\u043d\u044b\u0445 \u0441\u0442\u0440\u043e\u0438\u0442\u0435\u043b\u044c\u043d\u044b\u0445 \u0440\u0435\u0448\u0435\u043d\u0438\u0439, \u0442\u0435\u0441\u043d\u043e\u0435 \u0441\u043e\u0442\u0440\u0443\u0434\u043d\u0438\u0447\u0435\u0441\u0442\u0432\u043e \u0441 \u043f\u0440\u043e\u0435\u043a\u0442\u0438\u0440\u043e\u0432\u0449\u0438\u043a\u0430\u043c\u0438, \u0441\u043e\u0433\u043b\u0430\u0441\u043e\u0432\u0430\u043d\u0438\u0435 \u0441\u0442\u0440\u043e\u0438\u0442\u0435\u043b\u044c\u043d\u044b\u0445 \u043f\u0440\u043e\u0435\u043a\u0442\u043e\u0432 \u043d\u0430 \u0432\u0441\u0435\u0432\u043e\u0437\u043c\u043e\u0436\u043d\u044b\u0445 \u0443\u0440\u043e\u0432\u043d\u044f\u0445, \u0430 \u0442\u0430\u043a\u0436\u0435 \u0438\u0445 \u0441\u0434\u0430\u0447\u0430 \u0432 \u044d\u043a\u0441\u043f\u043b\u0443\u0430\u0442\u0430\u0446\u0438\u044e \u2013 \u044d\u0442\u043e \u0431\u0443\u0434\u043d\u0438 \u0441\u043f\u0435\u0446\u0438\u0430\u043b\u0438\u0441\u0442\u043e\u0432 AS \u00abB\u016bvuz\u0146\u0113mums Restaurators\u00bb.<\/p>\n<blockquote>\n<h4><span style=\"color: #ae7a06;\">\u0420\u0435\u0430\u043b\u0438\u0437\u043e\u0432\u0430\u043d\u043d\u044b\u0435 \u043f\u0440\u043e\u0435\u043a\u0442\u044b \u2013 \u044d\u0442\u043e \u043f\u0430\u043c\u044f\u0442\u043d\u0438\u043a\u0438 \u043a\u0443\u043b\u044c\u0442\u0443\u0440\u044b \u0438 \u0438\u0441\u043a\u0443\u0441\u0441\u0442\u0432\u0430 \u0433\u043e\u0441\u0443\u0434\u0430\u0440\u0441\u0442\u0432\u0435\u043d\u043d\u043e\u0433\u043e \u043c\u0430\u0441\u0448\u0442\u0430\u0431\u0430, \u0438\u0441\u0442\u043e\u0440\u0438\u0447\u0435\u0441\u043a\u0438\u0435 \u043f\u043e\u0441\u0442\u0440\u043e\u0439\u043a\u0438, \u0445\u0440\u0430\u043c\u044b \u0440\u0430\u0437\u043b\u0438\u0447\u043d\u044b\u0445 \u043a\u043e\u043d\u0444\u0435\u0441\u0441\u0438\u0439, \u0430\u043f\u0430\u0440\u0442\u0430\u043c\u0435\u043d\u0442\u044b \u043f\u0440\u0435\u0437\u0438\u0434\u0435\u043d\u0442\u043e\u0432 \u0438 \u0440\u044f\u0434 \u0447\u0430\u0441\u0442\u043d\u044b\u0445 \u0437\u0430\u043a\u0430\u0437\u043e\u0432 (\u044d\u043a\u0441\u043a\u043b\u044e\u0437\u0438\u0432\u043d\u044b\u0435 \u043a\u0432\u0430\u0440\u0442\u0438\u0440\u044b, \u0447\u0430\u0441\u0442\u043d\u044b\u0435 \u043e\u0441\u043e\u0431\u043d\u044f\u043a\u0438, \u0443\u0441\u0430\u0434\u044c\u0431\u044b \u0438 \u0434\u0430\u0436\u0435 \u0437\u0430\u043c\u043a\u0438).<\/span><\/h4>\n<\/blockquote>\n<p>&nbsp;<\/p>\n<p style=\"text-align: justify;\"><a href=\"http:\/\/www.restaurators.lv\/en\/wp-content\/uploads\/2016\/04\/010-Doma-kapelu-restauracija-1806-MID.jpg\" rel=\"attachment wp-att-1273\"><img loading=\"lazy\" decoding=\"async\" class=\"aligncenter wp-image-1273\" src=\"http:\/\/www.restaurators.lv\/en\/wp-content\/uploads\/2016\/04\/010-Doma-kapelu-restauracija-1806-MID.jpg\" alt=\"R\u012bgas Doma restaur\u0113t\u0101 Neima\u0146a ieeja 010\" width=\"800\" height=\"533\" srcset=\"http:\/\/www.restaurators.lv\/ru\/wp-content\/uploads\/2016\/04\/010-Doma-kapelu-restauracija-1806-MID.jpg 1800w, http:\/\/www.restaurators.lv\/ru\/wp-content\/uploads\/2016\/04\/010-Doma-kapelu-restauracija-1806-MID-300x200.jpg 300w, http:\/\/www.restaurators.lv\/ru\/wp-content\/uploads\/2016\/04\/010-Doma-kapelu-restauracija-1806-MID-768x512.jpg 768w, http:\/\/www.restaurators.lv\/ru\/wp-content\/uploads\/2016\/04\/010-Doma-kapelu-restauracija-1806-MID-1024x683.jpg 1024w, http:\/\/www.restaurators.lv\/ru\/wp-content\/uploads\/2016\/04\/010-Doma-kapelu-restauracija-1806-MID-225x150.jpg 225w, http:\/\/www.restaurators.lv\/ru\/wp-content\/uploads\/2016\/04\/010-Doma-kapelu-restauracija-1806-MID-150x100.jpg 150w\" sizes=\"(max-width: 800px) 100vw, 800px\" \/><\/a><\/p>\n<p style=\"text-align: justify;\">\u041f\u043e\u043b\u0443\u0447\u0435\u043d\u043d\u044b\u0439 \u0432 \u0441\u0444\u0435\u0440\u0435 \u0440\u0435\u0441\u0442\u0430\u0432\u0440\u0430\u0446\u0438\u0438 \u043e\u043f\u044b\u0442 \u043f\u043e\u0437\u0432\u043e\u043b\u044f\u0435\u0442 \u0431\u0435\u0437 \u043f\u0440\u043e\u0431\u043b\u0435\u043c \u0443\u0434\u043e\u0432\u043b\u0435\u0442\u0432\u043e\u0440\u0438\u0442\u044c \u0434\u0430\u0436\u0435 \u0441\u0430\u043c\u044b\u0439 \u0438\u0437\u044b\u0441\u043a\u0430\u043d\u043d\u044b\u0439 \u0432\u043a\u0443\u0441, \u043e\u0442\u0434\u0435\u043a\u043e\u0440\u0438\u0440\u043e\u0432\u0430\u0432 \u0444\u0430\u0441\u0430\u0434\u044b \u0438 \u043d\u0430\u043f\u043e\u043b\u043d\u0438\u0432 \u043f\u043e\u043c\u0435\u0449\u0435\u043d\u0438\u044f \u044d\u043b\u0435\u043c\u0435\u043d\u0442\u0430\u043c\u0438 \u043c\u043e\u043d\u0443\u043c\u0435\u043d\u0442\u0430\u043b\u044c\u043d\u043e\u0439 \u0438 \u0434\u0435\u043a\u043e\u0440\u0430\u0442\u0438\u0432\u043d\u043e\u0439 \u0441\u043a\u0443\u043b\u044c\u043f\u0442\u0443\u0440\u044b. \u0421\u0442\u0438\u043b\u044c \u0434\u0435\u043a\u043e\u0440\u0430\u0442\u0438\u0432\u043d\u044b\u0445 \u044d\u043b\u0435\u043c\u0435\u043d\u0442\u043e\u0432 \u043c\u043e\u0436\u043d\u043e \u043a\u0430\u043a \u0437\u0430\u0438\u043c\u0441\u0442\u0432\u043e\u0432\u0430\u0442\u044c \u0443 \u0443\u0436\u0435 \u0441\u0443\u0449\u0435\u0441\u0442\u0432\u0443\u044e\u0449\u0438\u0445 \u0443\u0441\u0430\u0434\u0435\u0431 \u0438 \u0437\u0430\u043c\u043a\u043e\u0432 (\u0438\u0445 \u0445\u0443\u0434\u043e\u0436\u0435\u0441\u0442\u0432\u0435\u043d\u043d\u043e\u0433\u043e \u0441\u0442\u0438\u043b\u044f), \u0442\u0430\u043a \u0438 \u0441\u043e\u0437\u0434\u0430\u0442\u044c \u0437\u0430\u043d\u043e\u0432\u043e \u043f\u0440\u0438 \u043f\u043e\u043c\u043e\u0449\u0438 \u043f\u0440\u043e\u0444\u0435\u0441\u0441\u0438\u043e\u043d\u0430\u043b\u044c\u043d\u044b\u0445 \u0441\u043a\u0443\u043b\u044c\u043f\u0442\u043e\u0440\u043e\u0432. \u041d\u043e \u0438 \u044d\u0442\u043e \u0435\u0449\u0435 \u043d\u0435 \u0432\u0441\u0435. \u0421\u0442\u0435\u043d\u044b \u0438 \u043f\u043e\u0442\u043e\u043b\u043a\u0438 \u043c\u043e\u0436\u043d\u043e \u0441\u0434\u0435\u043b\u0430\u0442\u044c \u043d\u0430\u0441\u0442\u043e\u044f\u0449\u0438\u043c\u0438 \u043f\u0440\u043e\u0438\u0437\u0432\u0435\u0434\u0435\u043d\u0438\u044f\u043c\u0438 \u0438\u0441\u043a\u0443\u0441\u0441\u0442\u0432\u0430, \u0443\u043a\u0440\u0430\u0441\u0438\u0432 \u0438\u0445 \u0434\u0435\u043a\u043e\u0440\u0430\u0442\u0438\u0432\u043d\u043e\u0439 \u043f\u043e\u043a\u0440\u0430\u0441\u043a\u043e\u0439 \u0438\u043b\u0438 \u0434\u0430\u0436\u0435 \u043e\u0441\u043e\u0431\u043e\u0439 \u0440\u043e\u0441\u043f\u0438\u0441\u044c\u044e. \u0412 \u0441\u0432\u043e\u044e \u043e\u0447\u0435\u0440\u0435\u0434\u044c, \u0442\u0430\u043a\u0438\u0435 \u0434\u0435\u043a\u043e\u0440\u0430\u0442\u0438\u0432\u043d\u044b\u0435 \u044d\u043b\u0435\u043c\u0435\u043d\u0442\u044b \u043a\u0430\u043a \u0433\u0430\u043b\u0442\u0435\u043b\u0438, \u043a\u0430\u0440\u043d\u0438\u0437\u044b \u0438 \u043f\u043e\u0442\u043e\u043b\u043e\u0447\u043d\u044b\u0435 \u0440\u043e\u0437\u0435\u0442\u043a\u0438 \u043c\u043e\u0436\u043d\u043e \u043f\u043e\u043a\u0440\u044b\u0442\u044c \u043f\u043e\u0437\u043e\u043b\u043e\u0442\u043e\u0439, \u043d\u0430\u043f\u043e\u043b\u043d\u0438\u0432 \u0434\u043e\u043c \u0437\u0430\u043a\u0430\u0437\u0447\u0438\u043a\u0430 \u043d\u0430\u0441\u0442\u043e\u044f\u0449\u0438\u043c \u0434\u0443\u0445\u043e\u043c \u0431\u043b\u0430\u0433\u043e\u0440\u043e\u0434\u0441\u0442\u0432\u0430 \u0438 \u0432\u0435\u043b\u0438\u0447\u0438\u0435\u043c \u0434\u0440\u0435\u0432\u043d\u0438\u0445 \u0437\u0430\u043c\u043a\u043e\u0432.<\/p>\n<p style=\"text-align: justify;\">\u0412\u0441\u0435 \u044d\u0442\u0438 \u043d\u0435\u043f\u0440\u043e\u0441\u0442\u044b\u0435 \u0440\u0430\u0431\u043e\u0442\u044b \u043f\u0440\u0438\u0432\u044b\u0447\u043d\u044b \u0434\u043b\u044f \u043c\u0430\u0441\u0442\u0435\u0440\u043e\u0432, \u0441\u0442\u0440\u043e\u0438\u0442\u0435\u043b\u044c\u043d\u044b\u0445 \u0441\u043f\u0435\u0446\u0438\u0430\u043b\u0438\u0441\u0442\u043e\u0432 \u0438 \u0445\u0443\u0434\u043e\u0436\u043d\u0438\u043a\u043e\u0432 AS \u00abB\u016bvuz\u0146\u0113mums Restaurators\u00bb, \u0432\u0435\u0434\u044c \u044d\u0442\u0438\u043c \u043f\u0440\u043e\u043c\u044b\u0441\u043b\u043e\u043c \u043e\u043d\u0438 \u0437\u0430\u043d\u0438\u043c\u0430\u044e\u0442\u0441\u044f \u0441 1951 \u0433\u043e\u0434\u0430.<\/p>\n<p style=\"text-align: justify;\"><a href=\"http:\/\/www.restaurators.lv\/en\/wp-content\/uploads\/2016\/04\/011-Kurzemes-apgabaltiesa-1201-MID.jpg\" rel=\"attachment wp-att-1201\"><img loading=\"lazy\" decoding=\"async\" class=\"aligncenter wp-image-1201\" src=\"http:\/\/www.restaurators.lv\/en\/wp-content\/uploads\/2016\/04\/011-Kurzemes-apgabaltiesa-1201-MID.jpg\" alt=\"Kurzemes apgabaltiesas nams 011\" width=\"800\" height=\"533\" srcset=\"http:\/\/www.restaurators.lv\/ru\/wp-content\/uploads\/2016\/04\/011-Kurzemes-apgabaltiesa-1201-MID.jpg 1800w, http:\/\/www.restaurators.lv\/ru\/wp-content\/uploads\/2016\/04\/011-Kurzemes-apgabaltiesa-1201-MID-300x200.jpg 300w, http:\/\/www.restaurators.lv\/ru\/wp-content\/uploads\/2016\/04\/011-Kurzemes-apgabaltiesa-1201-MID-768x512.jpg 768w, http:\/\/www.restaurators.lv\/ru\/wp-content\/uploads\/2016\/04\/011-Kurzemes-apgabaltiesa-1201-MID-1024x683.jpg 1024w, http:\/\/www.restaurators.lv\/ru\/wp-content\/uploads\/2016\/04\/011-Kurzemes-apgabaltiesa-1201-MID-225x150.jpg 225w, http:\/\/www.restaurators.lv\/ru\/wp-content\/uploads\/2016\/04\/011-Kurzemes-apgabaltiesa-1201-MID-150x100.jpg 150w\" sizes=\"(max-width: 800px) 100vw, 800px\" \/><\/a><\/p>\n","protected":false},"excerpt":{"rendered":"<p>AS \u00abB\u016bvuz\u0146\u0113mums Restaurators\u00bb \u043e\u0442\u043b\u0438\u0447\u0430\u0435\u0442\u0441\u044f \u043e\u0442 \u043a\u043b\u0430\u0441\u0441\u0438\u0447\u0435\u0441\u043a\u0438\u0445 \u0441\u0442\u0440\u043e\u0438\u0442\u0435\u043b\u044c\u043d\u044b\u0445 \u043f\u0440\u0435\u0434\u043f\u0440\u0438\u044f\u0442\u0438\u0439 \u0442\u0435\u043c, \u0447\u0442\u043e \u0441\u043f\u0435\u0446\u0438\u0430\u043b\u0438\u0437\u0438\u0440\u0443\u0435\u0442\u0441\u044f \u043d\u0430 \u0440\u0435\u0430\u043b\u0438\u0437\u0430\u0446\u0438\u0438 \u043f\u0440\u043e\u0435\u043a\u0442\u043e\u0432 \u043f\u043e \u0440\u0435\u0441\u0442\u0430\u0432\u0440\u0430\u0446\u0438\u0438, \u0440\u0435\u043d\u043e\u0432\u0430\u0446\u0438\u0438 \u0438 \u0440\u0435\u043a\u043e\u043d\u0441\u0442\u0440\u0443\u043a\u0446\u0438\u0438. \u041d\u0430\u043a\u043e\u043f\u043b\u0435\u043d\u043d\u044b\u0439 \u0434\u0435\u0441\u044f\u0442\u0438\u043b\u0435\u0442\u0438\u044f\u043c\u0438 \u0432 \u044d\u0442\u0438\u0445 \u0441\u043f\u0435\u0446\u0438\u0444\u0438\u0447\u0435\u0441\u043a\u0438\u0445 \u0438 \u0441\u043b\u043e\u0436\u043d\u044b\u0445 \u043f\u0440\u043e\u0435\u043a\u0442\u0430\u0445 \u043e\u043f\u044b\u0442 \u043f\u043e\u0437\u0432\u043e\u043b\u044f\u0435\u0442 \u0443\u0441\u043f\u0435\u0448\u043d\u043e \u043f\u0440\u043e\u0438\u0437\u0432\u043e\u0434\u0438\u0442\u044c \u043f\u0440\u0430\u043a\u0442\u0438\u0447\u0435\u0441\u043a\u0438 \u043b\u044e\u0431\u044b\u0435 \u0441\u0442\u0440\u043e\u0438\u0442\u0435\u043b\u044c\u043d\u044b\u0435 \u0440\u0430\u0431\u043e\u0442\u044b, \u0440\u0435\u0448\u0430\u044f \u0442\u0435\u0445\u043d\u0438\u0447\u0435\u0441\u043a\u0438\u0435 \u0437\u0430\u0434\u0430\u0447\u0438 \u043b\u044e\u0431\u043e\u0433\u043e \u0443\u0440\u043e\u0432\u043d\u044f \u0441\u043b\u043e\u0436\u043d\u043e\u0441\u0442\u0438. \u0421\u0442\u0440\u043e\u0438\u0442\u0435\u043b\u044c\u043d\u044b\u0439 \u043f\u0440\u043e\u0446\u0435\u0441\u0441, \u043f\u043e\u0438\u0441\u043a \u043e\u0440\u0438\u0433\u0438\u043d\u0430\u043b\u044c\u043d\u044b\u0445 \u0441\u0442\u0440\u043e\u0438\u0442\u0435\u043b\u044c\u043d\u044b\u0445 \u0440\u0435\u0448\u0435\u043d\u0438\u0439, \u0442\u0435\u0441\u043d\u043e\u0435 \u0441\u043e\u0442\u0440\u0443\u0434\u043d\u0438\u0447\u0435\u0441\u0442\u0432\u043e \u0441 \u043f\u0440\u043e\u0435\u043a\u0442\u0438\u0440\u043e\u0432\u0449\u0438\u043a\u0430\u043c\u0438, \u0441\u043e\u0433\u043b\u0430\u0441\u043e\u0432\u0430\u043d\u0438\u0435 \u0441\u0442\u0440\u043e\u0438\u0442\u0435\u043b\u044c\u043d\u044b\u0445 \u043f\u0440\u043e\u0435\u043a\u0442\u043e\u0432 \u043d\u0430\u2026<\/p>\n<p class=\"continue-reading-button\"> <a class=\"continue-reading-link\" href=\"http:\/\/www.restaurators.lv\/ru\/uslugi\/stroiteljnye-raboty\/\">\u0427\u0438\u0442\u0430\u0442\u044c \u0434\u0430\u043b\u0435\u0435<i class=\"crycon-right-dir\"><\/i><\/a><\/p>\n","protected":false},"author":2,"featured_media":0,"parent":330,"menu_order":3,"comment_status":"closed","ping_status":"closed","template":"","meta":{"footnotes":""},"_links":{"self":[{"href":"http:\/\/www.restaurators.lv\/ru\/wp-json\/wp\/v2\/pages\/830"}],"collection":[{"href":"http:\/\/www.restaurators.lv\/ru\/wp-json\/wp\/v2\/pages"}],"about":[{"href":"http:\/\/www.restaurators.lv\/ru\/wp-json\/wp\/v2\/types\/page"}],"author":[{"embeddable":true,"href":"http:\/\/www.restaurators.lv\/ru\/wp-json\/wp\/v2\/users\/2"}],"replies":[{"embeddable":true,"href":"http:\/\/www.restaurators.lv\/ru\/wp-json\/wp\/v2\/comments?post=830"}],"version-history":[{"count":8,"href":"http:\/\/www.restaurators.lv\/ru\/wp-json\/wp\/v2\/pages\/830\/revisions"}],"predecessor-version":[{"id":2310,"href":"http:\/\/www.restaurators.lv\/ru\/wp-json\/wp\/v2\/pages\/830\/revisions\/2310"}],"up":[{"embeddable":true,"href":"http:\/\/www.restaurators.lv\/ru\/wp-json\/wp\/v2\/pages\/330"}],"wp:attachment":[{"href":"http:\/\/www.restaurators.lv\/ru\/wp-json\/wp\/v2\/media?parent=830"}],"curies":[{"name":"wp","href":"https:\/\/api.w.org\/{rel}","templated":true}]}}